{"id":218438,"date":"2023-02-22T16:06:59","date_gmt":"2023-02-22T15:06:59","guid":{"rendered":"https:\/\/hellowp.io\/hu\/?post_type=product&#038;p=218438"},"modified":"2026-04-03T13:46:30","modified_gmt":"2026-04-03T12:46:30","slug":"helloshield","status":"publish","type":"product","link":"https:\/\/hellowp.io\/hu\/t\/helloshield\/","title":{"rendered":"HelloShield: Webshop \u00e9s weboldal karbantart\u00e1s"},"content":{"rendered":"<p>\r\n  Miut\u00e1n elk\u00e9sz\u00fclt egy weboldal,\r\n  <strong>fontos, hogy megfelel\u0151 karbantart\u00e1st \u00e9s v\u00e9delmet kapjon<\/strong>. A\r\n  webfejleszt\u0151 c\u00e9gek z\u00f6mmel olyan ny\u00edlt forr\u00e1s\u00fa szoftverekkel dolgoznak (p\u00e9ld\u00e1ul\r\n  WordPress, WooCommerce), amelyeket \u00e1tad\u00e1s ut\u00e1n rendszeresen friss\u00edteni kell.\r\n  Friss\u00edt\u00e9skor az oldal \u00faj funkci\u00f3kat kaphat, vagy mondjuk biztons\u00e1gi hib\u00e1kat\r\n  jav\u00edthatunk \u00e1ltaluk.\r\n<\/p>\r\n<p>\r\n  \u00c1ltal\u00e1ban az a probl\u00e9ma, hogy amint elk\u00e9sz\u00fcl a weboldal, onnant\u00f3l nincs aki\r\n  rendszeresen karbantartsa, friss\u00edtse, hiszen a fejleszt\u0151 elv\u00e9gezte a munk\u00e1j\u00e1t,\r\n  l\u00e9trej\u00f6tt az oldal, a t\u00e1rhelyszolg\u00e1ltat\u00f3k pedig nem \u00e9rtenek hozz\u00e1 \u00e9s idej\u00fck\r\n  sincs r\u00e1.\r\n  <strong\r\n    >Itt j\u00f6v\u00fcnk k\u00e9pbe mi!<\/strong\r\n  >\r\n<\/p>\r\n<p>\r\n  <strong class=\"underline underline-3 underline-warning\" \r\n    >Ez a szolg\u00e1ltat\u00e1s b\u00e1rmilyen t\u00e1rhelyen m\u0171k\u00f6dik, nem sz\u00fcks\u00e9ges a weboldalt k\u00f6lt\u00f6ztetni. Az aj\u00e1nlat 1 weboldalra \u00e9rv\u00e9nyes. \r\n  <\/strong>\r\n<\/p>\r\n<h4 class=\"underline-deep-primary\">Mit kapsz t\u0151l\u00fcnk?<\/h4>\r\n<div id=\"whyus-1\">\r\n  <div class=\"rounded-3 pt-3\">\r\n    <div\r\n      class=\"border border-orange border-4 border-top-0 border-end-0 border-bottom-0 ps-2\"\r\n    >\r\n      <small>L\u00e9gy naprak\u00e9sz<\/small>\r\n      <h5 class=\"mb-0\">Karbantart\u00e1st \u00e9s friss\u00edt\u00e9st<\/h5>\r\n    <\/div>\r\n    <p class=\"mb-0 p-2 pb-0\">\r\n      Rendszeresen karbantartjuk \u00e9s friss\u00edtj\u00fck a weboldalad \u00f6sszes r\u00e9sz\u00e9t,\r\n      b\u0151v\u00edtm\u00e9nyeket, sablont stb\u2026\r\n    <\/p>\r\n  <\/div>\r\n<\/div>\r\n<hr \/>\r\n\r\n<div id=\"whyus-1\">\r\n  <div class=\"rounded-3 pt-3\">\r\n    <div\r\n      class=\"border border-orange border-4 border-top-0 border-end-0 border-bottom-0 ps-2\"\r\n    >\r\n      <small>100%-os v\u00e9delem nincs, de t\u00f6reksz\u00fcnk r\u00e1<\/small>\r\n      <h5 class=\"mb-0\">V\u00edruskeres\u00e9s<\/h5>\r\n    <\/div>\r\n    <p class=\"mb-0 p-2 pb-0\">\r\n      Folyamatosan (terhel\u00e9s mentesen) ellen\u0151rizz\u00fck a weboldalad \u00e1llapot\u00e1t \u00e9s\r\n      amennyiben felt\u00f6r\u00e9si k\u00eds\u00e9rletet \u00e9szlel\u00fcnk, akkor megoldjuk a probl\u00e9m\u00e1t.\r\n    <\/p>\r\n  <\/div>\r\n<\/div>\r\n\r\n<hr \/>\r\n\r\n<div id=\"whyus-1\">\r\n  <div class=\"rounded-3 pt-3\">\r\n    <div\r\n      class=\"border border-success border-4 border-top-0 border-end-0 border-bottom-0 ps-2\"\r\n    >\r\n      <small>Nyugodtan alhatsz<\/small>\r\n      <h5 class=\"mb-0\">24 \u00f3r\u00e1s fel\u00fcgyelet<\/h5>\r\n    <\/div>\r\n    <p class=\"mb-0 p-2 pb-0\">\r\n      K\u00f6vetj\u00fck, hogy az oldalad megfelel\u0151en m\u0171k\u00f6dik-e \u00e9s ha b\u00e1rmilyen hib\u00e1t\r\n      tapasztalunk, akkor azt ellen\u0151rizz\u00fck.\r\n    <\/p>\r\n  <\/div>\r\n<\/div>\r\n\r\n<hr \/>\r\n\r\n<div id=\"whyus-1\">\r\n  <div class=\"rounded-3 pt-3\">\r\n    <div\r\n      class=\"border border-success border-4 border-top-0 border-end-0 border-bottom-0 ps-2\"\r\n    >\r\n      <small>Biztons\u00e1gos admin<\/small>\r\n      <h5 class=\"mb-0\">Admin jelsz\u00f3felt\u00f6r\u00e9s megakad\u00e1lyoz\u00e1sa<\/h5>\r\n    <\/div>\r\n    <p class=\"mb-0 p-2 pb-0\">\r\n      Komplett megold\u00e1st k\u00edn\u00e1lunk arra az esetre, ha valaki\/valami megpr\u00f3b\u00e1ln\u00e1\r\n      kital\u00e1lni egy admin jelszav\u00e1t pr\u00f3b\u00e1lgat\u00e1sokkal.\r\n    <\/p>\r\n  <\/div>\r\n<\/div>\r\n\r\n<hr \/>\r\n\r\n<div id=\"whyus-1\">\r\n  <div class=\"rounded-3 pt-3\">\r\n    <div\r\n      class=\"border border-primary border-4 border-top-0 border-end-0 border-bottom-0 ps-2\"\r\n    >\r\n      <small>Emberek vagyunk, hib\u00e1zhatunk!<\/small>\r\n      <h5 class=\"mb-0\">Rendszeres ment\u00e9s<\/h5>\r\n    <\/div>\r\n    <p class=\"mb-0 p-2 pb-0\">\r\n      Nem csak a k\u00e1ros robotokt\u00f3l kell megv\u00e9deni az oldalt, hanem n\u00e9ha a\r\n      szerkeszt\u0151kt\u0151l is. Napi ment\u00e9st v\u00e9gz\u00fcnk az oldalr\u00f3l, amit 1 h\u00e9tig\r\n      t\u00e1rolunk, \u00edgy b\u00e1rmikor visszat\u00e9rhetsz egy kor\u00e1bbi \u00e1llapothoz.\r\n    <\/p>\r\n  <\/div>\r\n<\/div>\r\n\r\n<hr \/>\r\n\r\n<div id=\"whyus-2\">\r\n  <div class=\"rounded-3\">\r\n    <div\r\n      class=\"border border-success border-4 border-top-0 border-end-0 border-bottom-0 ps-2\"\r\n    >\r\n      <small>Val\u00f3di szak\u00e9rt\u0151kt\u0151l<\/small>\r\n      <h5 class=\"mb-0\">Hibajav\u00edt\u00e1st<\/h5>\r\n    <\/div>\r\n    <p class=\"mb-0 p-2 pb-0\">\r\n      Valami elromlott a friss\u00edt\u00e9sek miatt? K\u00fcl\u00f6n k\u00f6lts\u00e9g n\u00e9lk\u00fcl megjav\u00edtjuk.\r\n    <\/p>\r\n  <\/div>\r\n<\/div>\r\n<hr \/>\r\n\r\n<div id=\"whyus-2\">\r\n  <div class=\"rounded-3\">\r\n    <div\r\n      class=\"border border-success border-4 border-top-0 border-end-0 border-bottom-0 ps-2\"\r\n    >\r\n      <small>0 SPAM hozz\u00e1sz\u00f3l\u00e1s<\/small>\r\n      <h5 class=\"mb-0\">K\u00e9retlen kommentek, SPAM-v\u00e9delmet<\/h5>\r\n    <\/div>\r\n    <p class=\"mb-0 p-2 pb-0\">\r\n      Megsz\u0171nnek az ideges\u00edt\u0151 k\u00e9retlen\/SPAM hozz\u00e1sz\u00f3l\u00e1sok. Nem kell agg\u00f3dnod t\u00f6bbet, hogy\r\n      b\u00fcntet\u00e9st kap az oldalad a Google-ben a kommentek miatt.\r\n    <\/p>\r\n  <\/div>\r\n<\/div>\r\n<hr \/>\r\n\r\n<div id=\"whyus-2\">\r\n  <div class=\"rounded-3\">\r\n    <div\r\n      class=\"border border-success border-4 border-top-0 border-end-0 border-bottom-0 ps-2\"\r\n    >\r\n      <small>0 BOT regisztr\u00e1ci\u00f3<\/small>\r\n      <h5 class=\"mb-0\">Robot regisztr\u00e1ci\u00f3k elleni v\u00e9delem<\/h5>\r\n    <\/div>\r\n    <p class=\"mb-0 p-2 pb-0\">\r\n      Teljesen megsz\u0171nnek a robot regisztr\u00e1ci\u00f3k az oldalon.\r\n    <\/p>\r\n  <\/div>\r\n<\/div>\r\n<hr \/>\r\n<div id=\"whyus-2\">\r\n  <div class=\"rounded-3\">\r\n    <div\r\n      class=\"border border-success border-4 border-top-0 border-end-0 border-bottom-0 ps-2\"\r\n    >\r\n      <small>Csak val\u00f3s felhaszn\u00e1l\u00f3k<\/small>\r\n      <h5 class=\"mb-0\">Kamu felhaszn\u00e1l\u00f3k\/v\u00e1s\u00e1rl\u00f3k tilt\u00e1sa ut\u00f3lag (is)<\/h5>\r\n    <\/div>\r\n    <p class=\"mb-0 p-2 pb-0\">\r\n      A t\u00f6bb 10.000.000 k\u00e1ros IP-t tartalmaz\u00f3 adatb\u00e1zisunknak k\u00f6sz\u00f6nhet\u0151en\r\n      ut\u00f3lag is ki tudjuk sz\u0171rni a kamu felhaszn\u00e1l\u00f3kat \u00e9s meg tudjuk tiszt\u00edtani\r\n      az adatb\u00e1zisodat.\r\n    <\/p>\r\n  <\/div>\r\n<\/div>\r\n<hr \/>\r\n<div id=\"whyus-2\">\r\n  <div class=\"rounded-3\">\r\n    <div\r\n      class=\"border border-success border-4 border-top-0 border-end-0 border-bottom-0 ps-2\"\r\n    >\r\n      <small>\u00dcgyf\u00e9lszolg\u00e1lati teher cs\u00f6kkent\u00e9s<\/small>\r\n      <h5 class=\"mb-0\">Hib\u00e1s\/el\u00edrt e-mail ellen\u0151rz\u00e9s <span class=\"badge badge-small bg-orange text-uppercase\">\u00daj<\/span><\/h5>\r\n    <\/div>\r\n    <p class=\"mb-0 p-2 pb-0\">\r\n     Ez egy k\u00e9nyelmes megold\u00e1s arra, hogy ne ronts\u00e1k el a v\u00e1s\u00e1rl\u00f3k az email c\u00edmeket, mert az \u00e9rtes\u00edt\u00e9sek\/visszaigazol\u00e1sok hi\u00e1ny\u00e1ban sokszor nem veszik \u00e1t a rendel\u00e9seket. Fontos, hogy nem lehet megakasztani a v\u00e1s\u00e1rl\u00e1s folyamat\u00e1t hiteles\u00edt\u00e9ssel \u00e9s pr\u00f3ba email k\u00fcld\u00e9ssel, ez\u00e9rt a h\u00e1tt\u00e9rben fut az ellen\u0151rz\u00e9s. Ha rossz a c\u00edm, akkor nem engedi a rendszer leadni a rendel\u00e9st, vagy elk\u00fcldeni a regisztr\u00e1ci\u00f3t.\r\n    <\/p>\r\n  <\/div>\r\n<\/div>\r\n<hr \/>\r\n<div id=\"whyus-2\">\r\n  <div class=\"rounded-3\">\r\n    <div\r\n      class=\"border border-success border-4 border-top-0 border-end-0 border-bottom-0 ps-2\"\r\n    >\r\n      <small>Ne k\u00f6lts erre sem!<\/small>\r\n      <h5 class=\"mb-0\">Ingyenes HTTPS\/SSL-t<\/h5>\r\n    <\/div>\r\n    <p class=\"mb-0 p-2 pb-0\">\r\n      M\u00e9g nem HTTPS\/SSL az oldalad el\u00e9r\u00e9se vagy fizetsz \u00e9rte? Seg\u00edt\u00fcnk neked\r\n      ebben \u00e9s erre sem kell k\u00f6ltened a j\u00f6v\u0151ben.\r\n    <\/p>\r\n  <\/div>\r\n<\/div>\r\n\r\n\r\n<div class=\"col mb-4 mt-4\">\r\n  <div class=\"shadow bg-block rounded-3 h-100 p-4\">\r\n    <div class=\"d-flex position-relative\">\r\n      <span class=\"pe-3 flex-shrink-0\">\r\n\t<i class=\"text-primary fa-light fa-tags fa-3x mb-auto\" aria-hidden=\"true\"><\/i>\r\n\t<\/span>\r\n      <div>\r\n        <h2 class=\"mb-0 h5\">\r\n    \tWhite-label term\u00e9k <span class=\"badge badge-small bg-orange text-uppercase\">\u00daj<\/span>\r\n        <\/h2>\r\n        <p class=\"mb-0\">\r\nEzt a szolg\u00e1ltat\u00e1st nyugodtan be\u00e9p\u00edtheted a szolg\u00e1ltat\u00e1saidba, \u00e1rgaranci\u00e1t v\u00e1llalunk r\u00e1 \u00e9s white-label m\u00f3don is m\u0171k\u00f6dik. Ha szeretn\u00e9d, akkor az \u00fcgyfeled semmit nem fog \u00e9szlelni a jelenl\u00e9t\u00fcnkb\u0151l. \r\n        <\/p>\r\n      <\/div>\r\n    <\/div>\r\n  <\/div>\r\n<\/div>\r\n\r\n\r\n\n","protected":false},"excerpt":{"rendered":"<p>Teljes k\u00f6r\u0171 karbantart\u00e1s, biztons\u00e1g, friss\u00edt\u00e9s \u00e9s tan\u00e1csad\u00e1s. [&#8230;]<\/p>\n<p><a class=\"btn btn-secondary understrap-read-more-link\" href=\"https:\/\/hellowp.io\/hu\/t\/helloshield\/\">Read More&#8230;<span class=\"screen-reader-text\"> from HelloShield: Webshop \u00e9s weboldal karbantart\u00e1s<\/span><\/a><\/p>\n","protected":false},"featured_media":221582,"comment_status":"open","ping_status":"closed","template":"","meta":{"_seopress_robots_primary_cat":"none","_seopress_titles_title":"HelloShield: Webshop \u00e9s weboldal karbantart\u00e1s","_seopress_titles_desc":"Teljes k\u00f6r\u0171 karbantart\u00e1s, biztons\u00e1g, friss\u00edt\u00e9s \u00e9s tan\u00e1csad\u00e1s. ","_seopress_robots_index":""},"product_brand":[],"product_cat":[293],"product_tag":[294,161,106,107,108],"class_list":{"0":"post-218438","1":"product","2":"type-product","3":"status-publish","4":"has-post-thumbnail","6":"product_cat-uzemeltetes","7":"product_tag-biztonsag","8":"product_tag-m","9":"product_tag-webshop-uzemeltetes","10":"product_tag-woocommerce-uzemeltetes","11":"product_tag-wordpress-uzemeltetes","13":"first","14":"instock","15":"taxable","16":"shipping-taxable","17":"purchasable","18":"product-type-variable-subscription","19":"has-default-attributes"},"_links":{"self":[{"href":"https:\/\/hellowp.io\/hu\/wp-json\/wp\/v2\/product\/218438","targetHints":{"allow":["GET"]}}],"collection":[{"href":"https:\/\/hellowp.io\/hu\/wp-json\/wp\/v2\/product"}],"about":[{"href":"https:\/\/hellowp.io\/hu\/wp-json\/wp\/v2\/types\/product"}],"replies":[{"embeddable":true,"href":"https:\/\/hellowp.io\/hu\/wp-json\/wp\/v2\/comments?post=218438"}],"wp:featuredmedia":[{"embeddable":true,"href":"https:\/\/hellowp.io\/hu\/wp-json\/wp\/v2\/media\/221582"}],"wp:attachment":[{"href":"https:\/\/hellowp.io\/hu\/wp-json\/wp\/v2\/media?parent=218438"}],"wp:term":[{"taxonomy":"product_brand","embeddable":true,"href":"https:\/\/hellowp.io\/hu\/wp-json\/wp\/v2\/product_brand?post=218438"},{"taxonomy":"product_cat","embeddable":true,"href":"https:\/\/hellowp.io\/hu\/wp-json\/wp\/v2\/product_cat?post=218438"},{"taxonomy":"product_tag","embeddable":true,"href":"https:\/\/hellowp.io\/hu\/wp-json\/wp\/v2\/product_tag?post=218438"}],"curies":[{"name":"wp","href":"https:\/\/api.w.org\/{rel}","templated":true}]}}