{"id":218423,"date":"2023-02-22T15:41:44","date_gmt":"2023-02-22T14:41:44","guid":{"rendered":"https:\/\/hellowp.io\/hu\/?post_type=product&#038;p=218423"},"modified":"2025-02-04T20:21:54","modified_gmt":"2025-02-04T19:21:54","slug":"facebook-kampany-csomag-webaruhazak-szamara","status":"publish","type":"product","link":"https:\/\/hellowp.io\/hu\/t\/facebook-kampany-csomag-webaruhazak-szamara\/","title":{"rendered":"Facebook hirdet\u00e9skezel\u00e9s web\u00e1ruh\u00e1zak sz\u00e1m\u00e1ra"},"content":{"rendered":"<h2 class=\"h4 underline-deep-primary\">Mit tartalmaz az el\u0151fizet\u00e9s?<\/h2>\n<p>Az el\u0151fizet\u00e9s <strong>k\u00e9t Facebook hirdet\u00e9s kamp\u00e1ny<\/strong> (forgalom \u00e9s dinamikus katal\u00f3gus) <strong>megtervez\u00e9s\u00e9t<\/strong>, <strong>l\u00e9trehoz\u00e1s\u00e1t<\/strong> \u00e9s azok folyamatos <strong>elemz\u00e9s\u00e9t<\/strong>, <strong>optimaliz\u00e1l\u00e1s\u00e1t<\/strong> tartalmazza, ez\u00e1ltal hirdet\u00e9seid mindig a lehet\u0151 legjobb teljes\u00edtm\u00e9nnyel futhatnak a platformon. T\u00f6bb \u00e9ves tapasztalatunknak, illetve kifinomult automatiz\u00e1lt rendszer\u00fcnknek k\u00f6sz\u00f6nhet\u0151en k\u00e9pesek vagyunk megtal\u00e1lni v\u00e1llalkoz\u00e1sod sz\u00e1m\u00e1ra a legrelev\u00e1nsabb c\u00e9lk\u00f6z\u00f6ns\u00e9get, \u00e9s a legjobb hirdet\u00e9si strat\u00e9gi\u00e1kat, amelyek maximaliz\u00e1lhatj\u00e1k a web\u00e1ruh\u00e1zad forgalm\u00e1t \u00e9s magas megt\u00e9r\u00fcl\u00e9st eredm\u00e9nyezhetnek.<\/p>\n<h2 class=\"h4 underline-deep-primary\">Technikai t\u00e1mogat\u00e1s<\/h2>\n<p><strong>WooCommerce<\/strong> web\u00e1ruh\u00e1z eset\u00e9n biztos\u00edtjuk a technikai h\u00e1tteret \u00e9s a sz\u00fcks\u00e9ges pr\u00e9mium b\u0151v\u00edtm\u00e9nyeket, <strong><u>elv\u00e9gezz\u00fck a sz\u00fcks\u00e9ges be\u00e1ll\u00edt\u00e1sokat amik a hirdet\u00e9sek futtat\u00e1s\u00e1hoz sz\u00fcks\u00e9gesek<\/u>.<\/strong><\/p>\n<h2 class=\"h4 underline-deep-primary\">Mi az a forgalom kamp\u00e1ny?<\/h2>\n<p>A forgalom kamp\u00e1ny seg\u00edts\u00e9g\u00e9vel <strong>fokozhatod<\/strong> a weboldalad <strong>l\u00e1togatotts\u00e1g\u00e1t<\/strong>, \u00e9s <strong>n\u00f6velheted<\/strong> az <strong>\u00e9rt\u00e9kes\u00edt\u00e9si lehet\u0151s\u00e9geidet<\/strong>. A <strong>kamp\u00e1ny c\u00e9lja<\/strong> az, hogy min\u00e9l t\u00f6bb <strong>l\u00e1togat\u00f3t vonzzon<\/strong> az oldaladra, \u00e9s magas min\u0151s\u00e9g\u0171 <strong>forgalmat gener\u00e1ljon<\/strong>, amely konverzi\u00f3khoz \u00e9s <strong>elad\u00e1sokhoz vezethet<\/strong>. Kiv\u00e1l\u00f3 kamp\u00e1nyt\u00edpus a relev\u00e1ns c\u00e9lk\u00f6z\u00f6ns\u00e9gek megtal\u00e1l\u00e1s\u00e1hoz \u00e9s tesztel\u00e9s\u00e9hez.<\/p>\n<h2 class=\"h4 underline-deep-primary\">Mi az a dinamikus katal\u00f3gus kamp\u00e1ny?<\/h2>\n<p>A <strong>dinamikus katal\u00f3gus kamp\u00e1nyunk<\/strong> tapasztalataink szerint a <strong><u>leghat\u00e9konyabb kamp\u00e1ny t\u00edpusunk<\/u><\/strong>, amely tov\u00e1bbi lehet\u0151s\u00e9get k\u00edn\u00e1l arra, hogy <strong>n\u00f6veld az elad\u00e1saidat<\/strong>. Ennek a kamp\u00e1nynak a seg\u00edts\u00e9g\u00e9vel megjelen\u00edtj\u00fck teljes term\u00e9kk\u00edn\u00e1latod magasan konvert\u00e1l\u00f3, kreat\u00edv form\u00e1ban a potenci\u00e1lis c\u00e9lk\u00f6z\u00f6ns\u00e9ged sz\u00e1m\u00e1ra Facebookon \u00e9s Instagrammon.<\/p>\n<h2 class=\"h4 underline-deep-primary\">Mi t\u00f6rt\u00e9nik v\u00e1s\u00e1rl\u00e1s ut\u00e1n?<\/h2>\n<p>A v\u00e1s\u00e1rl\u00e1s ut\u00e1n koll\u00e9g\u00e1nk felkeres email-ben, vagy telefonon ahol egyeztettek a tov\u00e1bbi teend\u0151kr\u0151l.<\/p>\n<h2 class=\"h4 underline-deep-primary\">Hogyan m\u0171k\u00f6dik?<\/h2>\n<ol>\n<li>Az egyeztet\u00e9s ut\u00e1n k\u00fcld\u00fcnk egy r\u00e9szletes \u00fatmutat\u00f3t arr\u00f3l, hogyan tudsz r\u00e9szleges hozz\u00e1f\u00e9r\u00e9st adni munkat\u00e1rsunknak a hirdet\u00e9skezel\u0151 fi\u00f3kodhoz.<\/li>\n<li>Elemezz\u00fck web\u00e1ruh\u00e1zad, term\u00e9kk\u00edn\u00e1latod, illetve a konkurenci\u00e1d, majd tapasztalatunk \u00e9s saj\u00e1t automatiz\u00e1lt rendszer\u00fcnk seg\u00edts\u00e9g\u00e9vel meghat\u00e1rozzuk a potenci\u00e1lis c\u00e9lk\u00f6z\u00f6ns\u00e9ged.<\/li>\n<li>L\u00e9trehozzuk a forgalom kamp\u00e1nyod, aminek seg\u00edts\u00e9g\u00e9vel meg\u00e1llap\u00edtjuk a legrelev\u00e1nsabb c\u00e9lk\u00f6z\u00f6ns\u00e9ged.<\/li>\n<li>L\u00e9trehozzuk a dinamikus katal\u00f3gus kamp\u00e1nyod a legrelev\u00e1nsabb c\u00e9lk\u00f6z\u00f6ns\u00e9ged sz\u00e1m\u00e1ra.<\/li>\n<li>Am\u00edg el\u0151fizet\u00e9sed akt\u00edv, folyamatosan elemezz\u00fck \u00e9s optimaliz\u00e1ljuk az \u00e1ltalunk k\u00e9sz\u00edtett kamp\u00e1nyokat, hogy stabilan a lehet\u0151 legjobb eredm\u00e9nyeket \u00e9rd el!<\/li>\n<\/ol>\n<h2 class=\"h4 border border-5 border-orange border-top-0 border-end-0 border-bottom-0 ps-2 pt-1\">Maradtak m\u00e9g k\u00e9rd\u00e9seid?<\/h2>\n<p><strong>Milyen k\u00f6lts\u00e9gkerettel sz\u00fcks\u00e9ges futtatni a hirdet\u00e9seket, mennyit kell havonta a hirdet\u00e9sekbe fektetnem?<\/strong><\/p>\n<p>Erre pontos \u00e9s univerz\u00e1lis v\u00e1lasz sajnos nincs, mivel minden v\u00e1llalkoz\u00e1s m\u00e1s, illetve vannak egy\u00e9b befoly\u00e1sol\u00f3 t\u00e9nyez\u0151k (milyen fajta \u00e9s h\u00e1ny term\u00e9ket \u00e9rt\u00e9kes\u00edtesz, milyen \u00e9s mekkora c\u00e9lk\u00f6z\u00f6ns\u00e9gnek, mik a hossz\u00fat\u00e1v\u00fa c\u00e9ljaid stb.). Amennyiben m\u00e9g a hirdet\u00e9skezel\u00e9s csomag megv\u00e1s\u00e1rl\u00e1sa el\u0151tt szeretn\u00e9l err\u0151l egyeztetni, \u00fagy azt <u><strong>d\u00edjmentesen megteheted<\/strong><\/u>, csak \u00edrj nek\u00fcnk egy e-mailt, vagy l\u00e9pj fel Discord csatorn\u00e1nkra \u00e9s meghat\u00e1rozzuk, hogy nagyj\u00e1b\u00f3l milyen havi k\u00f6lts\u00e9ggel volna \u00e9rdemes a hirdet\u00e9seket futtatni, \u00edgy el\u0151re kisz\u00e1m\u00edthatod, hogy milyen m\u00e9rt\u00e9k\u0171 havi befektet\u00e9ssel j\u00e1r a professzion\u00e1lis Facebook hirdet\u00e9sek futtat\u00e1sa.<\/p>\n<p><strong>B\u00e1rmikor lemondhatom az el\u0151fizet\u00e9st?<\/strong><\/p>\n<p>Igen, b\u00e1rmikor lemondhatod az el\u0151fizet\u00e9st a Fi\u00f3kom -&gt; El\u0151fizet\u00e9sek men\u00fcpontban.<\/p>\n<div class=\"col mb-4 mt-4\">\r\n  <div class=\"shadow bg-block rounded-3 h-100 p-4\">\r\n    <div class=\"d-flex position-relative\">\r\n      <span class=\"pe-3 flex-shrink-0\">\r\n\t<i class=\"text-primary fa-light fa-tags fa-3x mb-auto\" aria-hidden=\"true\"><\/i>\r\n\t<\/span>\r\n      <div>\r\n        <h2 class=\"mb-0 h5\">\r\n    \tWhite-label term\u00e9k <span class=\"badge badge-small bg-orange text-uppercase\">\u00daj<\/span>\r\n        <\/h2>\r\n        <p class=\"mb-0\">\r\nEzt a szolg\u00e1ltat\u00e1st nyugodtan be\u00e9p\u00edtheted a szolg\u00e1ltat\u00e1saidba, \u00e1rgaranci\u00e1t v\u00e1llalunk r\u00e1 \u00e9s white-label m\u00f3don is m\u0171k\u00f6dik. Ha szeretn\u00e9d, akkor az \u00fcgyfeled semmit nem fog \u00e9szlelni a jelenl\u00e9t\u00fcnkb\u0151l. \r\n        <\/p>\r\n      <\/div>\r\n    <\/div>\r\n  <\/div>\r\n<\/div>\n","protected":false},"excerpt":{"rendered":"<p class=\"mt-2\"><u><strong>Facebook forgalom \u00e9s dinamikus katal\u00f3gus kamp\u00e1nykezel\u00e9s webshopok r\u00e9sz\u00e9re.<\/strong><\/u><\/p>\n<p> [&#8230;]<\/p>\n<p><a class=\"btn btn-secondary understrap-read-more-link\" href=\"https:\/\/hellowp.io\/hu\/t\/facebook-kampany-csomag-webaruhazak-szamara\/\">Read More&#8230;<span class=\"screen-reader-text\"> from Facebook hirdet\u00e9skezel\u00e9s web\u00e1ruh\u00e1zak sz\u00e1m\u00e1ra<\/span><\/a><\/p>\n","protected":false},"featured_media":218431,"comment_status":"open","ping_status":"closed","template":"","meta":{"_seopress_robots_primary_cat":"none","_seopress_titles_title":"","_seopress_titles_desc":"Facebook forgalom \u00e9s dinamikus katal\u00f3gus kamp\u00e1nykezel\u00e9s webshopok r\u00e9sz\u00e9re.","_seopress_robots_index":""},"product_brand":[],"product_cat":[291,34],"product_tag":[],"class_list":{"0":"post-218423","1":"product","2":"type-product","3":"status-publish","4":"has-post-thumbnail","6":"product_cat-marketing","7":"product_cat-marketing-eszkozok","8":"wcpv_product_vendors-marketing-csapat","10":"first","11":"instock","12":"downloadable","13":"virtual","14":"purchasable","15":"product-type-subscription"},"_links":{"self":[{"href":"https:\/\/hellowp.io\/hu\/wp-json\/wp\/v2\/product\/218423","targetHints":{"allow":["GET"]}}],"collection":[{"href":"https:\/\/hellowp.io\/hu\/wp-json\/wp\/v2\/product"}],"about":[{"href":"https:\/\/hellowp.io\/hu\/wp-json\/wp\/v2\/types\/product"}],"replies":[{"embeddable":true,"href":"https:\/\/hellowp.io\/hu\/wp-json\/wp\/v2\/comments?post=218423"}],"wp:featuredmedia":[{"embeddable":true,"href":"https:\/\/hellowp.io\/hu\/wp-json\/wp\/v2\/media\/218431"}],"wp:attachment":[{"href":"https:\/\/hellowp.io\/hu\/wp-json\/wp\/v2\/media?parent=218423"}],"wp:term":[{"taxonomy":"product_brand","embeddable":true,"href":"https:\/\/hellowp.io\/hu\/wp-json\/wp\/v2\/product_brand?post=218423"},{"taxonomy":"product_cat","embeddable":true,"href":"https:\/\/hellowp.io\/hu\/wp-json\/wp\/v2\/product_cat?post=218423"},{"taxonomy":"product_tag","embeddable":true,"href":"https:\/\/hellowp.io\/hu\/wp-json\/wp\/v2\/product_tag?post=218423"}],"curies":[{"name":"wp","href":"https:\/\/api.w.org\/{rel}","templated":true}]}}