{"id":21352,"date":"2019-12-19T12:30:33","date_gmt":"2019-12-19T11:30:33","guid":{"rendered":"https:\/\/hellowp.io\/hu\/?post_type=product&#038;p=21352"},"modified":"2022-06-27T16:32:48","modified_gmt":"2022-06-27T15:32:48","slug":"divi-lablec-es-fejlec-8","status":"publish","type":"product","link":"https:\/\/hellowp.io\/hu\/t\/divi-lablec-es-fejlec-8\/","title":{"rendered":"Divi l\u00e1bl\u00e9c \u00e9s fejl\u00e9c #8"},"content":{"rendered":"<p><strong><u>A Divi fejl\u00e9c \u00e9s l\u00e1bl\u00e9c kezel\u00e9se nagyon egyszer\u0171<\/u>,<\/strong>\u00a0hiszen <a href=\"https:\/\/hellowp.io\/hu\/t\/divi-license-lifetime\/\">Divi<\/a> szerkeszt\u0151vel k\u00e9sz\u00fclt, teh\u00e1t b\u00e1rmikor (k\u00fcl\u00f6n\u00f6sebb szak\u00e9rtelem n\u00e9lk\u00fcl) tudod m\u00f3dos\u00edtani, szerkeszteni az \u00f6sszes r\u00e9sz\u00e9t.<\/p>\n<p><strong>Mit\u00a0<u>tartalmaz<\/u>\u00a0az aj\u00e1nlat?<\/strong><\/p>\n<ul>\n<li>A\u00a0<strong>teljes megjelen\u00e9st<\/strong>, a komplett fejl\u00e9cet \u00e9s l\u00e1bl\u00e9cet<\/li>\n<\/ul>\n<p><strong class=\"has-text-danger\"><u>FIGYELEM! A Divi fejl\u00e9c \u00e9s l\u00e1bl\u00e9c haszn\u00e1lat\u00e1hoz DIVI-re van sz\u00fcks\u00e9g! <\/u>Ha m\u00e9g nincs Divi-d, akkor mindenk\u00e9ppen vegy\u00e9l hozz\u00e1 egyet!<\/strong><\/p>\n","protected":false},"excerpt":{"rendered":"<p>A Divi fejl\u00e9c \u00e9s l\u00e1bl\u00e9c kezel\u00e9se nagyon egyszer\u0171,\u00a0hiszen Divi szerkeszt\u0151vel k\u00e9sz\u00fclt, teh\u00e1t b\u00e1rmikor (k\u00fcl\u00f6n\u00f6sebb szak\u00e9rtelem n\u00e9lk\u00fcl) tudod m\u00f3dos\u00edtani, szerkeszteni az \u00f6sszes r\u00e9sz\u00e9t. Mit\u00a0tartalmaz\u00a0az aj\u00e1nlat? A\u00a0teljes megjelen\u00e9st, a komplett fejl\u00e9cet \u00e9s l\u00e1bl\u00e9cet FIGYELEM! A Divi fejl\u00e9c \u00e9s l\u00e1bl\u00e9c haszn\u00e1lat\u00e1hoz DIVI-re van sz\u00fcks\u00e9g! Ha m\u00e9g nincs Divi-d, akkor mindenk\u00e9ppen vegy\u00e9l hozz\u00e1 egyet! [&#8230;]<\/p>\n<p><a class=\"btn btn-secondary understrap-read-more-link\" href=\"https:\/\/hellowp.io\/hu\/t\/divi-lablec-es-fejlec-8\/\">Read More&#8230;<span class=\"screen-reader-text\"> from Divi l\u00e1bl\u00e9c \u00e9s fejl\u00e9c #8<\/span><\/a><\/p>\n","protected":false},"featured_media":21353,"comment_status":"open","ping_status":"open","template":"","meta":{"_seopress_robots_primary_cat":"","_seopress_titles_title":"","_seopress_titles_desc":"Egyedi fejl\u00e9c \u00e9s l\u00e1bl\u00e9c Divihez.","_seopress_robots_index":""},"product_brand":[],"product_cat":[145,146],"product_tag":[160,148],"class_list":{"0":"post-21352","1":"product","2":"type-product","3":"status-publish","4":"has-post-thumbnail","6":"product_cat-divi","7":"product_cat-fejlecek-es-lablecek","8":"product_tag-d","9":"product_tag-divi-mega-fejlec-lablec","10":"wcpv_product_vendors-divi-mega-team","12":"first","13":"instock","14":"sale","15":"downloadable","16":"virtual","17":"taxable","18":"purchasable","19":"product-type-simple"},"_links":{"self":[{"href":"https:\/\/hellowp.io\/hu\/wp-json\/wp\/v2\/product\/21352","targetHints":{"allow":["GET"]}}],"collection":[{"href":"https:\/\/hellowp.io\/hu\/wp-json\/wp\/v2\/product"}],"about":[{"href":"https:\/\/hellowp.io\/hu\/wp-json\/wp\/v2\/types\/product"}],"replies":[{"embeddable":true,"href":"https:\/\/hellowp.io\/hu\/wp-json\/wp\/v2\/comments?post=21352"}],"wp:featuredmedia":[{"embeddable":true,"href":"https:\/\/hellowp.io\/hu\/wp-json\/wp\/v2\/media\/21353"}],"wp:attachment":[{"href":"https:\/\/hellowp.io\/hu\/wp-json\/wp\/v2\/media?parent=21352"}],"wp:term":[{"taxonomy":"product_brand","embeddable":true,"href":"https:\/\/hellowp.io\/hu\/wp-json\/wp\/v2\/product_brand?post=21352"},{"taxonomy":"product_cat","embeddable":true,"href":"https:\/\/hellowp.io\/hu\/wp-json\/wp\/v2\/product_cat?post=21352"},{"taxonomy":"product_tag","embeddable":true,"href":"https:\/\/hellowp.io\/hu\/wp-json\/wp\/v2\/product_tag?post=21352"}],"curies":[{"name":"wp","href":"https:\/\/api.w.org\/{rel}","templated":true}]}}