{"id":21033,"date":"2019-12-16T12:05:05","date_gmt":"2019-12-16T11:05:05","guid":{"rendered":"https:\/\/hellowp.io\/hu\/?post_type=product&#038;p=21033"},"modified":"2023-03-25T13:32:00","modified_gmt":"2023-03-25T12:32:00","slug":"200-divi-szekcio-sablon","status":"publish","type":"product","link":"https:\/\/hellowp.io\/hu\/t\/200-divi-szekcio-sablon\/","title":{"rendered":"200+ DIVI szekci\u00f3 sablon"},"content":{"rendered":"<p>\u00d6ssze\u00e1ll\u00edtottunk egy csomagot, aminek a seg\u00edts\u00e9g\u00e9vel k\u00f6nnyebben \u00e9s gyorsabban dolgozhatsz Divi-vel, hiszen csak be kell illesztened a k\u00edv\u00e1nt szekci\u00f3t munka k\u00f6zben.<\/p>\n<h4 class=\"underline-deep-primary\">Mit tartalmaz a csomag?<\/h4>\n<ul>\n<li><strong>\u00c1rlist\u00e1k<\/strong> | <a href=\"https:\/\/layout.hellowp.io\/szekcio-arlistak\/\" target=\"_blank\" rel=\"noopener noreferrer\">Bemutat\u00f3<\/a><\/li>\n<li><strong>Csapat<\/strong> | <a href=\"https:\/\/layout.hellowp.io\/szekcio-csapat\/\" target=\"_blank\" rel=\"noopener noreferrer\">Bemutat\u00f3<\/a><\/li>\n<li><strong>Gal\u00e9ri\u00e1k<\/strong> | <a href=\"https:\/\/layout.hellowp.io\/szekcio-galeriak\/\" target=\"_blank\" rel=\"noopener noreferrer\">Bemutat\u00f3<\/a><\/li>\n<li><strong>GyIK<\/strong> | <a href=\"https:\/\/layout.hellowp.io\/szekcio-gyik\/\" target=\"_blank\" rel=\"noopener noreferrer\">Bemutat\u00f3<\/a><\/li>\n<li><strong>H\u00edrlev\u00e9l feliratkoz\u00e1sok <\/strong>| <a href=\"https:\/\/layout.hellowp.io\/szekcio-hirlevel-feliratkozasok\/\" target=\"_blank\" rel=\"noopener noreferrer\">Bemutat\u00f3<\/a><\/li>\n<li><strong>Kapcsolatok<\/strong> | <a href=\"https:\/\/layout.hellowp.io\/szekcio-kapcsolatok\/\" target=\"_blank\" rel=\"noopener noreferrer\">Bemutat\u00f3<\/a><\/li>\n<li><strong>K\u00e1rty\u00e1k<\/strong> | <a href=\"https:\/\/layout.hellowp.io\/szekcio-kartyak\/\" target=\"_blank\" rel=\"noopener noreferrer\">Bemutat\u00f3<\/a><\/li>\n<li><strong>Kiemel\u00e9sek<\/strong> | <a href=\"https:\/\/layout.hellowp.io\/szekcio-kiemelesek\/\" target=\"_blank\" rel=\"noopener noreferrer\">Bemutat\u00f3<\/a><\/li>\n<li><strong>Logo megjelen\u00e9sek<\/strong> | <a href=\"https:\/\/layout.hellowp.io\/szekcio-logo-megjelenesek\/\" target=\"_blank\" rel=\"noopener noreferrer\">Bemutat\u00f3<\/a><\/li>\n<li><strong>Sz\u00e1ml\u00e1l\u00f3k<\/strong> | <a href=\"https:\/\/layout.hellowp.io\/szekcio-szamlalok\/\" target=\"_blank\" rel=\"noopener noreferrer\">Bemutat\u00f3<\/a><\/li>\n<\/ul>\n<h5 class=\"underline-deep-success\">Mit tehetsz a k\u00e9sz szekci\u00f3kkal?<\/h5>\n<ul>\n<li>Korl\u00e1tlan ideig haszn\u00e1lhatod<\/li>\n<li>Korl\u00e1tlan weboldalon haszn\u00e1lhatod<\/li>\n<li>\u00dcgyfeleiddel szabadon megoszthatod<\/li>\n<\/ul>\n<p><strong class=\"has-text-danger\"><u>FIGYELEM! A Divi szekci\u00f3k haszn\u00e1lat\u00e1hoz DIVI-re van sz\u00fcks\u00e9g! <\/u>Ha m\u00e9g nincs DIVI-d, akkor mindenk\u00e9ppen vegy\u00e9l hozz\u00e1 egyet!<\/strong><\/p>\n","protected":false},"excerpt":{"rendered":"<p>\u00d6ssze\u00e1ll\u00edtottunk egy csomagot, aminek a seg\u00edts\u00e9g\u00e9vel k\u00f6nnyebben \u00e9s gyorsabban dolgozhatsz Divi-vel, hiszen csak be kell illesztened a k\u00edv\u00e1nt szekci\u00f3t munka k\u00f6zben. Mit tartalmaz a csomag? \u00c1rlist\u00e1k | Bemutat\u00f3 Csapat | Bemutat\u00f3 Gal\u00e9ri\u00e1k | Bemutat\u00f3 GyIK | Bemutat\u00f3 H\u00edrlev\u00e9l feliratkoz\u00e1sok | Bemutat\u00f3 Kapcsolatok | Bemutat\u00f3 K\u00e1rty\u00e1k | Bemutat\u00f3 Kiemel\u00e9sek | Bemutat\u00f3 Logo megjelen\u00e9sek | Bemutat\u00f3 Sz\u00e1ml\u00e1l\u00f3k [&#8230;]<\/p>\n<p><a class=\"btn btn-secondary understrap-read-more-link\" href=\"https:\/\/hellowp.io\/hu\/t\/200-divi-szekcio-sablon\/\">Read More&#8230;<span class=\"screen-reader-text\"> from 200+ DIVI szekci\u00f3 sablon<\/span><\/a><\/p>\n","protected":false},"featured_media":21038,"comment_status":"open","ping_status":"closed","template":"","meta":{"_seopress_robots_primary_cat":"none","_seopress_titles_title":"","_seopress_titles_desc":"\u00d6ssze\u00e1ll\u00edtottunk egy csomagot, aminek a seg\u00edts\u00e9g\u00e9vel k\u00f6nnyebben \u00e9s gyorsabban dolgozhatsz Divi-vel.","_seopress_robots_index":""},"product_brand":[],"product_cat":[25],"product_tag":[160],"class_list":{"0":"post-21033","1":"product","2":"type-product","3":"status-publish","4":"has-post-thumbnail","6":"product_cat-premium","7":"product_tag-d","8":"wcpv_product_vendors-divi-mega-team","10":"first","11":"instock","12":"downloadable","13":"virtual","14":"taxable","15":"purchasable","16":"product-type-simple"},"_links":{"self":[{"href":"https:\/\/hellowp.io\/hu\/wp-json\/wp\/v2\/product\/21033","targetHints":{"allow":["GET"]}}],"collection":[{"href":"https:\/\/hellowp.io\/hu\/wp-json\/wp\/v2\/product"}],"about":[{"href":"https:\/\/hellowp.io\/hu\/wp-json\/wp\/v2\/types\/product"}],"replies":[{"embeddable":true,"href":"https:\/\/hellowp.io\/hu\/wp-json\/wp\/v2\/comments?post=21033"}],"wp:featuredmedia":[{"embeddable":true,"href":"https:\/\/hellowp.io\/hu\/wp-json\/wp\/v2\/media\/21038"}],"wp:attachment":[{"href":"https:\/\/hellowp.io\/hu\/wp-json\/wp\/v2\/media?parent=21033"}],"wp:term":[{"taxonomy":"product_brand","embeddable":true,"href":"https:\/\/hellowp.io\/hu\/wp-json\/wp\/v2\/product_brand?post=21033"},{"taxonomy":"product_cat","embeddable":true,"href":"https:\/\/hellowp.io\/hu\/wp-json\/wp\/v2\/product_cat?post=21033"},{"taxonomy":"product_tag","embeddable":true,"href":"https:\/\/hellowp.io\/hu\/wp-json\/wp\/v2\/product_tag?post=21033"}],"curies":[{"name":"wp","href":"https:\/\/api.w.org\/{rel}","templated":true}]}}