{"id":21001,"date":"2019-12-16T06:51:46","date_gmt":"2019-12-16T05:51:46","guid":{"rendered":"https:\/\/hellowp.io\/hu\/?post_type=product&#038;p=21001"},"modified":"2026-04-09T15:30:56","modified_gmt":"2026-04-09T14:30:56","slug":"divi-mega-csomag","status":"publish","type":"product","link":"https:\/\/hellowp.io\/hu\/t\/divi-mega-csomag\/","title":{"rendered":"DIVI MEGA CSOMAG + aj\u00e1nd\u00e9k Divi License \u2013 API kulcs"},"content":{"rendered":"<p>A Divi az egyik legn\u00e9pszer\u0171bb vizu\u00e1lis szerkeszt\u0151, t\u00f6bb mint 800.000 felhaszn\u00e1l\u00f3 haszn\u00e1lja vil\u00e1gszerte. Ez nem v\u00e9letlen, hiszen <strong>hozz\u00e1\u00e9rt\u00e9s n\u00e9lk\u00fcl is \u00e9p\u00edthetsz profi weboldalakat a haszn\u00e1lat\u00e1val<\/strong>.<\/p>\n<h4 class=\"underline-deep-primary\">Mit tartalmaz a csomag?<\/h4>\n<p>Az\u00e9rt \u00e1ll\u00edtottuk \u00f6ssze ezt a Divi csomagot, hogy legyen egy olyan eszk\u00f6z a kezedben, ami <strong>id\u0151t, p\u00e9nzt \u00e9s energi\u00e1t sp\u00f3rol neked.<\/strong> A DIVI MEGA csomag v\u00e1s\u00e1rl\u00e1s\u00e1val, <strong>nem csup\u00e1n egy egyszeri term\u00e9khez jutsz hozz\u00e1, hanem egy <u>folyamatos szolg\u00e1ltat\u00e1s kapsz<\/u>, ami mell\u00e9 j\u00e1r t\u00e1mogat\u00e1s, friss\u00edt\u00e9s \u00e9s b\u0151v\u00edt\u00e9s. <\/strong><\/p>\n<h4 class=\"h5 underline-deep-success\">Divi weboldal tervek, layout-ok<\/h4>\n<p class=\"m-t-sm\">Igyekezt\u00fcnk olyan grafik\u00e1kat \u00f6sszev\u00e1logatni, ami a lehet\u0151 legnagyobb t\u00e9m\u00e1t lefedi. Legyen sz\u00f3 szakm\u00e1kr\u00f3l, szolg\u00e1ltat\u00e1sokr\u00f3l, non-profit t\u00e9m\u00e1r\u00f3l, biztosan megtal\u00e1lod a megfelel\u0151 kin\u00e9zetet. <strong><u>A csomag jelenleg 221 weboldal tervet tartalmat. <\/u><\/strong><\/p>\n<p><strong>Itt n\u00e9zheted meg \u0151ket: <a href=\"https:\/\/hellowp.io\/hu\/k\/weboldal-tervek\/\" target=\"_blank\" rel=\"noopener noreferrer\">https:\/\/hellowp.io\/hu\/k\/weboldal-tervek\/<\/a><\/strong><\/p>\n<hr \/>\n<h4 class=\"h5 underline-deep-success\">Komplett DIVI oldalak<\/h4>\n<p class=\"m-t-sm\">Minden komplett oldalt, amit a HelloWP!-n rendelnek automatikusan megosztunk veled (kis id\u0151 eltelt\u00e9vel). <strong><u>A csomag jelenleg 18 komplett weboldalt tartalmaz.<\/u> <\/strong><\/p>\n<p class=\"m-t-sm\"><strong>Itt n\u00e9zheted meg \u0151ket: <a href=\"https:\/\/hellowp.io\/hu\/tema\/Divi-MEGA-weboldal\/\" target=\"_blank\" rel=\"noopener noreferrer\">https:\/\/hellowp.io\/hu\/tema\/divi-mega-weboldal\/<\/a><\/strong><\/p>\n<hr \/>\n<h4 class=\"h5 underline-deep-success\">Komplett Divi webshopok<\/h4>\n<p class=\"m-t-sm\">Az \u00faj verzi\u00f3val (4.0) m\u00e1r sz\u00edvesen haszn\u00e1ljuk a Divi-t webshopok fejleszt\u00e9s\u00e9re is. Ak\u00e1r teljesen egyedi term\u00e9koldalakat, kateg\u00f3ri\u00e1kat, arch\u00edv oldalakat is k\u00e9sz\u00edthetsz vele. <u><strong>A csomag jelenleg 3 webshopot tartalmaz.<\/strong><\/u><\/p>\n<p><strong>Itt n\u00e9zheted meg \u0151ket: <a href=\"https:\/\/hellowp.io\/hu\/tema\/divi-mega-webshop\/\" target=\"_blank\" rel=\"noopener noreferrer\">https:\/\/hellowp.io\/hu\/tema\/divi-mega-webshop\/<\/a><\/strong><\/p>\n<hr \/>\n<h4 class=\"h5 underline-deep-success\">Divi Szekci\u00f3k<\/h4>\n<p class=\"m-t-sm\">\u00d6ssze\u00e1ll\u00edtottunk egy csomagot, aminek a seg\u00edts\u00e9g\u00e9vel k\u00f6nnyebben \u00e9s gyorsabban dolgozhatsz Divi-vel, hiszen csak be kell illesztened a k\u00edv\u00e1nt szekci\u00f3t munka k\u00f6zben. <strong><u>A csomag jelenleg 200+ k\u00e9sz Divi szekci\u00f3t tartalmaz.<\/u> <\/strong><\/p>\n<p><strong>Itt n\u00e9zheted meg \u0151ket: <a href=\"https:\/\/hellowp.io\/hu\/t\/200-divi-szekcio-sablon\/\" target=\"_blank\" rel=\"noopener noreferrer\">https:\/\/hellowp.io\/hu\/t\/200-divi-szekcio-sablon\/<\/a><\/strong><\/p>\n<hr \/>\n<h4 class=\"h5 underline-deep-success\">Divi fejl\u00e9cek \u00e9s l\u00e1bl\u00e9cek<\/h4>\n<p class=\"m-t-sm\">A Divi 4.0-el sz\u00e1mos remek \u00faj\u00edt\u00e1st kaptunk. P\u00e9ld\u00e1ul a fejl\u00e9c \u00e9s a l\u00e1bl\u00e9c szerkeszt\u00e9s\u00e9nek lehet\u0151s\u00e9g\u00e9t. <strong><u>A csomag jelenleg 10 fejl\u00e9cet \u00e9s 10 l\u00e1bl\u00e9cet tartalmaz.<\/u> <\/strong><\/p>\n<p class=\"m-t-sm\"><strong>Itt n\u00e9zheted meg \u0151ket: <a href=\"https:\/\/hellowp.io\/hu\/tema\/divi-mega-fejlec-lablec\/\" target=\"_blank\" rel=\"noopener noreferrer\">https:\/\/hellowp.io\/hu\/tema\/divi-mega-fejlec-lablec\/<\/a><\/strong><\/p>\n<hr \/>\n<h4 class=\"underline-deep-primary\">API KULCS<\/h4>\n<p class=\"m-t-sm\"><strong>A tags\u00e1g mell\u00e9 j\u00e1r egy aj\u00e1nd\u00e9k API KULCS IS<\/strong>, amivel szabadon <strong>let\u00f6ltheted<\/strong>, illetve <strong>friss\u00edtheted<\/strong>  a k\u00f6vetkez\u0151 term\u00e9keket: Divi, Divi Extra, Divi Builder, Bloom, Monarch. Korl\u00e1tlan weboldalon haszn\u00e1lhatod.<\/p>\n<h5 class=\"underline-deep-success\">Mit tehetsz az API kulccsal?<\/h5>\n<ul>\n<li>Addig haszn\u00e1lhatod, am\u00edg akt\u00edv a Divi Mega csomagod<\/li>\n<li>Korl\u00e1tlan weboldalon haszn\u00e1lhatod<\/li>\n<li>\u00dcgyfeleiddel szabadon megoszthatod<\/li>\n<\/ul>\n<h5 class=\"underline-deep-danger\">Mit nem tehetsz az API kulccsal?<\/h5>\n<ul>\n<li>Nem adhatod el!<\/li>\n<li>Nem oszthatod meg nyilv\u00e1nos helyeken!<\/li>\n<\/ul>\n<hr \/>\n<h2 class=\"kek-arnyek\">T\u00e1mogat\u00e1s<\/h2>\n<p class=\"m-t-sm\">Megh\u00edv\u00e1st kapsz a Hello WP! Klubba, ami egy priv\u00e1t, csal\u00e1dias l\u00e9gk\u00f6r\u0171 Facebook csoport. <strong>T\u00f6bb 100 tagja van.<\/strong><\/p>\n<hr \/>\n<h2 class=\"kek-arnyek\">Friss\u00edt\u00e9s<\/h2>\n<p class=\"m-t-sm\">Friss\u00edt\u00e9seket adunk a k\u00e9sz oldalakhoz\/webshopokhoz \u00e9s k\u00e9sz anyagokhoz.<\/p>\n<hr \/>\n<div class=\"col-12 mx-auto\">\n<h2 class=\"h4 border border-5 border-orange border-top-0 border-end-0 border-bottom-0 ps-2 pt-1\">Maradtak m\u00e9g k\u00e9rd\u00e9seid?<\/h2>\n<\/div>\n\n<div class=\"mx-auto text-center position-relative\">\n\n    <!-- FAQ START -->\n    <div class=\"accordion accordion-icon accordion-shadow mt-4 text-start position-relative\" id=\"accordionHelloPack\">\n        <!-- Item -->\n        <div class=\"accordion-item mb-3\">\n            <h6 class=\"accordion-header font-base\" id=\"heading-2\">\n                <button class=\"accordion-button fw-bold rounded collapsed pe-5\" type=\"button\" data-bs-toggle=\"collapse\" data-bs-target=\"#collapse-2\" aria-expanded=\"false\" aria-controls=\"collapse-2\">\n                    Mi t\u00f6rt\u00e9nik, ha lemondom a szolg\u00e1ltat\u00e1st?\n                <\/button>\n            <\/h6>\n            <!-- Body -->\n            <div id=\"collapse-2\" class=\"accordion-collapse collapse\" aria-labelledby=\"heading-2\" data-bs-parent=\"#accordionHelloPack\">\n                <div class=\"accordion-body mt-3\">\n                   A legut\u00f3bbi fizet\u00e9st\u0151l sz\u00e1m\u00edtott 1 \u00e9vig az \u00f6sszes szolg\u00e1ltat\u00e1st, t\u00e1mogat\u00e1st megkapod, 1 \u00e9v ut\u00e1n pedig csak azokhoz a term\u00e9kekhez kapsz friss\u00edt\u00e9seket, amelyeket felhaszn\u00e1lt\u00e1l\/let\u00f6lt\u00f6tt\u00e9l.\n                <\/div>\n            <\/div>\n        <\/div>\n\n        <!-- Item -->\n        <div class=\"accordion-item mb-3\">\n            <h6 class=\"accordion-header font-base\" id=\"heading-3\">\n                <button class=\"accordion-button fw-bold collapsed rounded pe-5\" type=\"button\" data-bs-toggle=\"collapse\" data-bs-target=\"#collapse-3\" aria-expanded=\"false\" aria-controls=\"collapse-3\">\n                    Kor\u00e1bban m\u00e1r volt licensem, hogyan tudom az \u00fajat be\u00e1ll\u00edtani?\n                <\/button>\n            <\/h6>\n            <!-- Body -->\n            <div id=\"collapse-3\" class=\"accordion-collapse collapse\" aria-labelledby=\"heading-3\" data-bs-parent=\"#accordionHelloPack\">\n                <div class=\"accordion-body mt-3\">\n                    Nagyon egyszer\u0171en, p\u00e1r l\u00e9p\u00e9s az eg\u00e9sz. Kattints a WordPress adminban ide: Divi (bal lent) -> Sablon be\u00e1ll\u00edt\u00e1sok -> Updates (vagy Friss\u00edt\u00e9s) f\u00fcl -> Felhaszn\u00e1l\u00f3n\u00e9v \u00e9s API Kulcs\n                <\/div>\n            <\/div>\n        <\/div>\n\n<!-- Item -->\n        <div class=\"accordion-item mb-3\">\n            <h6 class=\"accordion-header font-base\" id=\"heading-4\">\n                <button class=\"accordion-button fw-bold collapsed rounded pe-5\" type=\"button\" data-bs-toggle=\"collapse\" data-bs-target=\"#collapse-4\" aria-expanded=\"false\" aria-controls=\"collapse-3\">\n                    Mi a k\u00fcl\u00f6nbs\u00e9g a Divi \u00e9s a Divi Mega csomag k\u00f6z\u00f6tt?\n                <\/button>\n            <\/h6>\n            <!-- Body -->\n            <div id=\"collapse-4\" class=\"accordion-collapse collapse\" aria-labelledby=\"heading-4\" data-bs-parent=\"#accordionHelloPack\">\n                <div class=\"accordion-body mt-3\">\n                   A Divi Mega csomagban benne van a Divi is \u00e9s az \u00e1ltalunk k\u00e9sz\u00edtett sz\u00e1mos kieg\u00e9sz\u00edt\u0151 is. \n                <\/div>\n            <\/div>\n        <\/div>\n\n    <\/div>\n    <!-- FAQ END -->\n<\/div>\n","protected":false},"excerpt":{"rendered":"<p>Dinamikusan n\u00f6vekv\u0151 \u00e9rt\u00e9k\u0171 DIVI csomag: 200+ layout, 200+ Divi modul, komplett oldalak, webshopok, fejl\u00e9cek \u00e9s l\u00e1bl\u00e9cek \u00e9s AJ\u00c1ND\u00c9K API KULCS. [&#8230;]<\/p>\n<p><a class=\"btn btn-secondary understrap-read-more-link\" href=\"https:\/\/hellowp.io\/hu\/t\/divi-mega-csomag\/\">Read More&#8230;<span class=\"screen-reader-text\"> from DIVI MEGA CSOMAG + aj\u00e1nd\u00e9k Divi License \u2013 API kulcs<\/span><\/a><\/p>\n","protected":false},"featured_media":21018,"comment_status":"open","ping_status":"closed","template":"","meta":{"_seopress_robots_primary_cat":"none","_seopress_titles_title":"","_seopress_titles_desc":"Dinamikusan n\u00f6vekv\u0151 \u00e9rt\u00e9k\u0171 DIVI csomag: 200+ layout, 200+ Divi modul, komplett oldalak, webshopok, fejl\u00e9cek \u00e9s l\u00e1bl\u00e9cek \u00e9s AJ\u00c1ND\u00c9K API KULCS.","_seopress_robots_index":""},"product_brand":[],"product_cat":[25],"product_tag":[160],"class_list":{"0":"post-21001","1":"product","2":"type-product","3":"status-publish","4":"has-post-thumbnail","6":"product_cat-premium","7":"product_tag-d","8":"wcpv_product_vendors-hellowp-csapat","10":"first","11":"instock","12":"downloadable","13":"virtual","14":"purchasable","15":"product-type-subscription"},"_links":{"self":[{"href":"https:\/\/hellowp.io\/hu\/wp-json\/wp\/v2\/product\/21001","targetHints":{"allow":["GET"]}}],"collection":[{"href":"https:\/\/hellowp.io\/hu\/wp-json\/wp\/v2\/product"}],"about":[{"href":"https:\/\/hellowp.io\/hu\/wp-json\/wp\/v2\/types\/product"}],"replies":[{"embeddable":true,"href":"https:\/\/hellowp.io\/hu\/wp-json\/wp\/v2\/comments?post=21001"}],"wp:featuredmedia":[{"embeddable":true,"href":"https:\/\/hellowp.io\/hu\/wp-json\/wp\/v2\/media\/21018"}],"wp:attachment":[{"href":"https:\/\/hellowp.io\/hu\/wp-json\/wp\/v2\/media?parent=21001"}],"wp:term":[{"taxonomy":"product_brand","embeddable":true,"href":"https:\/\/hellowp.io\/hu\/wp-json\/wp\/v2\/product_brand?post=21001"},{"taxonomy":"product_cat","embeddable":true,"href":"https:\/\/hellowp.io\/hu\/wp-json\/wp\/v2\/product_cat?post=21001"},{"taxonomy":"product_tag","embeddable":true,"href":"https:\/\/hellowp.io\/hu\/wp-json\/wp\/v2\/product_tag?post=21001"}],"curies":[{"name":"wp","href":"https:\/\/api.w.org\/{rel}","templated":true}]}}