{"id":20702,"date":"2019-12-15T21:07:04","date_gmt":"2019-12-15T20:07:04","guid":{"rendered":"https:\/\/hellowp.io\/hu\/?post_type=product&#038;p=20702"},"modified":"2020-09-29T17:53:05","modified_gmt":"2020-09-29T16:53:05","slug":"butor-shop-2-weboldal-terv-divi-hez","status":"publish","type":"product","link":"https:\/\/hellowp.io\/hu\/t\/butor-shop-2-weboldal-terv-divi-hez\/","title":{"rendered":"B\u00fator-shop #2 \u2013 Weboldal terv Divi-hez"},"content":{"rendered":"<p><strong><u>A weboldal terv (layout) kezel\u00e9se nagyon egyszer\u0171<\/u>,<\/strong>\u00a0hiszen <a href=\"https:\/\/hellowp.io\/hu\/t\/divi-license-lifetime\/\">DIVI<\/a> szerkeszt\u0151vel k\u00e9sz\u00fclt, teh\u00e1t b\u00e1rmikor (k\u00fcl\u00f6n\u00f6sebb szak\u00e9rtelem n\u00e9lk\u00fcl) tudod m\u00f3dos\u00edtani, szerkeszteni az \u00f6sszes r\u00e9sz\u00e9t. <strong>K\u00f6nnyed\u00e9n felhaszn\u00e1lhatod, hogy komplett oldalt csin\u00e1lj bel\u0151le.<\/strong><\/p>\n<p><strong>Mit\u00a0<u>tartalmaz<\/u>\u00a0az aj\u00e1nlat?<\/strong><\/p>\n<ul>\n<li>A\u00a0<strong>teljes megjelen\u00e9st<\/strong>, a komplett tervet<\/li>\n<\/ul>\n<p><strong>Milyen\u00a0<u>aj\u00e1nd\u00e9kokat<\/u>\u00a0kapok?<\/strong><\/p>\n<ul>\n<li>A felhaszn\u00e1lt\u00a0<strong>\u00f6sszes k\u00e9pet<\/strong><\/li>\n<\/ul>\n<p><strong>Hogyan kapom meg a tervez?<\/strong><\/p>\n<p>Egy import\u00e1lhat\u00f3 f\u00e1jl form\u00e1j\u00e1ban, amit k\u00f6nnyed\u00e9n be tudsz illeszteni egy DIVI oldalba. K\u00e9sz\u00fclt r\u00f3la egy vide\u00f3 is: <\/p>\n<p><a class=\"button is-small\" href=\"https:\/\/www.youtube.com\/watch?v=0t2iVWCP_H8\" target=\"_blank\" rel=\"noopener noreferrer\"><br \/>\n    <span class=\"icon\"><br \/>\n      <i class=\"fab fa-youtube\"><\/i><br \/>\n    <\/span><br \/>\n    <span>Vide\u00f3 a haszn\u00e1lat\u00e1r\u00f3l<\/span><br \/>\n  <\/a><\/p>\n<p><strong>Term\u00e9szetesen ingyenesen telep\u00edtj\u00fck neked, ha k\u00fcl\u00f6n k\u00e9red.<\/strong><\/p>\n<p><strong>Mi t\u00f6rt\u00e9nik v\u00e1s\u00e1rl\u00e1s ut\u00e1n?<\/strong><\/p>\n<p>A v\u00e1s\u00e1rl\u00e1s ut\u00e1n koll\u00e9g\u00e1nk felkeres email-ben, vagy telefonon \u00e9s ha szeretn\u00e9d seg\u00edt\u00fcnk a weboldal terv kezdeti telep\u00edt\u00e9s\u00e9ben\/be\u00e1ll\u00edt\u00e1s\u00e1ban.<\/p>\n<p><strong>Mit <u>tehetsz<\/u> a tervvel?<\/strong><\/p>\n<ul>\n<li>Korl\u00e1tlan ideig haszn\u00e1lhatod<\/li>\n<li>Korl\u00e1tlan weboldalon haszn\u00e1lhatod<\/li>\n<li>\u00dcgyfeleiddel szabadon megoszthatod\/eladhatod<\/li>\n<\/ul>\n<p><strong>Az \u00e1r tartalmazza az \u00f6sszes license \u00e9s be\u00e1ll\u00edt\u00e1si k\u00f6lts\u00e9get.<\/strong><\/p>\n<h2 id=\"reszletek-komplett\" class=\"kek-arnyek\">Komplett weboldalk\u00e9nt szeretn\u00e9d?<\/h2>\n<p class=\"m-t-sm\">Erre is van lehet\u0151s\u00e9g, sz\u00edvesen seg\u00edt\u00fcnk.<\/p>\n<p>Az aj\u00e1nlatunk a k\u00f6vetkez\u0151t tartalmazza:<\/p>\n<ul>\n<li>Fejl\u00e9c elk\u00e9sz\u00edt\u00e9se<\/li>\n<li>L\u00e1bl\u00e9c elk\u00e9sz\u00edt\u00e9se<\/li>\n<li>Nyit\u00f3lap elk\u00e9sz\u00edt\u00e9se<\/li>\n<li>R\u00f3lunk elk\u00e9sz\u00edt\u00e9se<\/li>\n<li>Szolg\u00e1ltat\u00e1sok elk\u00e9sz\u00edt\u00e9se<\/li>\n<li>BLOG elk\u00e9sz\u00edt\u00e9se<\/li>\n<li>Kapcsolati oldal elk\u00e9sz\u00edt\u00e9se<\/li>\n<li>A weboldalt felt\u00f6ltj\u00fck DEMO tartalommal, amit te k\u00f6nnyed\u00e9n m\u00f3dos\u00edthatsz.<\/li>\n<\/ul>\n<p><strong class=\"has-text-danger\"><u>FIGYELEM! A weboldal terv (layout) haszn\u00e1lat\u00e1hoz DIVI-re van sz\u00fcks\u00e9g! <\/u>Ha m\u00e9g nincs DIVI-d, akkor mindenk\u00e9ppen vegy\u00e9l hozz\u00e1 egyet!<\/strong><\/p>\n","protected":false},"excerpt":{"rendered":"<p>A weboldal terv (layout) kezel\u00e9se nagyon egyszer\u0171,\u00a0hiszen DIVI szerkeszt\u0151vel k\u00e9sz\u00fclt, teh\u00e1t b\u00e1rmikor (k\u00fcl\u00f6n\u00f6sebb szak\u00e9rtelem n\u00e9lk\u00fcl) tudod m\u00f3dos\u00edtani, szerkeszteni az \u00f6sszes r\u00e9sz\u00e9t. K\u00f6nnyed\u00e9n felhaszn\u00e1lhatod, hogy komplett oldalt csin\u00e1lj bel\u0151le. Mit\u00a0tartalmaz\u00a0az aj\u00e1nlat? A\u00a0teljes megjelen\u00e9st, a komplett tervet Milyen\u00a0aj\u00e1nd\u00e9kokat\u00a0kapok? A felhaszn\u00e1lt\u00a0\u00f6sszes k\u00e9pet Hogyan kapom meg a tervez? Egy import\u00e1lhat\u00f3 f\u00e1jl form\u00e1j\u00e1ban, amit k\u00f6nnyed\u00e9n be tudsz illeszteni egy DIVI [&#8230;]<\/p>\n<p><a class=\"btn btn-secondary understrap-read-more-link\" href=\"https:\/\/hellowp.io\/hu\/t\/butor-shop-2-weboldal-terv-divi-hez\/\">Read More&#8230;<span class=\"screen-reader-text\"> from B\u00fator-shop #2 \u2013 Weboldal terv Divi-hez<\/span><\/a><\/p>\n","protected":false},"featured_media":20324,"comment_status":"open","ping_status":"open","template":"","meta":{"_seopress_robots_primary_cat":"","_seopress_titles_title":"","_seopress_titles_desc":"B\u00fator-shop weboldal terv DIVI-hez - k\u00f6nnyed\u00e9n l\u00e9trehozhatsz seg\u00edts\u00e9g\u00e9vel egy komplett weboldalt.","_seopress_robots_index":""},"product_brand":[],"product_cat":[136],"product_tag":[160],"class_list":{"0":"post-20702","1":"product","2":"type-product","3":"status-publish","4":"has-post-thumbnail","6":"product_cat-weboldal-tervek","7":"product_tag-d","8":"wcpv_product_vendors-divi-mega-team","10":"first","11":"instock","12":"sale","13":"downloadable","14":"virtual","15":"taxable","16":"purchasable","17":"product-type-simple"},"_links":{"self":[{"href":"https:\/\/hellowp.io\/hu\/wp-json\/wp\/v2\/product\/20702","targetHints":{"allow":["GET"]}}],"collection":[{"href":"https:\/\/hellowp.io\/hu\/wp-json\/wp\/v2\/product"}],"about":[{"href":"https:\/\/hellowp.io\/hu\/wp-json\/wp\/v2\/types\/product"}],"replies":[{"embeddable":true,"href":"https:\/\/hellowp.io\/hu\/wp-json\/wp\/v2\/comments?post=20702"}],"wp:featuredmedia":[{"embeddable":true,"href":"https:\/\/hellowp.io\/hu\/wp-json\/wp\/v2\/media\/20324"}],"wp:attachment":[{"href":"https:\/\/hellowp.io\/hu\/wp-json\/wp\/v2\/media?parent=20702"}],"wp:term":[{"taxonomy":"product_brand","embeddable":true,"href":"https:\/\/hellowp.io\/hu\/wp-json\/wp\/v2\/product_brand?post=20702"},{"taxonomy":"product_cat","embeddable":true,"href":"https:\/\/hellowp.io\/hu\/wp-json\/wp\/v2\/product_cat?post=20702"},{"taxonomy":"product_tag","embeddable":true,"href":"https:\/\/hellowp.io\/hu\/wp-json\/wp\/v2\/product_tag?post=20702"}],"curies":[{"name":"wp","href":"https:\/\/api.w.org\/{rel}","templated":true}]}}