{"id":2025,"date":"2019-02-15T07:16:47","date_gmt":"2019-02-15T06:16:47","guid":{"rendered":"https:\/\/hellowp.io\/hu\/?post_type=product&#038;p=2025"},"modified":"2022-03-19T19:41:23","modified_gmt":"2022-03-19T18:41:23","slug":"relevancia-termekkereso","status":"publish","type":"product","link":"https:\/\/hellowp.io\/hu\/t\/relevancia-termekkereso\/","title":{"rendered":"Relevancia term\u00e9kkeres\u0151"},"content":{"rendered":"<p>Magyarorsz\u00e1gon igen elterjedtek a k\u00fcl\u00f6nb\u00f6z\u0151 \u00e1r-\u00f6sszehasonl\u00edt\u00f3 weboldalak. T\u00f6bb oka is van ennek. Egyr\u00e9szt k\u00f6nnyen \u00f6sszevethetj\u00fck a c\u00e9gek k\u00edn\u00e1latait, m\u00e1sr\u00e9szt az ilyen oldalaknak szuper a keres\u0151j\u00fck (p\u00e9ld\u00e1ul \u00e1rukeres\u0151.hu), k\u00f6nnyed\u00e9n megtal\u00e1lhatjuk, amit keres\u00fcnk. Persze, hiszen ezek az oldalak ebb\u0151l \u00e9lnek, elv\u00e1rhat\u00f3, hogy a keres\u0151 t\u00f6k\u00e9letes legyen.<\/p>\n<p>A WooCommerce keres\u0151 r\u00e9sze nem eg\u00e9szen alkalmas erre, hiszen a keres\u0151je egy egyszer\u0171 sz\u00f3keres\u0151.<\/p>\n<p>Itt j\u00f6n a k\u00e9pbe a<\/p>\n<h4 class=\"underline-deep-primary\">WooCommerce Relevencia term\u00e9kkeres\u0151:<\/h4>\n<p>Az eg\u00e9sz keres\u0151t \u00fagy kell elk\u00e9pzeln\u00fcnk, mintha csak a Google-ben keresn\u00e9nk. A keresett sz\u00f3ra relev\u00e1ns tartalmakat dob ki a keres\u0151, m\u00e9g akkor is, ha \u00e9ppen a keresett sz\u00f3ra nincs konkr\u00e9t tal\u00e1lat.<\/p>\n<p><strong>A keres\u0151motor a k\u00f6vetkez\u0151 tartalmakban keres: <\/strong><\/p>\n<ul>\n<li>Term\u00e9k r\u00f6vidle\u00edr\u00e1sa<\/li>\n<li>Term\u00e9k hossz\u00fale\u00edr\u00e1sa<\/li>\n<li>Term\u00e9kek attrib\u00fatumai<\/li>\n<li><span style=\"color: #ff0000;\"><strong>\u00dajdons\u00e1g: H\u00e1l\u00f3zat eset\u00e9n keres\u00e9s az \u00f6sszes oldalon<\/strong><\/span><\/li>\n<\/ul>\n<p>P\u00e9lda:<\/p>\n<p>Fut\u00f3cip\u0151ket \u00e1rulunk. A term\u00e9kek megnevez\u00e9se a k\u00f6vetkez\u0151 M\u00c1RKA + FANT\u00c1ZIAN\u00c9V.  (Nike Revolution 4). A <strong>v\u00e1s\u00e1rl\u00f3k z\u00f6me pedig \u00edgy keres: Nike fut\u00f3cip\u0151 43<\/strong>-as. Erre a shopunk <strong>norm\u00e1l keres\u0151je konkr\u00e9tan SEMMIT! nem fog kidobni<\/strong>, m\u00edg a relevencia keres\u0151, el\u0151sz\u00f6r kidobja a Nike fut\u00f3cip\u0151ket, amib\u0151l van 43-as.<\/p>\n<p><strong>+1 nagyon fontos dolog:<\/strong> Mi van akkor, ha a v\u00e1s\u00e1rl\u00f3 nem tudja le\u00edrni a NIKE sz\u00f3t? A rendszer felismeri (el\u0151re megadott szavakat) \u00e9s p\u00e9ld\u00e1ul a N\u00c1JKI sz\u00f3b\u00f3l NIKE lesz. Nem arr\u00f3l van sz\u00f3, hogy a v\u00e1s\u00e1rl\u00f3k ostob\u00e1k \u00e9s nem tudj\u00e1k le\u00edrni a term\u00e9kek nev\u00e9t, hanem arr\u00f3l, hogy mi van akkor, ha 1 karaktert el\u00fct. Nek\u00fcnk akkor is term\u00e9keket kell kidobni neki. <strong>Erre szint\u00e9n alkalmatlan a norm\u00e1l keres\u0151. <\/strong><\/p>\n<p><strong><u>Az \u00e1r tartalmazza a telep\u00edt\u00e9si k\u00f6lts\u00e9geket, illetve a sz\u00fcks\u00e9ges licencek d\u00edj\u00e1t. <\/u><\/strong><\/p>\n","protected":false},"excerpt":{"rendered":"<p>Szeretn\u00e9l egy sokkal jobb keres\u0151t a weboldaladra, amit te tan\u00edthatsz, s\u0151t ak\u00e1r \u0151 is tanul mag\u00e1t\u00f3l? [&#8230;]<\/p>\n<p><a class=\"btn btn-secondary understrap-read-more-link\" href=\"https:\/\/hellowp.io\/hu\/t\/relevancia-termekkereso\/\">Read More&#8230;<span class=\"screen-reader-text\"> from Relevancia term\u00e9kkeres\u0151<\/span><\/a><\/p>\n","protected":false},"featured_media":2026,"comment_status":"open","ping_status":"closed","template":"","meta":{"_seopress_robots_primary_cat":"","_seopress_titles_title":"","_seopress_titles_desc":"","_seopress_robots_index":""},"product_brand":[],"product_cat":[36],"product_tag":[161,133,45],"class_list":{"0":"post-2025","1":"product","2":"type-product","3":"status-publish","4":"has-post-thumbnail","6":"product_cat-hatekonysagnoveles","7":"product_tag-m","8":"product_tag-szolgaltatas","9":"product_tag-woocommerce-relevencia-termekkereso","10":"wcpv_product_vendors-patai-laszlo","12":"first","13":"instock","14":"virtual","15":"taxable","16":"purchasable","17":"product-type-simple"},"_links":{"self":[{"href":"https:\/\/hellowp.io\/hu\/wp-json\/wp\/v2\/product\/2025","targetHints":{"allow":["GET"]}}],"collection":[{"href":"https:\/\/hellowp.io\/hu\/wp-json\/wp\/v2\/product"}],"about":[{"href":"https:\/\/hellowp.io\/hu\/wp-json\/wp\/v2\/types\/product"}],"replies":[{"embeddable":true,"href":"https:\/\/hellowp.io\/hu\/wp-json\/wp\/v2\/comments?post=2025"}],"wp:featuredmedia":[{"embeddable":true,"href":"https:\/\/hellowp.io\/hu\/wp-json\/wp\/v2\/media\/2026"}],"wp:attachment":[{"href":"https:\/\/hellowp.io\/hu\/wp-json\/wp\/v2\/media?parent=2025"}],"wp:term":[{"taxonomy":"product_brand","embeddable":true,"href":"https:\/\/hellowp.io\/hu\/wp-json\/wp\/v2\/product_brand?post=2025"},{"taxonomy":"product_cat","embeddable":true,"href":"https:\/\/hellowp.io\/hu\/wp-json\/wp\/v2\/product_cat?post=2025"},{"taxonomy":"product_tag","embeddable":true,"href":"https:\/\/hellowp.io\/hu\/wp-json\/wp\/v2\/product_tag?post=2025"}],"curies":[{"name":"wp","href":"https:\/\/api.w.org\/{rel}","templated":true}]}}