{"id":2020,"date":"2019-02-15T06:58:40","date_gmt":"2019-02-15T05:58:40","guid":{"rendered":"https:\/\/hellowp.io\/hu\/?post_type=product&#038;p=2020"},"modified":"2021-02-19T19:39:05","modified_gmt":"2021-02-19T18:39:05","slug":"eu-adoszam-ellenorzes","status":"publish","type":"product","link":"https:\/\/hellowp.io\/hu\/t\/eu-adoszam-ellenorzes\/","title":{"rendered":"EU ad\u00f3sz\u00e1m ellen\u0151rz\u00e9s"},"content":{"rendered":"<p>Amennyiben az EU-ban \u00e9rt\u00e9kes\u00edtesz, sz\u00fcks\u00e9ged lesz arra, hogy elk\u00e9rd a k\u00f6z\u00f6ss\u00e9gi ad\u00f3sz\u00e1mot. Ezt minden esetben \u00f6ssze kell vetni az europa.eu-s adatb\u00e1zissal. A kieg\u00e9sz\u00edt\u0151 seg\u00edts\u00e9g\u00e9vel ezt teljesen automatikusan elv\u00e9gzi a webshop fizet\u00e9skor.<\/p>\n<p><strong>Az \u00e1r tartalmazza a telep\u00edt\u00e9si k\u00f6lts\u00e9geket, illetve a sz\u00fcks\u00e9ges licencek d\u00edj\u00e1t.\u00a0<\/strong><\/p>\n","protected":false},"excerpt":{"rendered":"<p>Vannak k\u00fclf\u00f6ldi v\u00e1s\u00e1rl\u00f3id? Ezzel a kieg\u00e9sz\u00edt\u0151vel automatikusan ellen\u0151rizheted az EU ad\u00f3sz\u00e1mok val\u00f3dis\u00e1g\u00e1t. [&#8230;]<\/p>\n<p><a class=\"btn btn-secondary understrap-read-more-link\" href=\"https:\/\/hellowp.io\/hu\/t\/eu-adoszam-ellenorzes\/\">Read More&#8230;<span class=\"screen-reader-text\"> from EU ad\u00f3sz\u00e1m ellen\u0151rz\u00e9s<\/span><\/a><\/p>\n","protected":false},"featured_media":2021,"comment_status":"open","ping_status":"closed","template":"","meta":{"_seopress_robots_primary_cat":"","_seopress_titles_title":"","_seopress_titles_desc":"","_seopress_robots_index":""},"product_brand":[],"product_cat":[35],"product_tag":[160,133],"class_list":{"0":"post-2020","1":"product","2":"type-product","3":"status-publish","4":"has-post-thumbnail","6":"product_cat-fizetesi-eszkozok-es-megoldasok","7":"product_tag-d","8":"product_tag-szolgaltatas","9":"wcpv_product_vendors-webmi-io","11":"first","12":"instock","13":"taxable","14":"shipping-taxable","15":"purchasable","16":"product-type-simple"},"_links":{"self":[{"href":"https:\/\/hellowp.io\/hu\/wp-json\/wp\/v2\/product\/2020","targetHints":{"allow":["GET"]}}],"collection":[{"href":"https:\/\/hellowp.io\/hu\/wp-json\/wp\/v2\/product"}],"about":[{"href":"https:\/\/hellowp.io\/hu\/wp-json\/wp\/v2\/types\/product"}],"replies":[{"embeddable":true,"href":"https:\/\/hellowp.io\/hu\/wp-json\/wp\/v2\/comments?post=2020"}],"wp:featuredmedia":[{"embeddable":true,"href":"https:\/\/hellowp.io\/hu\/wp-json\/wp\/v2\/media\/2021"}],"wp:attachment":[{"href":"https:\/\/hellowp.io\/hu\/wp-json\/wp\/v2\/media?parent=2020"}],"wp:term":[{"taxonomy":"product_brand","embeddable":true,"href":"https:\/\/hellowp.io\/hu\/wp-json\/wp\/v2\/product_brand?post=2020"},{"taxonomy":"product_cat","embeddable":true,"href":"https:\/\/hellowp.io\/hu\/wp-json\/wp\/v2\/product_cat?post=2020"},{"taxonomy":"product_tag","embeddable":true,"href":"https:\/\/hellowp.io\/hu\/wp-json\/wp\/v2\/product_tag?post=2020"}],"curies":[{"name":"wp","href":"https:\/\/api.w.org\/{rel}","templated":true}]}}