{"id":17494,"date":"2019-11-15T18:06:06","date_gmt":"2019-11-15T17:06:06","guid":{"rendered":"https:\/\/hellowp.io\/hu\/?post_type=product&#038;p=17494"},"modified":"2025-04-12T14:52:25","modified_gmt":"2025-04-12T13:52:25","slug":"hello-lawyer-komplett-weboldal-ugyvedek-reszere","status":"publish","type":"product","link":"https:\/\/hellowp.io\/hu\/t\/hello-lawyer-komplett-weboldal-ugyvedek-reszere\/","title":{"rendered":"Hello Lawyer &#8211; komplett weboldal \u00fcgyv\u00e9dek r\u00e9sz\u00e9re"},"content":{"rendered":"<p>Azonnal haszn\u00e1lhat\u00f3 komplett weboldal \u00fcgyv\u00e9dek r\u00e9sz\u00e9re, nem ig\u00e9nyel fejleszt\u00e9st, csak a tartalmakat kell felt\u00f6ltened \u00e9s m\u00e1r indulhat is.<\/p>\n<p><strong><u>Az eg\u00e9sz oldal kezel\u00e9se nagyon egyszer\u0171<\/u>,<\/strong>\u00a0hiszen DIVI szerkeszt\u0151vel k\u00e9sz\u00fclt, teh\u00e1t b\u00e1rmikor (k\u00fcl\u00f6n\u00f6sebb szak\u00e9rtelem n\u00e9lk\u00fcl) tudod m\u00f3dos\u00edtani, szerkeszteni az oldal \u00f6sszes r\u00e9sz\u00e9t.<\/p>\n<p>A fejleszt\u00e9s \u00e9s szerkeszt\u00e9s sor\u00e1n arra t\u00f6rekedt\u00fcnk, hogy a lehet\u0151 legjobb eredm\u00e9nyeket \u00e9rj el az oldallal a Google-ben. Betartottuk a Google \u00e1ltal fel\u00e1ll\u00edtott aj\u00e1nl\u00e1sokat, szab\u00e1lyokat, illetve \u00fagy optimaliz\u00e1ltuk az oldalt, hogy a gyors legyen mobilon \u00e9s sz\u00e1m\u00edt\u00f3g\u00e9pen egyar\u00e1nt, a bet\u00f6lt\u00e9si sebess\u00e9g kevesebb, mint f\u00e9l m\u00e1sodperc (\u00e1tlagosan 429 ms alatt t\u00f6lt be az oldalt), ami\u00a0<strong>hihetetlen\u00fcl gyors<\/strong>!<\/p>\n<p><strong>Mit\u00a0<u>tartalmaz<\/u>\u00a0az aj\u00e1nlat?<\/strong><\/p>\n<ul>\n<li>A\u00a0<strong>teljes megjelen\u00e9st<\/strong>, a komplett weboldalt<\/li>\n<li>A felhaszn\u00e1lt\u00a0<strong>\u00f6sszes k\u00e9pet<\/strong><\/li>\n<li><strong>LOGO-t vektoros form\u00e1tumban<\/strong>\u00a0(PDF, AI)<\/li>\n<\/ul>\n<p><strong>Hogyan kapom meg az oldalt?<\/strong><\/p>\n<p>Egy k\u00f6nnyen kezelhet\u0151 telep\u00edt\u0151t tartalmaz.\u00a0<a href=\"https:\/\/www.youtube.com\/watch?v=Y28_0t3u8Io\" target=\"_blank\" rel=\"noopener noreferrer\">Vide\u00f3 a haszn\u00e1lat\u00e1r\u00f3l<\/a><\/p>\n<p><strong>Mi t\u00f6rt\u00e9nik v\u00e1s\u00e1rl\u00e1s ut\u00e1n?<\/strong><\/p>\n<p>A v\u00e1s\u00e1rl\u00e1s ut\u00e1n koll\u00e9g\u00e1nk felkeres email-ben, vagy telefonon \u00e9s ha szeretn\u00e9d seg\u00edt\u00fcnk a weboldal kezdeti telep\u00edt\u00e9s\u00e9ben\/be\u00e1ll\u00edt\u00e1s\u00e1ban.<\/p>\n<p><strong>Mit tehetek az oldallal?<\/strong><\/p>\n<ul>\n<li>Korl\u00e1tlan ideig haszn\u00e1lhatod<\/li>\n<li>Korl\u00e1tlan weboldalon haszn\u00e1lhatod<\/li>\n<li>\u00dcgyfeleiddel szabadon megoszthatod\/eladhatod<\/li>\n<\/ul>\n<p><strong>A weboldal tartalmazza az \u00f6sszes license \u00e9s be\u00e1ll\u00edt\u00e1si k\u00f6lts\u00e9get.<\/strong><\/p>\n<p><strong><u>FIGYELEM! A Weboldal haszn\u00e1lat\u00e1hoz DIVI-re van sz\u00fcks\u00e9g!<\/u><\/strong> B\u00e1r kapsz egy DIVI-t hozz\u00e1, amit haszn\u00e1lhatsz, de friss\u00edt\u00e9sekhez \u00e9s t\u00e1mogat\u00e1shoz API kulcsra lesz sz\u00fcks\u00e9ged!<\/p>\n","protected":false},"excerpt":{"rendered":"<p>Komplett, m\u0171k\u00f6d\u0151 beauty webshop bankk\u00e1rty\u00e1s fizet\u00e9ssel. [&#8230;]<\/p>\n<p><a class=\"btn btn-secondary understrap-read-more-link\" href=\"https:\/\/hellowp.io\/hu\/t\/hello-lawyer-komplett-weboldal-ugyvedek-reszere\/\">Read More&#8230;<span class=\"screen-reader-text\"> from Hello Lawyer &#8211; komplett weboldal \u00fcgyv\u00e9dek r\u00e9sz\u00e9re<\/span><\/a><\/p>\n","protected":false},"featured_media":17497,"comment_status":"open","ping_status":"closed","template":"","meta":{"_seopress_robots_primary_cat":"none","_seopress_titles_title":"","_seopress_titles_desc":"Azonnal haszn\u00e1lhat\u00f3 komplett weboldal \u00fcgyv\u00e9dek r\u00e9sz\u00e9re.","_seopress_robots_index":""},"product_brand":[],"product_cat":[26],"product_tag":[160,142,66,138],"class_list":{"0":"post-17494","1":"product","2":"type-product","3":"status-publish","4":"has-post-thumbnail","6":"product_cat-komplett-weboldal","7":"product_tag-d","8":"product_tag-divi-mega-weboldal","9":"product_tag-klub","10":"product_tag-ugyved-weboldal","11":"wcpv_product_vendors-divi-mega-team","13":"first","14":"instock","15":"sale","16":"downloadable","17":"virtual","18":"taxable","19":"purchasable","20":"product-type-simple"},"_links":{"self":[{"href":"https:\/\/hellowp.io\/hu\/wp-json\/wp\/v2\/product\/17494","targetHints":{"allow":["GET"]}}],"collection":[{"href":"https:\/\/hellowp.io\/hu\/wp-json\/wp\/v2\/product"}],"about":[{"href":"https:\/\/hellowp.io\/hu\/wp-json\/wp\/v2\/types\/product"}],"replies":[{"embeddable":true,"href":"https:\/\/hellowp.io\/hu\/wp-json\/wp\/v2\/comments?post=17494"}],"wp:featuredmedia":[{"embeddable":true,"href":"https:\/\/hellowp.io\/hu\/wp-json\/wp\/v2\/media\/17497"}],"wp:attachment":[{"href":"https:\/\/hellowp.io\/hu\/wp-json\/wp\/v2\/media?parent=17494"}],"wp:term":[{"taxonomy":"product_brand","embeddable":true,"href":"https:\/\/hellowp.io\/hu\/wp-json\/wp\/v2\/product_brand?post=17494"},{"taxonomy":"product_cat","embeddable":true,"href":"https:\/\/hellowp.io\/hu\/wp-json\/wp\/v2\/product_cat?post=17494"},{"taxonomy":"product_tag","embeddable":true,"href":"https:\/\/hellowp.io\/hu\/wp-json\/wp\/v2\/product_tag?post=17494"}],"curies":[{"name":"wp","href":"https:\/\/api.w.org\/{rel}","templated":true}]}}