{"id":1615,"date":"2019-02-04T07:42:56","date_gmt":"2019-02-04T06:42:56","guid":{"rendered":"https:\/\/hellowp.io\/hu\/?post_type=product&#038;p=1615"},"modified":"2025-06-21T18:25:11","modified_gmt":"2025-06-21T17:25:11","slug":"weboldal-koltoztetes-uj-domainre","status":"publish","type":"product","link":"https:\/\/hellowp.io\/hu\/t\/weboldal-koltoztetes-uj-domainre\/","title":{"rendered":"Weboldal k\u00f6lt\u00f6ztet\u00e9s \u00faj domainre"},"content":{"rendered":"<p>Gyakori dolog, amikor egy WordPress oldalt \u00e1t szeretn\u00e9nk tenni egy \u00faj domainre, viszont ilyenkor sz\u00e1mos dologra kell figyelni:<\/p>\n<ul>\n<li>R\u00e9gi URL c\u00edmek \u00e1t\u00edr\u00e1sa az \u00fajra, hogy ne legyen hib\u00e1s link a tartalomban<\/li>\n<li>Google \u00e1tir\u00e1ny\u00edt\u00e1sa az \u00faj oldalra, hogy <strong>ne vesz\u00edts\u00fck el a kiharcolt helyez\u00e9seket a tal\u00e1lati indexben<\/strong><\/li>\n<li>Google \u00e9rtes\u00edt\u00e9se a v\u00e1ltoz\u00e1sr\u00f3l<\/li>\n<\/ul>\n<p><u>Ezeket mind megcsin\u00e1ljuk helyetted!<\/u><\/p>\n<p><strong>Titoktart\u00e1ssal \u00e9s m\u0171k\u00f6d\u00e9si garanci\u00e1val!\u00a0<\/strong><\/p>\n","protected":false},"excerpt":{"rendered":"<p>\u00daj domainre szeretn\u00e9d m\u00e1solni a WordPress oldaladat? Megcsin\u00e1ljuk helyetted profin! [&#8230;]<\/p>\n<p><a class=\"btn btn-secondary understrap-read-more-link\" href=\"https:\/\/hellowp.io\/hu\/t\/weboldal-koltoztetes-uj-domainre\/\">Read More&#8230;<span class=\"screen-reader-text\"> from Weboldal k\u00f6lt\u00f6ztet\u00e9s \u00faj domainre<\/span><\/a><\/p>\n","protected":false},"featured_media":1932,"comment_status":"open","ping_status":"closed","template":"","meta":{"_seopress_robots_primary_cat":"none","_seopress_titles_title":"","_seopress_titles_desc":"","_seopress_robots_index":""},"product_brand":[],"product_cat":[29],"product_tag":[161,133],"class_list":{"0":"post-1615","1":"product","2":"type-product","3":"status-publish","4":"has-post-thumbnail","6":"product_cat-weboldal-gondozas","7":"product_tag-m","8":"product_tag-szolgaltatas","9":"wcpv_product_vendors-olah-gergely","11":"first","12":"instock","13":"taxable","14":"shipping-taxable","15":"purchasable","16":"product-type-simple"},"_links":{"self":[{"href":"https:\/\/hellowp.io\/hu\/wp-json\/wp\/v2\/product\/1615","targetHints":{"allow":["GET"]}}],"collection":[{"href":"https:\/\/hellowp.io\/hu\/wp-json\/wp\/v2\/product"}],"about":[{"href":"https:\/\/hellowp.io\/hu\/wp-json\/wp\/v2\/types\/product"}],"replies":[{"embeddable":true,"href":"https:\/\/hellowp.io\/hu\/wp-json\/wp\/v2\/comments?post=1615"}],"wp:featuredmedia":[{"embeddable":true,"href":"https:\/\/hellowp.io\/hu\/wp-json\/wp\/v2\/media\/1932"}],"wp:attachment":[{"href":"https:\/\/hellowp.io\/hu\/wp-json\/wp\/v2\/media?parent=1615"}],"wp:term":[{"taxonomy":"product_brand","embeddable":true,"href":"https:\/\/hellowp.io\/hu\/wp-json\/wp\/v2\/product_brand?post=1615"},{"taxonomy":"product_cat","embeddable":true,"href":"https:\/\/hellowp.io\/hu\/wp-json\/wp\/v2\/product_cat?post=1615"},{"taxonomy":"product_tag","embeddable":true,"href":"https:\/\/hellowp.io\/hu\/wp-json\/wp\/v2\/product_tag?post=1615"}],"curies":[{"name":"wp","href":"https:\/\/api.w.org\/{rel}","templated":true}]}}