{"id":1614,"date":"2019-02-04T07:41:45","date_gmt":"2019-02-04T06:41:45","guid":{"rendered":"https:\/\/hellowp.io\/hu\/?post_type=product&#038;p=1614"},"modified":"2025-06-21T18:24:59","modified_gmt":"2025-06-21T17:24:59","slug":"weboldal-koltoztetes-egyik-tarhelyrol-a-masikra","status":"publish","type":"product","link":"https:\/\/hellowp.io\/hu\/t\/weboldal-koltoztetes-egyik-tarhelyrol-a-masikra\/","title":{"rendered":"Weboldal k\u00f6lt\u00f6ztet\u00e9s egyik t\u00e1rhelyr\u0151l a m\u00e1sikra"},"content":{"rendered":"<p>Levessz\u00fck a v\u00e1lladr\u00f3l a weboldal k\u00f6lt\u00f6ztet\u00e9s teljes ny\u0171gj\u00e9t, illetve az esetleges \u00fcgyint\u00e9z\u00e9s\u00e9t is. Szerencs\u00e9re a legt\u00f6bb magyar t\u00e1rhelyszolg\u00e1ltat\u00f3t ismerj\u00fck, s\u0151t sok helyen priv\u00e1t kontaktjaink is vannak.<\/p>\n","protected":false},"excerpt":{"rendered":"<p>Weboldal k\u00f6lt\u00f6ztet\u00e9s egyik szolg\u00e1ltat\u00f3t\u00f3l a m\u00e1sikhoz, fennakad\u00e1sok \u00e9s le\u00e1ll\u00e1s n\u00e9lk\u00fcl. [&#8230;]<\/p>\n<p><a class=\"btn btn-secondary understrap-read-more-link\" href=\"https:\/\/hellowp.io\/hu\/t\/weboldal-koltoztetes-egyik-tarhelyrol-a-masikra\/\">Read More&#8230;<span class=\"screen-reader-text\"> from Weboldal k\u00f6lt\u00f6ztet\u00e9s egyik t\u00e1rhelyr\u0151l a m\u00e1sikra<\/span><\/a><\/p>\n","protected":false},"featured_media":1934,"comment_status":"open","ping_status":"closed","template":"","meta":{"_seopress_robots_primary_cat":"none","_seopress_titles_title":"","_seopress_titles_desc":"","_seopress_robots_index":""},"product_brand":[],"product_cat":[29],"product_tag":[161,133],"class_list":{"0":"post-1614","1":"product","2":"type-product","3":"status-publish","4":"has-post-thumbnail","6":"product_cat-weboldal-gondozas","7":"product_tag-m","8":"product_tag-szolgaltatas","9":"wcpv_product_vendors-webmi-io","11":"first","12":"instock","13":"virtual","14":"taxable","15":"purchasable","16":"product-type-simple"},"_links":{"self":[{"href":"https:\/\/hellowp.io\/hu\/wp-json\/wp\/v2\/product\/1614","targetHints":{"allow":["GET"]}}],"collection":[{"href":"https:\/\/hellowp.io\/hu\/wp-json\/wp\/v2\/product"}],"about":[{"href":"https:\/\/hellowp.io\/hu\/wp-json\/wp\/v2\/types\/product"}],"replies":[{"embeddable":true,"href":"https:\/\/hellowp.io\/hu\/wp-json\/wp\/v2\/comments?post=1614"}],"wp:featuredmedia":[{"embeddable":true,"href":"https:\/\/hellowp.io\/hu\/wp-json\/wp\/v2\/media\/1934"}],"wp:attachment":[{"href":"https:\/\/hellowp.io\/hu\/wp-json\/wp\/v2\/media?parent=1614"}],"wp:term":[{"taxonomy":"product_brand","embeddable":true,"href":"https:\/\/hellowp.io\/hu\/wp-json\/wp\/v2\/product_brand?post=1614"},{"taxonomy":"product_cat","embeddable":true,"href":"https:\/\/hellowp.io\/hu\/wp-json\/wp\/v2\/product_cat?post=1614"},{"taxonomy":"product_tag","embeddable":true,"href":"https:\/\/hellowp.io\/hu\/wp-json\/wp\/v2\/product_tag?post=1614"}],"curies":[{"name":"wp","href":"https:\/\/api.w.org\/{rel}","templated":true}]}}