{"id":1610,"date":"2019-02-03T15:22:21","date_gmt":"2019-02-03T14:22:21","guid":{"rendered":"https:\/\/hellowp.io\/hu\/?post_type=product&#038;p=1610"},"modified":"2022-03-19T19:32:37","modified_gmt":"2022-03-19T18:32:37","slug":"kepek-optimalizalasa","status":"publish","type":"product","link":"https:\/\/hellowp.io\/hu\/t\/kepek-optimalizalasa\/","title":{"rendered":"K\u00e9pek optimaliz\u00e1l\u00e1sa"},"content":{"rendered":"<p>A weboldalak bet\u00f6lt\u00e9si sebess\u00e9ge az egyik legfontosabb t\u00e9nyez\u0151 ma az interneten. A bet\u00f6lt\u00e9si sebess\u00e9g gyorsas\u00e1g\u00e1nak f\u00fcggv\u00e9ny\u00e9ben cs\u00f6kkenhet a visszafordul\u00e1si ar\u00e1ny, n\u00f6vekedhet a forgalom a Google-b\u0151l, illetve ez\u00e1ltal p\u00e9ld\u00e1ul a shopunk bev\u00e9tele is. <strong><u>A nagym\u00e9ret\u0171 k\u00e9pek bet\u00f6lt\u00e9si sebess\u00e9ge nagyban lass\u00edtja az oldalakat. Seg\u00edt\u00fcnk rajta, min\u0151s\u00e9groml\u00e1s n\u00e9lk\u00fcl cs\u00f6kkentj\u00fck a k\u00e9pek m\u00e9ret\u00e9t!<\/u><\/strong><\/p>\n<p>A folyamat nagyon egyszer\u0171. K\u00e9sz\u00edt\u00fcnk egy teljes ment\u00e9st a weboldaladr\u00f3l. A ment\u00e9s befejezt\u00e9vel elkezdj\u00fck a munk\u00e1latokat.<\/p>\n<p>A k\u00e9peid m\u00e9ret\u00e9t a tinypng.com -on kereszt\u00fcl cs\u00f6kkentj\u00fck. Letesztelheted a hat\u00e9konys\u00e1g\u00e1t a https:\/\/tinypng.com\/ -on.<\/p>\n<h4 class=\"underline-deep-primary\">Mire van sz\u00fcks\u00e9g\u00fcnk?<\/h4>\n<ul>\n<li>FTP vagy SFTP vagy SSH vagy CPANEL (t\u00e1rhely admin) hozz\u00e1f\u00e9r\u00e9sre<\/li>\n<\/ul>\n<h4 class=\"underline-deep-primary\">Felt\u00e9telek<\/h4>\n<ul>\n<li>Nincs korl\u00e1toz\u00e1s, b\u00e1rmennyi k\u00e9ped lehet!<\/li>\n<li>T\u00e1mogatott form\u00e1tumok: JPG, JPEG, PNG, GIF, APNG, SVG<\/li>\n<\/ul>\n<p>&nbsp;<\/p>\n","protected":false},"excerpt":{"rendered":"<p>A weboldalak bet\u00f6lt\u00e9si sebess\u00e9ge az egyik legfontosabb t\u00e9nyez\u0151 ma az interneten. A bet\u00f6lt\u00e9si sebess\u00e9g gyorsas\u00e1g\u00e1nak f\u00fcggv\u00e9ny\u00e9ben cs\u00f6kkenhet a visszafordul\u00e1si ar\u00e1ny, n\u00f6vekedhet a forgalom a Google-b\u0151l, illetve ez\u00e1ltal p\u00e9ld\u00e1ul a shopunk bev\u00e9tele is. <strong><u>A nagym\u00e9ret\u0171 k\u00e9pek bet\u00f6lt\u00e9si sebess\u00e9ge nagyban lass\u00edtja az oldalakat. Seg\u00edt\u00fcnk rajta, min\u0151s\u00e9groml\u00e1s n\u00e9lk\u00fcl cs\u00f6kkentj\u00fck a k\u00e9pek m\u00e9ret\u00e9t!<\/u><\/strong> [&#8230;]<\/p>\n<p><a class=\"btn btn-secondary understrap-read-more-link\" href=\"https:\/\/hellowp.io\/hu\/t\/kepek-optimalizalasa\/\">Read More&#8230;<span class=\"screen-reader-text\"> from K\u00e9pek optimaliz\u00e1l\u00e1sa<\/span><\/a><\/p>\n","protected":false},"featured_media":1915,"comment_status":"open","ping_status":"closed","template":"","meta":{"_seopress_robots_primary_cat":"","_seopress_titles_title":"","_seopress_titles_desc":"A nagym\u00e9ret\u0171 k\u00e9pek bet\u00f6lt\u00e9si sebess\u00e9ge nagyban lass\u00edtja az oldalakat. Seg\u00edt\u00fcnk rajta, min\u0151s\u00e9groml\u00e1s n\u00e9lk\u00fcl cs\u00f6kkentj\u00fck a k\u00e9pek m\u00e9ret\u00e9t!","_seopress_robots_index":""},"product_brand":[],"product_cat":[29],"product_tag":[161,133],"class_list":{"0":"post-1610","1":"product","2":"type-product","3":"status-publish","4":"has-post-thumbnail","6":"product_cat-weboldal-gondozas","7":"product_tag-m","8":"product_tag-szolgaltatas","9":"wcpv_product_vendors-petho-gergely","11":"first","12":"instock","13":"sale","14":"taxable","15":"shipping-taxable","16":"purchasable","17":"product-type-simple"},"_links":{"self":[{"href":"https:\/\/hellowp.io\/hu\/wp-json\/wp\/v2\/product\/1610","targetHints":{"allow":["GET"]}}],"collection":[{"href":"https:\/\/hellowp.io\/hu\/wp-json\/wp\/v2\/product"}],"about":[{"href":"https:\/\/hellowp.io\/hu\/wp-json\/wp\/v2\/types\/product"}],"replies":[{"embeddable":true,"href":"https:\/\/hellowp.io\/hu\/wp-json\/wp\/v2\/comments?post=1610"}],"wp:featuredmedia":[{"embeddable":true,"href":"https:\/\/hellowp.io\/hu\/wp-json\/wp\/v2\/media\/1915"}],"wp:attachment":[{"href":"https:\/\/hellowp.io\/hu\/wp-json\/wp\/v2\/media?parent=1610"}],"wp:term":[{"taxonomy":"product_brand","embeddable":true,"href":"https:\/\/hellowp.io\/hu\/wp-json\/wp\/v2\/product_brand?post=1610"},{"taxonomy":"product_cat","embeddable":true,"href":"https:\/\/hellowp.io\/hu\/wp-json\/wp\/v2\/product_cat?post=1610"},{"taxonomy":"product_tag","embeddable":true,"href":"https:\/\/hellowp.io\/hu\/wp-json\/wp\/v2\/product_tag?post=1610"}],"curies":[{"name":"wp","href":"https:\/\/api.w.org\/{rel}","templated":true}]}}