{"id":12468,"date":"2019-09-23T10:34:28","date_gmt":"2019-09-23T09:34:28","guid":{"rendered":"https:\/\/hellowp.io\/hu\/?post_type=product&#038;p=12468"},"modified":"2020-09-29T17:51:07","modified_gmt":"2020-09-29T16:51:07","slug":"wordpress-bloghalozat-letrehozasa","status":"publish","type":"product","link":"https:\/\/hellowp.io\/hu\/t\/wordpress-bloghalozat-letrehozasa\/","title":{"rendered":"WordPress blogh\u00e1l\u00f3zat l\u00e9trehoz\u00e1sa"},"content":{"rendered":"<p>A WordPress blogh\u00e1l\u00f3zat seg\u00edts\u00e9g\u00e9vel l\u00e9trehozhatsz egy WordPress-en bel\u00fcl t\u00f6bb weboldalt, vagy blogot. Eld\u00f6ntheted, hogy z\u00e1rt, vagy ny\u00edlt legyen. A ny\u00edlt rendszer eset\u00e9ben hasonl\u00f3 weboldalt kapsz, mint amilyenek az ingyenes blog oldalak (p\u00e9ld\u00e1ul blog.hu). Term\u00e9szetesen, be is z\u00e1rhatod, \u00edgy csak te tudsz l\u00e9trehozni \u00faj oldalakat.<\/p>\n<p>Az oldalak form\u00e1tuma lehet aldomain (valami.pelda.hu), vagy almappa (pelda.hu\/valami).<\/p>\n<h3><u>Mit kapsz a p\u00e9nzed\u00e9rt?<\/u><\/h3>\n<ul>\n<li>Elv\u00e9gezz\u00fck a sz\u00fcks\u00e9ges technikai be\u00e1ll\u00edt\u00e1sokat a t\u00e1rhelyen (amennyiben sz\u00fcks\u00e9ges, felvessz\u00fck a kapcsolatot a t\u00e1rhelyszolg\u00e1ltat\u00f3val)<\/li>\n<li>Be\u00e1ll\u00edtjuk a regisztr\u00e1ci\u00f3s\/bel\u00e9p\u0151 oldalakat<\/li>\n<li>Be\u00e1ll\u00edtjuk az admin<\/li>\n<li>Korl\u00e1tozzuk a b\u0151v\u00edtm\u00e9nyek\/sablonok hozz\u00e1f\u00e9r\u00e9s\u00e9t<\/li>\n<li>Meg\u00f3vjuk a h\u00e1l\u00f3zatot a SPAM regisztr\u00e1ci\u00f3kt\u00f3l (ami visszat\u00e9r\u0151 probl\u00e9ma szokott lenni)<\/li>\n<li>Cache rendszer telep\u00edt\u00e9se\/be\u00e1ll\u00edt\u00e1sa<\/li>\n<\/ul>\n","protected":false},"excerpt":{"rendered":"<p>Szeretn\u00e9l egy olyan blogh\u00e1l\u00f3zatot, mint mondjuk a blog.hu? Seg\u00edt\u00fcnk l\u00e9trehozni. [&#8230;]<\/p>\n<p><a class=\"btn btn-secondary understrap-read-more-link\" href=\"https:\/\/hellowp.io\/hu\/t\/wordpress-bloghalozat-letrehozasa\/\">Read More&#8230;<span class=\"screen-reader-text\"> from WordPress blogh\u00e1l\u00f3zat l\u00e9trehoz\u00e1sa<\/span><\/a><\/p>\n","protected":false},"featured_media":12473,"comment_status":"open","ping_status":"closed","template":"","meta":{"_seopress_robots_primary_cat":"none","_seopress_titles_title":"","_seopress_titles_desc":"","_seopress_robots_index":""},"product_brand":[],"product_cat":[132],"product_tag":[161],"class_list":{"0":"post-12468","1":"product","2":"type-product","3":"status-publish","4":"has-post-thumbnail","6":"product_cat-szolgaltatasok","7":"product_tag-m","8":"wcpv_product_vendors-hellowp-csapat","10":"first","11":"instock","12":"virtual","13":"taxable","14":"purchasable","15":"product-type-simple"},"_links":{"self":[{"href":"https:\/\/hellowp.io\/hu\/wp-json\/wp\/v2\/product\/12468","targetHints":{"allow":["GET"]}}],"collection":[{"href":"https:\/\/hellowp.io\/hu\/wp-json\/wp\/v2\/product"}],"about":[{"href":"https:\/\/hellowp.io\/hu\/wp-json\/wp\/v2\/types\/product"}],"replies":[{"embeddable":true,"href":"https:\/\/hellowp.io\/hu\/wp-json\/wp\/v2\/comments?post=12468"}],"wp:featuredmedia":[{"embeddable":true,"href":"https:\/\/hellowp.io\/hu\/wp-json\/wp\/v2\/media\/12473"}],"wp:attachment":[{"href":"https:\/\/hellowp.io\/hu\/wp-json\/wp\/v2\/media?parent=12468"}],"wp:term":[{"taxonomy":"product_brand","embeddable":true,"href":"https:\/\/hellowp.io\/hu\/wp-json\/wp\/v2\/product_brand?post=12468"},{"taxonomy":"product_cat","embeddable":true,"href":"https:\/\/hellowp.io\/hu\/wp-json\/wp\/v2\/product_cat?post=12468"},{"taxonomy":"product_tag","embeddable":true,"href":"https:\/\/hellowp.io\/hu\/wp-json\/wp\/v2\/product_tag?post=12468"}],"curies":[{"name":"wp","href":"https:\/\/api.w.org\/{rel}","templated":true}]}}