{"id":106656,"date":"2021-08-12T14:57:19","date_gmt":"2021-08-12T13:57:19","guid":{"rendered":"https:\/\/hellowp.io\/hu\/?post_type=product&#038;p=106656"},"modified":"2023-03-17T15:58:42","modified_gmt":"2023-03-17T14:58:42","slug":"byunjcgmmhptivsh","status":"publish","type":"product","link":"https:\/\/hellowp.io\/hu\/t\/byunjcgmmhptivsh\/","title":{"rendered":"garfieldmagazin.hu fejleszt\u00e9s"},"content":{"rendered":"<p>garfieldmagazin.hu \u00fajra\u00e9p\u00edt\u00e9se DIVI rendszerben: https:\/\/garfieldmagazin.hellowp.dev\/<\/p>\n<p>&nbsp;<\/p>\n","protected":false},"excerpt":{"rendered":"<p>garfieldmagazin.hu \u00fajra\u00e9p\u00edt\u00e9se DIVI rendszerben: https:\/\/garfieldmagazin.hellowp.dev\/ &nbsp; [&#8230;]<\/p>\n<p><a class=\"btn btn-secondary understrap-read-more-link\" href=\"https:\/\/hellowp.io\/hu\/t\/byunjcgmmhptivsh\/\">Read More&#8230;<span class=\"screen-reader-text\"> from garfieldmagazin.hu fejleszt\u00e9s<\/span><\/a><\/p>\n","protected":false},"featured_media":106658,"comment_status":"open","ping_status":"closed","template":"","meta":{"_seopress_robots_primary_cat":"none","_seopress_titles_title":"","_seopress_titles_desc":"","_seopress_robots_index":""},"product_brand":[],"product_cat":[113],"product_tag":[297],"class_list":{"0":"post-106656","1":"product","2":"type-product","3":"status-publish","4":"has-post-thumbnail","6":"product_cat-nevre-szolo-ajanlatok","7":"product_tag-x","9":"first","10":"instock","11":"taxable","12":"shipping-taxable","13":"purchasable","14":"product-type-simple"},"_links":{"self":[{"href":"https:\/\/hellowp.io\/hu\/wp-json\/wp\/v2\/product\/106656","targetHints":{"allow":["GET"]}}],"collection":[{"href":"https:\/\/hellowp.io\/hu\/wp-json\/wp\/v2\/product"}],"about":[{"href":"https:\/\/hellowp.io\/hu\/wp-json\/wp\/v2\/types\/product"}],"replies":[{"embeddable":true,"href":"https:\/\/hellowp.io\/hu\/wp-json\/wp\/v2\/comments?post=106656"}],"wp:featuredmedia":[{"embeddable":true,"href":"https:\/\/hellowp.io\/hu\/wp-json\/wp\/v2\/media\/106658"}],"wp:attachment":[{"href":"https:\/\/hellowp.io\/hu\/wp-json\/wp\/v2\/media?parent=106656"}],"wp:term":[{"taxonomy":"product_brand","embeddable":true,"href":"https:\/\/hellowp.io\/hu\/wp-json\/wp\/v2\/product_brand?post=106656"},{"taxonomy":"product_cat","embeddable":true,"href":"https:\/\/hellowp.io\/hu\/wp-json\/wp\/v2\/product_cat?post=106656"},{"taxonomy":"product_tag","embeddable":true,"href":"https:\/\/hellowp.io\/hu\/wp-json\/wp\/v2\/product_tag?post=106656"}],"curies":[{"name":"wp","href":"https:\/\/api.w.org\/{rel}","templated":true}]}}