{"id":95,"date":"2018-12-09T12:56:28","date_gmt":"2018-12-09T12:56:28","guid":{"rendered":"https:\/\/hellowp2.hellodevs.dev\/?page_id=95"},"modified":"2024-07-01T11:18:37","modified_gmt":"2024-07-01T10:18:37","slug":"cookie","status":"publish","type":"page","link":"https:\/\/hellowp.io\/hu\/cookie\/","title":{"rendered":"Cookie"},"content":{"rendered":"\r\n<p>A jelen S\u00fcti (angolul Cookie) Szab\u00e1lyzat (a tov\u00e1bbiakban: cookie) a TooEarlyBird LLC, mint szolg\u00e1ltat\u00f3 (\u201cSzolg\u00e1ltat\u00f3\u201d) \u00e1ltal \u00fczemeltetett honlap haszn\u00e1lat\u00e1ra vonatkoz\u00f3 cookie felt\u00e9teleket tartalmazz\u00e1k. A weboldal kialak\u00edt\u00e1s\u00e1n\u00e1l figyelt\u00fcnk a cookie-k tov\u00e1bbi felhaszn\u00e1l\u00e1s\u00e1ra vonatkoz\u00f3 el\u0151\u00edr\u00e1sokra.<\/p>\r\n\r\n\r\n\r\n<p>K\u00e9rj\u00fck, hogy a dokumentumot figyelmesen olvassa el \u00e9s csak akkor vegye ig\u00e9nybe szolg\u00e1ltat\u00e1sainkat, amennyiben minden pontj\u00e1val egyet\u00e9rt \u00e9s azokat \u00f6nre (a tov\u00e1bbiakban: Felhaszn\u00e1l\u00f3) n\u00e9zve k\u00f6telez\u0151 \u00e9rv\u00e9ny\u0171nek elfogadja. Felh\u00edvjuk figyelm\u00e9t, hogy jelen szab\u00e1lyzat csak az adott weboldalon t\u00f6rt\u00e9n\u0151 cookie-kezel\u00e9sre vonatkozik. Amennyiben \u00f6n a honlapon tal\u00e1lhat\u00f3, k\u00fcls\u0151 ir\u00e1nyba t\u00f6rt\u00e9n\u0151 hivatkoz\u00e1sra kattint, akkor keresse meg \u00e9s olvassa \u00e1t azon weboldal saj\u00e1t szab\u00e1lyzat\u00e1t is.<\/p>\r\n\r\n\r\n\r\n<h3 class=\"wp-block-heading\">A COOKIE \/ S\u00dcTI<\/h3>\r\n\r\n\r\n\r\n<p>A cookie vagy s\u00fcti jelent\u00e9se: file-ok vagy inform\u00e1ci\u00f3 darabk\u00e1k, amelyeket internetes b\u00f6ng\u00e9sz\u0151je ment le honlapunkr\u00f3l \u00e9s t\u00e1rolja azokat az \u00d6n g\u00e9p\u00e9n. Ezeknek a cookie-knak a seg\u00edts\u00e9g\u00e9vel ismeri fel a honlapunk anyagait t\u00e1rol\u00f3 szerver sz\u00e1m\u00edt\u00f3g\u00e9p a honlapunkra t\u00f6rt\u00e9n\u0151 visszal\u00e1togat\u00e1sakor, hogy \u00d6n m\u00e1r j\u00e1rt a honlapjainkon.<\/p>\r\n\r\n\r\n\r\n<p>A legt\u00f6bb internetes b\u00f6ng\u00e9sz\u0151 alapbe\u00e1ll\u00edt\u00e1s\u00e1b\u00f3l kifoly\u00f3lag elfogad cookie-kat. Ha \u00fagy gondolja, \u00e1t\u00e1ll\u00edthatja b\u00f6ng\u00e9sz\u0151j\u00e9t, hogy a cookie-kat visszautas\u00edtsa vagy figyelmeztesse \u00d6nt arra, hogy cookie-kat k\u00fcldtek az \u00d6n g\u00e9p\u00e9re. Weboldalunk haszn\u00e1l ilyen cookie f\u00e1jlokat, egyes funkci\u00f3k biztos\u00edt\u00e1sa \u00e9rdek\u00e9ben vagy csup\u00e1n k\u00e9nyelmi okok miatt. Az \u00e1ltalunk haszn\u00e1lt cookie-k\u00a0nem terhelik, lass\u00edtj\u00e1k \u00e9s nem okoznak k\u00e1rt az \u00d6n sz\u00e1m\u00edt\u00f3g\u00e9p\u00e9ben.<\/p>\r\n\r\n\r\n\r\n<p>Az oldal Harmadik f\u00e9lt\u0151l sz\u00e1rmaz\u00f3 cookie-k, s\u00fctik haszn\u00e1lata is t\u00f6rt\u00e9nik a weboldalon.\u00a0A cookie-k, s\u00fctit t\u00f6r\u00f6lhet\u0151ek \u00e9s tilthat\u00f3ak a b\u00f6ng\u00e9sz\u0151kb\u0151l. Tov\u00e1bb\u00e1 le is tilthat\u00f3ak a s\u00fctik, cookie-k. Ezen be\u00e1ll\u00edt\u00e1sair\u00f3l a b\u00f6ng\u00e9sz\u0151 hivatalos weboldal\u00e1n tal\u00e1l inform\u00e1ci\u00f3t.<\/p>\r\n\r\n\r\n\r\n<h3 class=\"wp-block-heading\">MI A COOKIE-K C\u00c9LJA?<\/h3>\r\n\r\n\r\n\r\n<p>T\u00f6bbf\u00e9le c\u00e9lra is haszn\u00e1ljuk ezeket a technol\u00f3gi\u00e1kat, p\u00e9ld\u00e1ul a Felhaszn\u00e1l\u00f3 sz\u00e1m\u00e1ra legrelev\u00e1nsabb tartalom vagy hirdet\u00e9s megjelen\u00edt\u00e9s\u00e9re; term\u00e9keink \u00e9s szolg\u00e1ltat\u00e1saink tov\u00e1bbfejleszt\u00e9s\u00e9re; valamint szolg\u00e1ltat\u00e1saink biztons\u00e1g\u00e1nak meg\u0151rz\u00e9s\u00e9re. Az \u00e1ltalunk haszn\u00e1lt cookie-k, k\u00e9ppontok \u00e9s egy\u00e9b hasonl\u00f3 technol\u00f3gi\u00e1k pontos neve a szolg\u00e1ltat\u00e1sok fejleszt\u00e9s\u00e9vel \u00e9s friss\u00edt\u00e9s\u00e9vel id\u0151r\u0151l-id\u0151re v\u00e1ltozhat.<\/p>\r\n\r\n\r\n\r\n<h3 class=\"wp-block-heading\">HOGYAN KELETKEZIK A COOKIE?<\/h3>\r\n\r\n\r\n\r\n<p>El\u0151sz\u00f6r a kliens g\u00e9p k\u00fcld egy k\u00e9r\u00e9st a kiszolg\u00e1l\u00f3 ir\u00e1ny\u00e1ba. Ekkor a kiszolg\u00e1l\u00f3 l\u00e9trehoz egy egyedi azonos\u00edt\u00f3t \u00e9s ezt elt\u00e1rolja a saj\u00e1t adatb\u00e1zis\u00e1ban, majd az \u00edgy l\u00e9trehozott cookie-t az \u00f6sszes inform\u00e1ci\u00f3val visszak\u00fcldi a kliensnek. Az \u00edgy visszakapott inform\u00e1ci\u00f3s cookie elt\u00e1rol\u00f3dik a kliens g\u00e9pen.<\/p>\r\n\r\n\r\n\r\n<h3 class=\"wp-block-heading\">HOGYAN HASZN\u00c1L\u00d3DIK A COOKIE?<\/h3>\r\n\r\n\r\n\r\n<p>Amikor a kliens g\u00e9p \u00fajra kapcsolatba l\u00e9p a kiszolg\u00e1l\u00f3val m\u00e1r hozz\u00e1csatolja az el\u0151z\u0151leg m\u00e1r l\u00e9trehozott \u00e9s elt\u00e1rolt cookie-t. A kiszolg\u00e1l\u00f3 \u00f6sszehasonl\u00edtja a kapott \u00e9s az \u00e1ltala t\u00e1rolt cookie tartalm\u00e1t. Ez \u00e1ltal k\u00f6nnyed\u00e9n azonos\u00edtja pl. a regisztr\u00e1lt felhaszn\u00e1l\u00f3t.<\/p>\r\n\r\n\r\n\r\n<h3 class=\"wp-block-heading\">MILYEN COOKIE-T HASZN\u00c1LUNK?<\/h3>\r\n\r\n\r\n\r\n<p>T\u00f6bbf\u00e9le cookie van haszn\u00e1latban, de minden weboldal m\u00e1sf\u00e9le t\u00edpus\u00faakat haszn\u00e1l. Honlapunk \u00e1ltal\u00e1ban csak az al\u00e1bbiakat haszn\u00e1lja, de a fejleszt\u00e9sek alkalm\u00e1val el\u0151fordulhat, hogy az eddigieken fel\u00fcl \u00fajabb fajt\u00e1katt is alkalmazunk.<\/p>\r\n\r\n\r\n\r\n<p><strong>Munkameneti\/\u00c1tmeneti cookie:<\/strong><\/p>\r\n\r\n\r\n\r\n<ul class=\"wp-block-list\">\r\n<li>ezek a cookie-k csak \u00e1tmenetileg ker\u00fclnek az ideiglenes mem\u00f3ri\u00e1ba, ameddig a felhaszn\u00e1l\u00f3 az oldalon navig\u00e1l. Amikor a felhaszn\u00e1l\u00f3 bez\u00e1rja a b\u00f6ng\u00e9sz\u0151t a cookie t\u00f6rl\u0151dik. Ezek a cookie-k nem tartalmaznak szem\u00e9lyes adatokat \u00e9s nem alkalmasak arra, hogy a l\u00e1togat\u00f3t beazonos\u00edtsa.<\/li>\r\n<\/ul>\r\n\r\n\r\n\r\n<p><strong>T\u00e1rolt\/\u00c1lland\u00f3 cookie:<\/strong><\/p>\r\n\r\n\r\n\r\n<ul class=\"wp-block-list\">\r\n<li>ezek azok a cookie-k, amelyek minden alkalommal haszn\u00e1latba ker\u00fclnek, amikor a felhaszn\u00e1l\u00f3 az oldalra l\u00e1togat. A cookie-k fajt\u00e1ja alapj\u00e1n az al\u00e1bbiak szerint haszn\u00e1lhatjuk ezeket:<\/li>\r\n<\/ul>\r\n\r\n\r\n\r\n<p><strong>Analitika\/Elemz\u00e9s:<\/strong><\/p>\r\n\r\n\r\n\r\n<ul class=\"wp-block-list\">\r\n<li>ez mutatja meg, hogy a weboldalon bel\u00fcl merre j\u00e1rt, milyen term\u00e9keket n\u00e9zett meg, mit csin\u00e1lt. A cookie \u00e9lettartam\u00e1t\u00f3l f\u00fcgg\u0151en marad a kliens g\u00e9pen. Olyan funkci\u00f3k haszn\u00e1lhatj\u00e1k, mint p\u00e9ld\u00e1ul a Google Analytics vagy a Youtube. Ezek a cookie-k nem tartalmaznak szem\u00e9lyes adatokat \u00e9s nem alkalmasak arra, hogy a l\u00e1togat\u00f3t beazonos\u00edtsa.<\/li>\r\n<\/ul>\r\n\r\n\r\n\r\n<p><strong>K\u00f6z\u00f6ss\u00e9gi h\u00e1l\u00f3zatok:<\/strong><\/p>\r\n\r\n\r\n\r\n<ul class=\"wp-block-list\">\r\n<li>lehet\u0151v\u00e9 teszi, hogy k\u00f6nnyen hozz\u00e1f\u00e9rjen a k\u00f6z\u00f6ss\u00e9gi m\u00e9dia h\u00e1l\u00f3zatokhoz, megoszthassa v\u00e9lem\u00e9ny\u00e9t, term\u00e9keink inform\u00e1ci\u00f3it m\u00e1sokkal. olyan harmadik f\u00e9l \u00e1ltal ny\u00fajtott funkci\u00f3k haszn\u00e1lhatj\u00e1k, mint p\u00e9ld\u00e1ul a Facebook, Twitter, Google+, Pinterest vagy a Youtube. Ezek a cookie-k tartalmazhatnak szem\u00e9lyes adatokat \u00e9s alkalmasak a l\u00e1togat\u00f3 beazonos\u00edt\u00e1s\u00e1ra.<\/li>\r\n<\/ul>\r\n\r\n\r\n\r\n<p><strong>M\u00e9dia:<\/strong><\/p>\r\n\r\n\r\n\r\n<ul class=\"wp-block-list\">\r\n<li>ezek seg\u00edts\u00e9g\u00e9vel k\u00e9pes p\u00e9ld\u00e1ul vide\u00f3kat megtekinteni az oldalon. Olyan harmadik f\u00e9l \u00e1ltal ny\u00fajtott funkci\u00f3k haszn\u00e1lj\u00e1k, mint p\u00e9ld\u00e1ul a Youtube. Ezek a cookie-k nem tartalmaznak szem\u00e9lyes adatokat \u00e9s nem alkalmasak arra, hogy a l\u00e1togat\u00f3t beazonos\u00edtsa.<\/li>\r\n<\/ul>\r\n\r\n\r\n\r\n<p><strong>Funkcion\u00e1lis:<\/strong><\/p>\r\n\r\n\r\n\r\n<ul class=\"wp-block-list\">\r\n<li>ez mutatja meg, hogy a felhaszn\u00e1l\u00f3 j\u00e1rt e m\u00e1r az oldalon \u00e9s azt milyen eszk\u00f6zzel tette. Megjegyzi a felhaszn\u00e1l\u00f3 nevet, jelsz\u00f3t, v\u00e1lasztott nyelvet, tart\u00f3zkod\u00e1si inform\u00e1ci\u00f3kat. Ezek a cookie-k tartalmazhatnak szem\u00e9lyes adatokat \u00e9s alkalmasak a l\u00e1togat\u00f3 beazonos\u00edt\u00e1s\u00e1ra.<\/li>\r\n<\/ul>\r\n\r\n\r\n\r\n<p><strong>Rekl\u00e1m:<\/strong><\/p>\r\n\r\n\r\n\r\n<ul class=\"wp-block-list\">\r\n<li>ezek seg\u00edts\u00e9g\u00e9vel az \u00e9rdekl\u0151d\u00e9s\u00e9nek megfelel\u0151 inform\u00e1ci\u00f3kat, h\u00edrleveleket tudok k\u00fcldeni a felhaszn\u00e1l\u00f3nak. Ezek a cookie-k tartalmazhatnak szem\u00e9lyes adatokat \u00e9s alkalmasak a l\u00e1togat\u00f3 beazonos\u00edt\u00e1s\u00e1ra.<\/li>\r\n<\/ul>\r\n\r\n\r\n\r\n<p><em>A Cookie-k fajt\u00e1ival \u00e9s teljes m\u00e9rt\u00e9k\u0171 funkci\u00f3jukat le\u00edr\u00f3 inform\u00e1ci\u00f3kkal kapcsolatban keresse fel a www.allaboutcookies.org weboldalt.<\/em><\/p>\r\n\r\n\r\n\r\n<h3 class=\"wp-block-heading\">HOGYAN T\u00d6RT\u00c9NIK A COOKIE-K KEZEL\u00c9SE?<\/h3>\r\n\r\n\r\n\r\n<p>K\u00fcl\u00f6nf\u00e9le m\u00f3dokon, de a kliensnek lehet\u0151s\u00e9ge van t\u00f6bbf\u00e9le m\u00f3don be\u00e1ll\u00edtani a cookie-k kezel\u00e9s\u00e9re vonatkoz\u00f3an b\u00f6ng\u00e9sz\u0151j\u00e9t. \u00c1ltal\u00e1noss\u00e1gban elmondhat\u00f3, hogy az al\u00e1bbiak szerint h\u00e1romf\u00e9le m\u00f3don \u00e1ll\u00edthat\u00f3ak be a b\u00f6ng\u00e9sz\u0151k:<\/p>\r\n\r\n\r\n\r\n<ul class=\"wp-block-list\">\r\n<li>Minden cookie elfogad\u00e1sa<\/li>\r\n<li>Minden cookie elutas\u00edt\u00e1sa<\/li>\r\n<li>Minden egyes cookie haszn\u00e1latr\u00f3l \u00e9rtes\u00edt\u00e9s k\u00e9r\u00e9se<\/li>\r\n<\/ul>\r\n\r\n\r\n\r\n<p>A cookie-k be\u00e1ll\u00edt\u00e1saival kapcsolatban \u00e9rdemes k\u00f6r\u00fcln\u00e9zni b\u00f6ng\u00e9sz\u0151je \u201eOpci\u00f3k\u201d vagy \u201eBe\u00e1ll\u00edt\u00e1sok\u201d men\u00fcj\u00e9ben vagy ig\u00e9ybe venni keres\u0151je \u201eSeg\u00edts\u00e9g\u201d men\u00fcj\u00e9t. A leggyakrabban haszn\u00e1lt b\u00f6ng\u00e9sz\u0151k be\u00e1ll\u00edt\u00e1saival kapcsolatban seg\u00edts\u00e9get ny\u00fajthatnak az al\u00e1bbi weboldalak.<\/p>\r\n\r\n\r\n\r\n<ul class=\"wp-block-list\">\r\n<li>Internet Explorer<\/li>\r\n<li>Firefox<\/li>\r\n<li>Chrome<\/li>\r\n<\/ul>\r\n\r\n\r\n\r\n<p>Fontos megjegyezni, hogy a weboldal cookie kezel\u00e9ssel k\u00e9sz\u00fclt. Amennyiben a kliens r\u00e9szlegesen vagy teljes eg\u00e9sz\u00e9ben letiltja ezek haszn\u00e1lat\u00e1t, megakad\u00e1lyozhatja a weboldal m\u0171k\u00f6d\u00e9s\u00e9t. Amennyiben ez \u00edgy t\u00f6rt\u00e9nik, lehetnek olyan funkci\u00f3k \u00e9s szolg\u00e1ltat\u00e1sok, amelyeket nem fog tudni ig\u00e9nybe venni teljes, vagy r\u00e9szleges m\u00e9rt\u00e9kben.<\/p>\r\n\r\n\r\n\r\n<p>Akkor is haszn\u00e1lunk cookie-kat, ha nincs a Felhaszn\u00e1l\u00f3nak regisztr\u00e1lt fi\u00f3kja, illetve ha kijelentkezett a fi\u00f3kb\u00f3l. Ha p\u00e9ld\u00e1ul a Felhaszn\u00e1l\u00f3 kijelentkezett a fi\u00f3kj\u00e1b\u00f3l, a k\u00f6vetkez\u0151k megk\u00f6nny\u00edt\u00e9s\u00e9re haszn\u00e1lunk cookie-kat:<\/p>\r\n\r\n\r\n\r\n<ul class=\"wp-block-list\">\r\n<li>lev\u00e9lszemetet (spam) k\u00fcld\u0151k fi\u00f3kjainak azonos\u00edt\u00e1sa \u00e9s letilt\u00e1sa<\/li>\r\n<li>a fi\u00f3k helyre\u00e1ll\u00edt\u00e1sa, ha esetleg elvesztene a hozz\u00e1f\u00e9r\u00e9s<\/li>\r\n<li>tov\u00e1bbi biztons\u00e1gi funkci\u00f3k biztos\u00edt\u00e1sa, mint p\u00e9ld\u00e1ul a bejelentkez\u00e9si \u00e9rtes\u00edt\u00e9sek \u00e9s a bejelentkez\u00e9s-j\u00f3v\u00e1hagy\u00e1sok<\/li>\r\n<li>kiskor\u00fa szem\u00e9lyek hamis sz\u00fclet\u00e9si d\u00e1tummal val\u00f3 regisztr\u00e1l\u00e1s\u00e1nak megakad\u00e1lyoz\u00e1sa<\/li>\r\n<li>az oldalon \u00e9s m\u00e1shol megjelen\u00edtett hirdet\u00e9sek megjelen\u00edt\u00e9se, kiv\u00e1laszt\u00e1sa, \u00e9rt\u00e9kel\u00e9se, m\u00e9r\u00e9se \u00e9s \u00e9rtelmez\u00e9se (a t\u00e1rsv\u00e1llalkoz\u00e1saink vagy partnereink \u00e1ltal vagy nev\u00e9ben megjelen\u00edtett hirdet\u00e9seket is bele\u00e9rtve)<\/li>\r\n<li>elemz\u00e9si inform\u00e1ci\u00f3k \u00f6ssze\u00e1ll\u00edt\u00e1sa azokr\u00f3l a szem\u00e9lyekr\u0151l, akik szolg\u00e1ltat\u00e1sainkkal, valamint hirdet\u0151ink \u00e9s partnereink weboldalaival \u00e9rintkez\u00e9sbe l\u00e9pnek.<\/li>\r\n<\/ul>\r\n\r\n\r\n\r\n<p>A szolg\u00e1ltat\u00e1sok \u00e9s haszn\u00e1l\u00f3inak rosszindulat\u00fa tev\u00e9kenys\u00e9gekkel szembeni v\u00e9delem \u00e9rdek\u00e9ben akkor is elhelyez\u00fcnk cookie-kat, ha nincs a Felhaszn\u00e1l\u00f3nak fi\u00f3kja regisztr\u00e1lva, de ell\u00e1togatott a webhely\u00fcnkre. P\u00e9ld\u00e1ul ezek a cookie-k seg\u00edtenek \u00e9szleln\u00fcnk \u00e9s megakad\u00e1lyoznunk a szolg\u00e1ltat\u00e1s megszak\u00edt\u00e1s\u00e1t c\u00e9lz\u00f3 t\u00e1mad\u00e1sokat, valamint a hamis fi\u00f3kok t\u00f6meges l\u00e9trehoz\u00e1s\u00e1t.<\/p>\r\n\r\n\r\n\r\n<p>Ha a b\u00f6ng\u00e9sz\u0151ben, vagy a k\u00e9sz\u00fcl\u00e9ken vannak cookie-k, le tudjuk olvasni az adott cookie-t, amikor k\u00f6z\u00f6ss\u00e9gi modullal rendelkez\u0151 weboldalra l\u00e1togat. A K\u00f6z\u00f6ss\u00e9gi honlapok (Facebook, Twitter, LinkedIn, GooglePlus) \u00e1ltal l\u00e9trehozott cookie-k\u00e9rt azon oldalakat \u00fczemeltet\u0151 felel, melyr\u0151l az adott k\u00f6z\u00f6ss\u00e9gi oldal honlapj\u00e1n tud inform\u00e1l\u00f3dni.<\/p>\r\n","protected":false},"excerpt":{"rendered":"<p>A jelen S\u00fcti (angolul Cookie) Szab\u00e1lyzat (a tov\u00e1bbiakban: cookie) a TooEarlyBird LLC, mint szolg\u00e1ltat\u00f3 (\u201cSzolg\u00e1ltat\u00f3\u201d) \u00e1ltal \u00fczemeltetett honlap haszn\u00e1lat\u00e1ra vonatkoz\u00f3 cookie felt\u00e9teleket tartalmazz\u00e1k. A weboldal kialak\u00edt\u00e1s\u00e1n\u00e1l figyelt\u00fcnk a cookie-k tov\u00e1bbi felhaszn\u00e1l\u00e1s\u00e1ra vonatkoz\u00f3 el\u0151\u00edr\u00e1sokra. K\u00e9rj\u00fck, hogy a dokumentumot figyelmesen olvassa el \u00e9s csak akkor vegye ig\u00e9nybe szolg\u00e1ltat\u00e1sainkat, amennyiben minden pontj\u00e1val egyet\u00e9rt \u00e9s azokat \u00f6nre (a tov\u00e1bbiakban: [&#8230;]<\/p>\n<p><a class=\"btn btn-secondary understrap-read-more-link\" href=\"https:\/\/hellowp.io\/hu\/cookie\/\">Read More&#8230;<span class=\"screen-reader-text\"> from Cookie<\/span><\/a><\/p>\n","protected":false},"author":8,"featured_media":0,"parent":0,"menu_order":0,"comment_status":"closed","ping_status":"closed","template":"","meta":{"_seopress_robots_primary_cat":"","_seopress_titles_title":"","_seopress_titles_desc":"Mi is ut\u00e1ljuk a s\u00fctiket, hizlal, hiszen tele van sz\u00e9nhidr\u00e1ttal.","_seopress_robots_index":"","footnotes":""},"class_list":["post-95","page","type-page","status-publish","hentry"],"_links":{"self":[{"href":"https:\/\/hellowp.io\/hu\/wp-json\/wp\/v2\/pages\/95","targetHints":{"allow":["GET"]}}],"collection":[{"href":"https:\/\/hellowp.io\/hu\/wp-json\/wp\/v2\/pages"}],"about":[{"href":"https:\/\/hellowp.io\/hu\/wp-json\/wp\/v2\/types\/page"}],"author":[{"embeddable":true,"href":"https:\/\/hellowp.io\/hu\/wp-json\/wp\/v2\/users\/8"}],"replies":[{"embeddable":true,"href":"https:\/\/hellowp.io\/hu\/wp-json\/wp\/v2\/comments?post=95"}],"version-history":[{"count":1,"href":"https:\/\/hellowp.io\/hu\/wp-json\/wp\/v2\/pages\/95\/revisions"}],"predecessor-version":[{"id":305057,"href":"https:\/\/hellowp.io\/hu\/wp-json\/wp\/v2\/pages\/95\/revisions\/305057"}],"wp:attachment":[{"href":"https:\/\/hellowp.io\/hu\/wp-json\/wp\/v2\/media?parent=95"}],"curies":[{"name":"wp","href":"https:\/\/api.w.org\/{rel}","templated":true}]}}