{"id":93,"date":"2018-12-09T12:56:22","date_gmt":"2018-12-09T12:56:22","guid":{"rendered":"https:\/\/hellowp2.hellodevs.dev\/?page_id=93"},"modified":"2024-09-26T09:12:15","modified_gmt":"2024-09-26T08:12:15","slug":"aszf","status":"publish","type":"page","link":"https:\/\/hellowp.io\/hu\/aszf\/","title":{"rendered":"\u00c1SZF"},"content":{"rendered":"\r\n<p><strong><u>Egyszer\u0171 \u00e9s \u00e9rthet\u0151 szerz\u0151d\u00e9si felt\u00e9telek!<\/u><\/strong><\/p>\r\n\r\n\r\n\r\n<p>A Hellowp.io egy olyan weboldal (a tov\u00e1bbiakban: \u201eWeboldal\u201d), amely lehet\u0151v\u00e9 teszi a v\u00e9gfelhaszn\u00e1l\u00f3k sz\u00e1m\u00e1ra, hogy a WordPress ny\u00edlt forr\u00e1sk\u00f3d\u00fa rendszerhez kieg\u00e9sz\u00edt\u0151 term\u00e9keket, szoftvereket \u00e9s egy\u00e9b szolg\u00e1ltat\u00e1sokat v\u00e1s\u00e1roljanak.<\/p>\r\n\r\n\r\n\r\n<p>A Weboldal haszn\u00e1latakor licenceket v\u00e1s\u00e1rolhatsz, illetve inform\u00e1ci\u00f3kat \u00e9s szolg\u00e1ltat\u00e1sokat kaphatsz. A szoftvereket GNU\/GPL alapon \u00e9rt\u00e9kes\u00edtj\u00fck, a licenc felt\u00e9teleinek megfelel\u0151en, \u00e9s nem garant\u00e1ljuk azok min\u0151s\u00e9g\u00e9t.<\/p>\r\n\r\n\r\n\r\n<h2 class=\"wp-block-heading\"><strong>1. Piact\u00e9r<\/strong><\/h2>\r\n\r\n\r\n\r\n<p>A Weboldal harmadik felek sz\u00e1m\u00e1ra (K\u00f6zrem\u0171k\u00f6d\u0151k) lehet\u0151s\u00e9get k\u00edn\u00e1l arra, hogy saj\u00e1t term\u00e9keiket \u00e9s szolg\u00e1ltat\u00e1saikat a Hellowp.io piacter\u00e9n kereszt\u00fcl \u00e9rt\u00e9kes\u00edts\u00e9k jutal\u00e9k\u00e9rt cser\u00e9be.<\/p>\r\n\r\n\r\n\r\n<p>A Weboldal nem v\u00e1llal felel\u0151ss\u00e9get harmadik felek term\u00e9keivel kapcsolatos esetleges vit\u00e1k\u00e9rt vagy k\u00e1rok\u00e9rt, kiv\u00e9ve a HelloWP saj\u00e1t, c\u00edmk\u00e9zett term\u00e9keit.<\/p>\r\n\r\n\r\n\r\n<h2 class=\"wp-block-heading\"><strong>2. T\u00e1mogat\u00e1s<\/strong><\/h2>\r\n\r\n\r\n\r\n<p>A Weboldal term\u00e9kt\u00e1mogat\u00e1st ny\u00fajt minden befejezett v\u00e1s\u00e1rl\u00e1ssal rendelkez\u0151 \u00fcgyf\u00e9lnek. A term\u00e9kt\u00e1mogat\u00e1si csatorn\u00e1k itt tal\u00e1lhat\u00f3k: <a href=\"https:\/\/hellowp.io\/hu\/tamogatas\/\">https:\/\/hellowp.io\/hu\/tamogatas\/<\/a><\/p>\r\n\r\n\r\n\r\n<h2 class=\"wp-block-heading\"><strong>3. Regisztr\u00e1ci\u00f3<\/strong><\/h2>\r\n\r\n\r\n\r\n<p>A Weboldalon t\u00f6rt\u00e9n\u0151 regisztr\u00e1ci\u00f3 sor\u00e1n elfogadod a k\u00f6vetkez\u0151ket:<\/p>\r\n\r\n\r\n\r\n<ul class=\"wp-block-list\">\r\n<li>T\u00f6rv\u00e9nyes kor\u00fa vagy, \u00e9s jogilag k\u00f6telez\u0151 erej\u0171 szerz\u0151d\u00e9s l\u00e9trehoz\u00e1s\u00e1ra alkalmas vagy.<\/li>\r\n<li><strong>Elfogadod, hogy e-mailben \u00e9s SMS-ben kapcsolatba l\u00e9phet\u00fcnk veled, illetve \u00e9rtes\u00edt\u00e9seket k\u00fcldhet\u00fcnk friss\u00edt\u00e9sekr\u0151l \u00e9s \u00fajdons\u00e1gokr\u00f3l.<\/strong><\/li>\r\n<\/ul>\r\n\r\n\r\n\r\n<h2 class=\"wp-block-heading\"><strong>4. Fizet\u00e9s<\/strong><\/h2>\r\n\r\n\r\n\r\n<h4 class=\"wp-block-heading\">4.1. A v\u00e1s\u00e1rl\u00e1s d\u00edj\u00e1nak fizet\u00e9si m\u00f3dja<\/h4>\r\n\r\n\r\n\r\n<p>A fizetend\u0151 v\u00e9g\u00f6sszeg a v\u00e1s\u00e1rl\u00e1s \u00f6sszes\u00edt\u0151je \u00e9s visszaigazol\u00f3 lev\u00e9l alapj\u00e1n minden k\u00f6lts\u00e9get tartalmaz. A sz\u00e1ml\u00e1t elektronikusan k\u00fcldj\u00fck a v\u00e1s\u00e1rl\u00e1skor megadott e-mail c\u00edmre. A kos\u00e1r \u00e9rt\u00e9k\u00e9t el\u0151re kell kiegyenl\u00edteni banki \u00e1tutal\u00e1ssal vagy bankk\u00e1rty\u00e1s fizet\u00e9ssel, a <strong>Stripe rendszer\u00e9n kereszt\u00fcl.<\/strong><\/p>\r\n\r\n\r\n\r\n<h4 class=\"wp-block-heading\">4.2. Online fizet\u00e9s<\/h4>\r\n\r\n\r\n\r\n<p>A kiv\u00e1lasztott term\u00e9k ellen\u00e9rt\u00e9k\u00e9t el\u0151re, egy \u00f6sszegben, a Stripe (<a href=\"https:\/\/stripe.com\/\">https:\/\/stripe.com\/<\/a>) fizet\u00e9si rendszeren kereszt\u00fcl bankk\u00e1rtya haszn\u00e1lat\u00e1val online fizeti meg. Az online fizet\u00e9sr\u0151l a Szolg\u00e1ltat\u00f3 elektronikus sz\u00e1ml\u00e1t \u00e1ll\u00edt ki, melyet a Felhaszn\u00e1l\u00f3nak az e-mail c\u00edm\u00e9re k\u00fcld meg.<\/p>\r\n\r\n\r\n\r\n<h2 class=\"wp-block-heading\"><strong>5. P\u00e9nzvisszafizet\u00e9si garancia<\/strong><\/h2>\r\n\r\n\r\n\r\n<p>A <strong>v\u00e1s\u00e1rl\u00e1st k\u00f6vet\u0151en p\u00e9nzvisszat\u00e9r\u00edt\u00e9sre 30 napig van lehet\u0151s\u00e9g<\/strong>. Ezen sz\u00e1nd\u00e9k\u00e1t a felhaszn\u00e1l\u00f3nak halad\u00e9ktalanul e-mailben jeleznie kell a support@hellowp.io\/hu e-mail c\u00edmen.<\/p>\r\n\r\n\r\n\r\n<h2 class=\"wp-block-heading\"><strong>6. Felel\u0151ss\u00e9gv\u00e1llal\u00e1s \u00e9s j\u00f3t\u00e1ll\u00e1s<\/strong><\/h2>\r\n\r\n\r\n\r\n<h4 class=\"wp-block-heading\">6.1. A felel\u0151ss\u00e9g korl\u00e1toz\u00e1sa<\/h4>\r\n\r\n\r\n\r\n<p>Ha a t\u00f6rv\u00e9ny m\u00e1sk\u00e9pp nem rendelkezik, a Weboldal tulajdonosai vagy K\u00f6zrem\u0171k\u00f6d\u0151i nem felel\u0151sek semmilyen k\u00e1r\u00e9rt, bele\u00e9rtve, de nem korl\u00e1tozva a Weboldal haszn\u00e1lat\u00e1b\u00f3l b\u00e1rmilyen m\u00f3don k\u00f6vetkez\u0151 munkak\u00e9pess\u00e9g-cs\u00f6kken\u00e9sre, profitveszt\u00e9sre vagy adatveszt\u00e9sre.<\/p>\r\n\r\n\r\n\r\n<h4 class=\"wp-block-heading\">6.2. J\u00f3t\u00e1ll\u00e1s<\/h4>\r\n\r\n\r\n\r\n<p>A Weboldalt jelen form\u00e1j\u00e1ban biztos\u00edtjuk, a Weboldalra \u00e9s\/vagy a Weboldal \u00e1ltal biztos\u00edtott tartalomra, adatra, anyagokra \u00e9s\/vagy szolg\u00e1ltat\u00e1sokra vonatkoz\u00f3 b\u00e1rmifajta j\u00f3t\u00e1ll\u00e1s n\u00e9lk\u00fcl.<\/p>\r\n\r\n\r\n\r\n<h2 class=\"wp-block-heading\"><strong>7. Titoktart\u00e1s<\/strong><\/h2>\r\n\r\n\r\n\r\n<p>A v\u00e1s\u00e1rl\u00e1ssal egy\u00fattal elfogadod a <a href=\"https:\/\/hellowp.io\/hu\/titoktartas\/\" target=\"_blank\" rel=\"noreferrer noopener\" aria-label=\"\">titoktart\u00e1si meg\u00e1llapod\u00e1st<\/a>, amelyet a HelloWP is mag\u00e1ra k\u00f6telez\u0151 \u00e9rv\u00e9ny\u0171nek tekint.<\/p>\r\n\r\n\r\n\r\n<h2 class=\"wp-block-heading\"><strong>8. D\u00f6nt\u0151b\u00edr\u00e1skod\u00e1s<\/strong><\/h2>\r\n\r\n\r\n\r\n<p>A Weboldal felhaszn\u00e1l\u00f3ja hozz\u00e1j\u00e1rul ahhoz, hogy b\u00e1rmely, a Weboldalb\u00f3l vagy jelen felel\u0151ss\u00e9gkiz\u00e1r\u00e1sb\u00f3l k\u00f6vetkez\u0151, vagy ezekkel kapcsolatban felmer\u00fcl\u0151 vit\u00e1s k\u00e9rd\u00e9st, kiv\u00e9ve a szerz\u0151i jogokkal, log\u00f3kkal, v\u00e9djegyekkel, m\u00e1rkanevekkel, \u00fczleti titkokkal vagy szabadalmakkal kapcsolatosakat, v\u00e1lasztottb\u00edr\u00f3s\u00e1g \u00fatj\u00e1n rendez.<\/p>\r\n\r\n\r\n\r\n<h2 class=\"wp-block-heading\"><strong>9. \u00dczemeltet\u00e9s \u00e9s lev\u00e9lk\u00fcld\u00e9s felt\u00e9telei<\/strong><\/h2>\r\n\r\n\r\n\r\n<p><a href=\"https:\/\/docs.google.com\/document\/d\/1zfYf6Lr8IZIjwlw3BTaj1CyW5YdHA9BrLpU1YIpPl_8\/export?format=pdf\" target=\"_blank\" rel=\"noreferrer noopener\" aria-label=\"Let\u00f6lt\u00e9s PDF-ben (opens in a new tab)\">Let\u00f6lt\u00e9s PDF-ben<\/a><\/p>\r\n\r\n\r\n\r\n<h2 class=\"wp-block-heading\"><strong>10. El\u0151fizet\u00e9sek felt\u00e9telei\/kezel\u00e9se<\/strong><\/h2>\r\n\r\n\r\n\r\n<p><a href=\"https:\/\/hellowp.io\/hu\/elofizetesek-kezelese\/\" target=\"_blank\" rel=\"noreferrer noopener\" aria-label=\"\">El\u0151fizet\u00e9sek kezel\u00e9se<\/a><\/p>\r\n\r\n\r\n\r\n<h2 class=\"wp-block-heading\"><strong>11. Fair Use Policy<\/strong><\/h2>\r\n\r\n\r\n\r\n<p><a href=\"https:\/\/hellowp.io\/hu\/aszf\/hellopack-fair-use-policy\/\">HelloPack Fair Use Policy<\/a><\/p>\r\n\r\n\r\n\r\n<p>Utols\u00f3 m\u00f3dos\u00edt\u00e1s: 2024-09-01<\/p>\r\n","protected":false},"excerpt":{"rendered":"<p>Egyszer\u0171 \u00e9s \u00e9rthet\u0151 szerz\u0151d\u00e9si felt\u00e9telek! A Hellowp.io egy olyan weboldal (a tov\u00e1bbiakban: \u201eWeboldal\u201d), amely lehet\u0151v\u00e9 teszi a v\u00e9gfelhaszn\u00e1l\u00f3k sz\u00e1m\u00e1ra, hogy a WordPress ny\u00edlt forr\u00e1sk\u00f3d\u00fa rendszerhez kieg\u00e9sz\u00edt\u0151 term\u00e9keket, szoftvereket \u00e9s egy\u00e9b szolg\u00e1ltat\u00e1sokat v\u00e1s\u00e1roljanak. A Weboldal haszn\u00e1latakor licenceket v\u00e1s\u00e1rolhatsz, illetve inform\u00e1ci\u00f3kat \u00e9s szolg\u00e1ltat\u00e1sokat kaphatsz. A szoftvereket GNU\/GPL alapon \u00e9rt\u00e9kes\u00edtj\u00fck, a licenc felt\u00e9teleinek megfelel\u0151en, \u00e9s nem garant\u00e1ljuk azok [&#8230;]<\/p>\n<p><a class=\"btn btn-secondary understrap-read-more-link\" href=\"https:\/\/hellowp.io\/hu\/aszf\/\">Read More&#8230;<span class=\"screen-reader-text\"> from \u00c1SZF<\/span><\/a><\/p>\n","protected":false},"author":8,"featured_media":0,"parent":0,"menu_order":0,"comment_status":"closed","ping_status":"closed","template":"","meta":{"_seopress_robots_primary_cat":"","_seopress_titles_title":"","_seopress_titles_desc":"","_seopress_robots_index":"","footnotes":""},"class_list":["post-93","page","type-page","status-publish","hentry"],"_links":{"self":[{"href":"https:\/\/hellowp.io\/hu\/wp-json\/wp\/v2\/pages\/93","targetHints":{"allow":["GET"]}}],"collection":[{"href":"https:\/\/hellowp.io\/hu\/wp-json\/wp\/v2\/pages"}],"about":[{"href":"https:\/\/hellowp.io\/hu\/wp-json\/wp\/v2\/types\/page"}],"author":[{"embeddable":true,"href":"https:\/\/hellowp.io\/hu\/wp-json\/wp\/v2\/users\/8"}],"replies":[{"embeddable":true,"href":"https:\/\/hellowp.io\/hu\/wp-json\/wp\/v2\/comments?post=93"}],"version-history":[{"count":5,"href":"https:\/\/hellowp.io\/hu\/wp-json\/wp\/v2\/pages\/93\/revisions"}],"predecessor-version":[{"id":322027,"href":"https:\/\/hellowp.io\/hu\/wp-json\/wp\/v2\/pages\/93\/revisions\/322027"}],"wp:attachment":[{"href":"https:\/\/hellowp.io\/hu\/wp-json\/wp\/v2\/media?parent=93"}],"curies":[{"name":"wp","href":"https:\/\/api.w.org\/{rel}","templated":true}]}}