{"id":89,"date":"2018-12-09T12:56:06","date_gmt":"2018-12-09T12:56:06","guid":{"rendered":"https:\/\/hellowp2.hellodevs.dev\/?page_id=89"},"modified":"2018-12-09T12:56:06","modified_gmt":"2018-12-09T12:56:06","slug":"impresszum","status":"publish","type":"page","link":"https:\/\/hellowp.io\/hu\/impresszum\/","title":{"rendered":"C\u00e9ginform\u00e1ci\u00f3"},"content":{"rendered":"<div class=\"card border bg-transparent rounded-3 mb-3\">\r\n    <!-- Card header -->\r\n    <div class=\"card-header bg-transparent border-bottom\">\r\n        <h3 class=\"card-header-title mb-0\"><i class=\"fad fa-at text-info\"><\/i> Email c\u00edmeink<\/h3>\r\n    <\/div>\r\n    <!-- Card body -->\r\n    <div class=\"card-body\">\r\n\r\n        <ul class=\"list-group list-group-flush\">\r\n            <li class=\"list-group-item\"><strong>\u00c1ltal\u00e1nos inform\u00e1ci\u00f3, \u00fcgyf\u00e9lszolg\u00e1lat:<\/strong> support@hellowp.io\r\n            <\/li>\r\n            <li class=\"list-group-item\"><strong>Sz\u00e1ml\u00e1z\u00e1s:<\/strong> billing@hellowp.io<\/li>\r\n            <li class=\"list-group-item\"><strong>M\u0171szaki inform\u00e1ci\u00f3:<\/strong> support@hellowp.io<\/li>\r\n            <li class=\"list-group-item\"><strong>Partnerprogram:<\/strong> partnerprogram@hellowp.io<\/li>\r\n            <li class=\"list-group-item\"><strong>\u00dcgyvezet\u0151:<\/strong> karl@hellowp.io (csak angolul)<\/li>\r\n            <li class=\"list-group-item\"><strong>Vissza\u00e9l\u00e9s-bejelent\u00e9s:<\/strong> abuse@hellowp.io<\/li>\r\n        <\/ul>\r\n\r\n\r\n    <\/div>\r\n<\/div>\r\n\r\n<div class=\"card border bg-transparent rounded-3 mb-3\">\r\n    <!-- Card header -->\r\n    <div class=\"card-header bg-transparent border-bottom\">\r\n        <h3 class=\"card-header-title mb-0\"><i class=\"fad fa-user-clock text-orange\"><\/i> \u00dcgyf\u00e9lszolg\u00e1lat nyitvatart\u00e1s\r\n        <\/h3>\r\n    <\/div>\r\n    <!-- Card body -->\r\n    <div class=\"card-body\">\r\n        <ul class=\"list-group list-group-flush\">\r\n            <li class=\"list-group-item\"><strong>H\u00e9tf\u0151 - P\u00e9ntek:<\/strong> 09:00-16:00<\/li>\r\n        <\/ul>\r\n    <\/div>\r\n<\/div>\r\n\r\n<div class=\"card border bg-transparent rounded-3 mb-3\">\r\n    <!-- Card header -->\r\n    <div class=\"card-header bg-transparent border-bottom\">\r\n        <h3 class=\"card-header-title mb-0\"><i class=\"fad fa-map-signs text-primary\" style=\"--fa-secondary-color: #3a2800 !important;\"><\/i> C\u00e9gadatok<\/h3>\r\n    <\/div>\r\n    <!-- Card body -->\r\n    <div class=\"card-body\">\r\n        <p>\r\n            <h4> TooEarlyBird, LLC<\/h4><br>\r\n            <strong> Sz\u00e9khelye: <\/strong>30 N Gould St Ste N Sheridan, WY 82801<br>\r\n            <strong> \u00dcgyvezet\u0151:<\/strong> Karl Thomson<br><br>\r\n\r\n            <strong> EU Ad\u00f3sz\u00e1m:<\/strong> EU372012685 (technikai ad\u00f3sz\u00e1m)<br><br>\r\n\r\n            <strong> Nyilv\u00e1ntat\u00e1sba bejegyz\u0151 hat\u00f3s\u00e1g: <\/strong>Wyo Secretary of State\r\n\r\n        <\/p>\r\n    <\/div>\r\n<\/div>\n","protected":false},"excerpt":{"rendered":"<p> [&#8230;]<\/p>\n<p><a class=\"btn btn-secondary understrap-read-more-link\" href=\"https:\/\/hellowp.io\/hu\/impresszum\/\">Read More&#8230;<span class=\"screen-reader-text\"> from C\u00e9ginform\u00e1ci\u00f3<\/span><\/a><\/p>\n","protected":false},"author":8,"featured_media":0,"parent":0,"menu_order":0,"comment_status":"closed","ping_status":"closed","template":"","meta":{"_seopress_robots_primary_cat":"","_seopress_titles_title":"","_seopress_titles_desc":"C\u00e9ges adatok r\u00f3lunk. Sz\u00e9khely, banksz\u00e1ml\u00e1k, el\u00e9rhet\u0151s\u00e9gek.","_seopress_robots_index":"","footnotes":""},"class_list":["post-89","page","type-page","status-publish","hentry"],"_links":{"self":[{"href":"https:\/\/hellowp.io\/hu\/wp-json\/wp\/v2\/pages\/89","targetHints":{"allow":["GET"]}}],"collection":[{"href":"https:\/\/hellowp.io\/hu\/wp-json\/wp\/v2\/pages"}],"about":[{"href":"https:\/\/hellowp.io\/hu\/wp-json\/wp\/v2\/types\/page"}],"author":[{"embeddable":true,"href":"https:\/\/hellowp.io\/hu\/wp-json\/wp\/v2\/users\/8"}],"replies":[{"embeddable":true,"href":"https:\/\/hellowp.io\/hu\/wp-json\/wp\/v2\/comments?post=89"}],"version-history":[{"count":0,"href":"https:\/\/hellowp.io\/hu\/wp-json\/wp\/v2\/pages\/89\/revisions"}],"wp:attachment":[{"href":"https:\/\/hellowp.io\/hu\/wp-json\/wp\/v2\/media?parent=89"}],"curies":[{"name":"wp","href":"https:\/\/api.w.org\/{rel}","templated":true}]}}