{"id":86217,"date":"2021-04-30T10:18:07","date_gmt":"2021-04-30T09:18:07","guid":{"rendered":"https:\/\/hellowp2.hellodevs.dev\/?page_id=86217"},"modified":"2021-04-30T10:18:07","modified_gmt":"2021-04-30T09:18:07","slug":"100-ban-megujulo-zoldenergia","status":"publish","type":"page","link":"https:\/\/hellowp.io\/hu\/100-ban-megujulo-zoldenergia\/","title":{"rendered":"100%-ban meg\u00fajul\u00f3 z\u00f6ldenergia"},"content":{"rendered":"\n<p>Manaps\u00e1g egyre t\u00f6bb ember d\u00f6nt \u00fagy, hogy tudatosabban \u00e9li az \u00e9let\u00e9t \u00e9s megpr\u00f3b\u00e1l odafigyelni, hogy mekkora \u00f6kol\u00f3giai l\u00e1bnyomot hagy maga ut\u00e1n.<\/p>\n\n\n\n<p>Szerencs\u00e9re ez a szempont a v\u00e1llalatok sz\u00e1m\u00e1ra is egyre fontosabb. Gondoljunk csak bele, hogy ak\u00e1r egy ruhaipar mennyit v\u00e1ltozott az elm\u00falt \u00e9vekben a felhaszn\u00e1lt anyagokat illet\u0151en, vagy nem besz\u00e9lve az aut\u00f3iparr\u00f3l, ahol a j\u00e1rm\u0171veknek alapjaiban v\u00e1ltozott meg az energia felv\u00e9tele.<\/p>\n\n\n\n<p>Szerencs\u00e9re nincs ez m\u00e1sk\u00e9nt az internet vil\u00e1g\u00e1val sem. El\u00e9g m\u00e1r csak abba belegondolni, hogy egy-egy weboldal m\u00f6g\u00f6tt milyen energiafelhaszn\u00e1l\u00e1sra van sz\u00fcks\u00e9g. 0-24 \u00f3r\u00e1ban m\u0171k\u00f6d\u0151 sz\u00e1m\u00edt\u00f3g\u00e9pek (ezr\u00e9vel), kl\u00edmaberendez\u00e9sek, szervertermek, stb\u2026 ez a sz\u00e1m \u00f3ri\u00e1si!<\/p>\n\n\n\n<p>Annyira \u00f3ri\u00e1si, hogy \u00e9ves szinten 3-4000 ezer milli\u00e1rd forintos \u00e1rbev\u00e9telt gener\u00e1l az \u00e1ramszolg\u00e1ltat\u00f3knak vil\u00e1gszerte \u00e9s ez a sz\u00e1m \u00e9vr\u0151l \u00e9vre n\u00f6vekszik. Az IT karbonl\u00e1bnyomnak k\u00f6r\u00fclbel\u00fcl 5%-\u00e1t tudhatja mag\u00e1\u00e9nak.<\/p>\n\n\n\n<p>Szerencs\u00e9re a megv\u00e1ltozott ig\u00e9nyek \u00e9s a fejlett vil\u00e1g n\u00f6vekv\u0151 k\u00f6rnyezettudatoss\u00e1ga miatt a z\u00f6ld szervertermek sz\u00e1ma vil\u00e1gszerte n\u00f6vekszik. Ezeknek \u00e1ltal\u00e1ban olyan meg\u00fajul\u00f3 energiaforr\u00e1sa van, mint p\u00e9ld\u00e1ul a sz\u00e9l vagy a v\u00edz.<\/p>\n\n\n\n<p>Mivel mi is nagyon fontosnak tartjuk, hogy milyen hat\u00e1ssal vagyunk a k\u00f6rnyezetre, ez\u00e9rt mi is v\u00edzer\u0151m\u0171 \u00e1ltal termelt energi\u00e1t biztos\u00edtunk az \u00f6sszes szerver\u00fcnknek.<\/p>\n\n\n\n<p>Ez\u00e9rt vagyunk b\u00fcszk\u00e9k arra, hogy<\/p>\n\n\n\n<p><strong>a weboldalainkat kiszolg\u00e1l\u00f3 szerver 100%-ban meg\u00fajul\u00f3 energi\u00e1t haszn\u00e1l!<\/strong><\/p>\n\n\n\n<figure class=\"wp-block-image size-large\"><img loading=\"lazy\" decoding=\"async\" width=\"1024\" height=\"478\" src=\"https:\/\/hellowp.io\/hu\/wp-content\/uploads\/2021\/04\/green-2-1024x478.png\" alt=\"\" class=\"wp-image-86233\" srcset=\"https:\/\/hellowp.io\/hu\/wp-content\/uploads\/2021\/04\/green-2-1024x478.png 1024w, https:\/\/hellowp.io\/hu\/wp-content\/uploads\/2021\/04\/green-2-600x280.png 600w, https:\/\/hellowp.io\/hu\/wp-content\/uploads\/2021\/04\/green-2-256x120.png 256w, https:\/\/hellowp.io\/hu\/wp-content\/uploads\/2021\/04\/green-2-768x359.png 768w, https:\/\/hellowp.io\/hu\/wp-content\/uploads\/2021\/04\/green-2-1320x617.png 1320w, https:\/\/hellowp.io\/hu\/wp-content\/uploads\/2021\/04\/green-2-128x60.png 128w, https:\/\/hellowp.io\/hu\/wp-content\/uploads\/2021\/04\/green-2-193x90.png 193w, https:\/\/hellowp.io\/hu\/wp-content\/uploads\/2021\/04\/green-2.png 1368w\" sizes=\"auto, (max-width: 1024px) 100vw, 1024px\" \/><\/figure>\n","protected":false},"excerpt":{"rendered":"<p>Manaps\u00e1g egyre t\u00f6bb ember d\u00f6nt \u00fagy, hogy tudatosabban \u00e9li az \u00e9let\u00e9t \u00e9s megpr\u00f3b\u00e1l odafigyelni, hogy mekkora \u00f6kol\u00f3giai l\u00e1bnyomot hagy maga ut\u00e1n. Szerencs\u00e9re ez a szempont a v\u00e1llalatok sz\u00e1m\u00e1ra is egyre fontosabb. Gondoljunk csak bele, hogy ak\u00e1r egy ruhaipar mennyit v\u00e1ltozott az elm\u00falt \u00e9vekben a felhaszn\u00e1lt anyagokat illet\u0151en, vagy nem besz\u00e9lve az aut\u00f3iparr\u00f3l, ahol a j\u00e1rm\u0171veknek [&#8230;]<\/p>\n<p><a class=\"btn btn-secondary understrap-read-more-link\" href=\"https:\/\/hellowp.io\/hu\/100-ban-megujulo-zoldenergia\/\">Read More&#8230;<span class=\"screen-reader-text\"> from 100%-ban meg\u00fajul\u00f3 z\u00f6ldenergia<\/span><\/a><\/p>\n","protected":false},"author":8,"featured_media":0,"parent":0,"menu_order":0,"comment_status":"closed","ping_status":"closed","template":"","meta":{"_seopress_robots_primary_cat":"","_seopress_titles_title":"","_seopress_titles_desc":"","_seopress_robots_index":"","footnotes":""},"class_list":["post-86217","page","type-page","status-publish","hentry"],"_links":{"self":[{"href":"https:\/\/hellowp.io\/hu\/wp-json\/wp\/v2\/pages\/86217","targetHints":{"allow":["GET"]}}],"collection":[{"href":"https:\/\/hellowp.io\/hu\/wp-json\/wp\/v2\/pages"}],"about":[{"href":"https:\/\/hellowp.io\/hu\/wp-json\/wp\/v2\/types\/page"}],"author":[{"embeddable":true,"href":"https:\/\/hellowp.io\/hu\/wp-json\/wp\/v2\/users\/8"}],"replies":[{"embeddable":true,"href":"https:\/\/hellowp.io\/hu\/wp-json\/wp\/v2\/comments?post=86217"}],"version-history":[{"count":0,"href":"https:\/\/hellowp.io\/hu\/wp-json\/wp\/v2\/pages\/86217\/revisions"}],"wp:attachment":[{"href":"https:\/\/hellowp.io\/hu\/wp-json\/wp\/v2\/media?parent=86217"}],"curies":[{"name":"wp","href":"https:\/\/api.w.org\/{rel}","templated":true}]}}