{"id":814,"date":"2019-01-28T18:20:15","date_gmt":"2019-01-28T18:20:15","guid":{"rendered":"https:\/\/hellowp2.hellodevs.dev\/?page_id=814"},"modified":"2023-06-05T11:06:32","modified_gmt":"2023-06-05T10:06:32","slug":"partnerprogram-mukodesi-szabalyzat","status":"publish","type":"page","link":"https:\/\/hellowp.io\/hu\/partnerprogram-mukodesi-szabalyzat\/","title":{"rendered":"Partnerprogram m\u0171k\u00f6d\u00e9si szab\u00e1lyzat"},"content":{"rendered":"<p>&nbsp;<\/p>\n<p>A Hello WP! partnerprogram lehet\u0151s\u00e9get ad mindenki sz\u00e1m\u00e1ra, hogy egy partnerlinken kereszt\u00fcl anyagi r\u00e1ford\u00edt\u00e1s n\u00e9lk\u00fcl, p\u00e9nzt kereshessen az interneten. A Partnerprogramhoz val\u00f3 csatlakoz\u00e1s jelentkez\u00e9s \u00e9s el\u0151zetes j\u00f3v\u00e1hagy\u00e1s ut\u00e1n<br \/>\nlehets\u00e9ges. A Partnerprogram k\u00f6zponti fel\u00fclete a <a href=\"https:\/\/hellowp.io\/hu\/helloconsole\/beveteleid\/\">https:\/\/hellowp.io\/hu\/helloconsole\/beveteleid\/<\/a> oldalon \u00e9rhet\u0151 el.<\/p>\n<p>&nbsp;<\/p>\n<h3 class=\"underline-deep-primary\">Regisztr\u00e1ci\u00f3<\/h3>\n<p>A Partnerprogramban val\u00f3 r\u00e9szv\u00e9telhez el\u0151bb regisztr\u00e1lni kell a <a href=\"https:\/\/hellowp.io\/hu\/partnerprogram\/\">https:\/\/hellowp.io\/hu\/partnerprogram\/<\/a> oldalon kereszt\u00fcl. A bek\u00fcld\u00f6tt adatokat az <a href=\"https:\/\/hellowp.io\/hu\/adatvedelem\/\">adatv\u00e9delmi<br \/>\nt\u00e1j\u00e9koztat\u00f3<\/a>ban foglaltak szerint kezelj\u00fck.<\/p>\n<p>&nbsp;<\/p>\n<p>&nbsp;<\/p>\n<h3 class=\"underline-deep-primary\">Partnerlink \u2013 cookie alap\u00fa<\/h3>\n<p>A p\u00e9nzkeres\u00e9shez sz\u00fcks\u00e9ges Partnerlinket (k\u00f6vet\u0151k\u00f3d) a jelentkez\u00e9s j\u00f3v\u00e1hagy\u00e1sa ut\u00e1n azonnal aktiv\u00e1ljuk \u00e9s a regisztr\u00e1lt Partner rendelkez\u00e9s\u00e9re bocs\u00e1tjuk. A Partnerlink a<br \/>\n<a href=\"https:\/\/hellowp.io\/hu\">https:\/\/hellowp.io\/hu<\/a> domainhez b\u00e1rmilyen m\u00f3don kapcsolhat\u00f3. P\u00e9ld\u00e1ul: ir\u00e1nyulhat landing oldalra, term\u00e9kre, kateg\u00f3ri\u00e1ra \u00e9s b\u00e1rmilyen aloldalra. A Partnerlink c\u00e9lja az, hogy a gener\u00e1lt\/k\u00f6zvet\u00edtett<br \/>\nv\u00e1s\u00e1rl\u00e1sok ut\u00e1ni jutal\u00e9kot a Partnerlink alapj\u00e1n megfelel\u0151 Partnernek \u00edrjuk j\u00f3v\u00e1. Amennyiben valaki a Partner \u00e1ltal gener\u00e1lt partnerlinkre kattint, akkor a sz\u00e1m\u00edt\u00f3g\u00e9p\u00e9n egy cookie ker\u00fcl elhelyez\u00e9sre, \u00edgy ha ak\u00e1r akkor<br \/>\nis j\u00f3v\u00e1\u00edrjuk a jutal\u00e9kot, ha k\u00e9s\u0151bb t\u00f6rt\u00e9nik a v\u00e1s\u00e1rl\u00e1s, mivel a cookie alapj\u00e1n azonos\u00edthat\u00f3v\u00e1 v\u00e1lik az \u00e9rdekl\u0151d\u0151. Kiv\u00e9ve, ha az \u00e9rdekl\u0151d\u0151 t\u00f6rli a sz\u00e1m\u00edt\u00f3g\u00e9p\u00e9re mentett cookie-kat.<\/p>\n<p>&nbsp;<\/p>\n<p>&nbsp;<\/p>\n<h3 id=\"mce_13\" class=\"underline-deep-primary\">Partnerprogram kezel\u0151fel\u00fclet (admin)<\/h3>\n<p>A regisztr\u00e1ci\u00f3 sor\u00e1n megadott adatokkal b\u00e1rmikor el\u00e9rhet\u0151 a <a href=\"https:\/\/hellowp.io\/hu\/fiok\/affiliate-partner\/\">partnerprogram<br \/>\nkezel\u0151fel\u00fclet<\/a>. A nap 24 \u00f3r\u00e1j\u00e1ban k\u00f6vethet\u0151\/el\u00e9rhet\u0151 a kattint\u00e1si \u00e9s konverzi\u00f3 statisztika, bannerek, kuponok stb\u2026<\/p>\n<p>&nbsp;<\/p>\n<p>&nbsp;<\/p>\n<h3 id=\"mce_2\" class=\"underline-deep-primary\">Bannerek \u00e9s rekl\u00e1mok<\/h3>\n<p>A Partnerprogram kezel\u0151fel\u00fcleten tal\u00e1lhat\u00f3 bannerek szabadon felhaszn\u00e1lhat\u00f3ak, \u00e1tszerkeszthet\u0151ek. Fontos, hogy amikor kihelyezed a bannert, akkor figyelj a k\u00f6vet\u0151k\u00f3dodra.<\/p>\n<p>&nbsp;<\/p>\n<p>&nbsp;<\/p>\n<h3 class=\"underline-deep-primary\">Elsz\u00e1mol\u00e1s, jutal\u00e9k \u00e9s sz\u00e1zal\u00e9kok<\/h3>\n<p>Egyed\u00fcl\u00e1ll\u00f3 m\u00f3don, 30%-ot fizet\u00fcnk a partnernek minden gener\u00e1lt \u00e9s kifizetett v\u00e1s\u00e1rl\u00e1s ut\u00e1n, amennyiben el\u00e9rte a partner \u00f6sszbev\u00e9tele az 50.000 Ft-ot. Az 50.000 Ft-os hat\u00e1rig 20%-ot fizet\u00fcnk.<\/p>\n<p><span class=\"badge bg-orange\">\u00dajdons\u00e1g:<\/span> Az ism\u00e9tl\u0151d\u0151, el\u0151fizet\u00e9ses konstrukci\u00f3ban \u00e9rt\u00e9kes\u00edtett ut\u00e1n is fizet\u00fcnk 30%-ot amennyiben el\u00e9rte a partner \u00f6sszbev\u00e9tele az 50.000 Ft-ot. Az 50.000 Ft-os hat\u00e1rig 10%-ot<br \/>\nfizet\u00fcnk az ism\u00e9tl\u0151d\u0151 term\u00e9kek ut\u00e1n (havonta, vagy \u00e9vente).<\/p>\n<p>A jutal\u00e9k akkor ker\u00fcl j\u00f3v\u00e1\u00edr\u00e1sra, amikor a v\u00e1s\u00e1rl\u00e1s ut\u00e1n a teljes fizetend\u0151 v\u00e9tel\u00e1r meg\u00e9rkezik \u00e9s elsz\u00e1mol\u00e1sra ker\u00fcl. Bankk\u00e1rty\u00e1s v\u00e1s\u00e1rl\u00e1s eset\u00e9ben ez azonnal megt\u00f6rt\u00e9nik, \u00e1tutal\u00e1ssal t\u00f6rt\u00e9n\u0151 v\u00e1s\u00e1rl\u00e1s eset\u00e9n pedig<br \/>\naz \u00f6sszeg sz\u00e1ml\u00e1nkra t\u00f6rt\u00e9n\u0151 be\u00e9rkez\u00e9sekor. A folyamatban lev\u0151 tranzakci\u00f3kra vonatkoz\u00f3 \u00e9s a kifizet\u00e9sre v\u00e1r\u00f3, m\u00e1r j\u00f3v\u00e1\u00edrt jutal\u00e9kok \u00f6sszege megtekinthet\u0151 a Partnerprogram kezel\u0151fel\u00fcleten. A Hello WP! tulajdonosa semmif\u00e9le<br \/>\nkorl\u00e1tot nem \u00e1ll\u00edt a megszerezhet\u0151 jutal\u00e9kkal szemben mindaddig, am\u00edg annak megszerz\u00e9se bizony\u00edthat\u00f3an nem k\u00e1rokoz\u00e1s c\u00e9lj\u00e1b\u00f3l t\u00f6rt\u00e9nik.<\/p>\n<p><strong>A jutal\u00e9k kifizet\u00e9s\u00e9t a partnernek k\u00e9rni kell, mely kifizet\u00e9se<br \/>\n\u00e1tutal\u00e1ssal<br \/>\nt\u00f6rt\u00e9nik. A kifizet\u00e9st a <a href=\"https:\/\/hellowp.io\/hu\/helloconsole\/beveteleid\/\">https:\/\/hellowp.io\/hu\/helloconsole\/beveteleid\/<\/a><br \/>\noldalon kereszt\u00fcl k\u00e9rheted. <\/strong><\/p>\n<p><strong class=\"underline underline-3 underline-warning\">Kifizet\u00e9si m\u00f3dok:<br \/>\n<\/strong><\/p>\n<ul>\n<li>Banki \u00e1tutal\u00e1s<\/li>\n<\/ul>\n<p>A j\u00f3v\u00e1\u00edr\u00e1sok, a jutal\u00e9kok, a kifizet\u00e9sek folyamatos monitoring alatt \u00e1llnak. B\u00e1rmilyen, a rendszerrel szembeni k\u00e1rokoz\u00e1s vagy jogtalan el\u0151ny illetve vagyongyarapod\u00e1s c\u00e9lj\u00e1b\u00f3l t\u00f6rt\u00e9n\u0151 manipul\u00e1ci\u00f3, cselekm\u00e9ny, pr\u00f3b\u00e1lkoz\u00e1s eset\u00e9n a Partnerprogram szervez\u0151je<br \/>\nfenntartja a jogot a j\u00f3v\u00e1\u00edr\u00e1sok \u00e9s kifizet\u00e9sek azonnali felf\u00fcggeszt\u00e9s\u00e9re, kivizsg\u00e1l\u00e1s\u00e1ra \u00e9s sz\u00fcks\u00e9g eset\u00e9n a v\u00e9tkes Partner azonnali kiz\u00e1r\u00e1s\u00e1ra. A d\u00f6nt\u00e9se ellen fellebbez\u00e9snek \u00e9s jogorvoslatnak helye nincs.<\/p>\n<p><strong class=\"underline underline-3 underline-danger\">Nem fizet\u00fcnk jutal\u00e9kot,<br \/>\nha <\/strong><\/p>\n<ul>\n<li>saj\u00e1t partnerlinkeden kereszt\u00fcl v\u00e1s\u00e1rolsz (erre k\u00fcl\u00f6n figyel\u0151rendszer\u00fcnk van)<\/li>\n<li>t\u00f6rv\u00e9nytelen m\u00f3don (p\u00e9ld\u00e1ul SPAM) terelsz l\u00e1togat\u00f3kat a partnerlinkedre<\/li>\n<\/ul>\n<p>&nbsp;<\/p>\n","protected":false},"excerpt":{"rendered":"<p>&nbsp; A Hello WP! partnerprogram lehet\u0151s\u00e9get ad mindenki sz\u00e1m\u00e1ra, hogy egy partnerlinken kereszt\u00fcl anyagi r\u00e1ford\u00edt\u00e1s n\u00e9lk\u00fcl, p\u00e9nzt kereshessen az interneten. A Partnerprogramhoz val\u00f3 csatlakoz\u00e1s jelentkez\u00e9s \u00e9s el\u0151zetes j\u00f3v\u00e1hagy\u00e1s ut\u00e1n lehets\u00e9ges. A Partnerprogram k\u00f6zponti fel\u00fclete a https:\/\/hellowp.io\/hu\/helloconsole\/beveteleid\/ oldalon \u00e9rhet\u0151 el. &nbsp; Regisztr\u00e1ci\u00f3 A Partnerprogramban val\u00f3 r\u00e9szv\u00e9telhez el\u0151bb regisztr\u00e1lni kell a https:\/\/hellowp.io\/hu\/partnerprogram\/ oldalon kereszt\u00fcl. A bek\u00fcld\u00f6tt adatokat [&#8230;]<\/p>\n<p><a class=\"btn btn-secondary understrap-read-more-link\" href=\"https:\/\/hellowp.io\/hu\/partnerprogram-mukodesi-szabalyzat\/\">Read More&#8230;<span class=\"screen-reader-text\"> from Partnerprogram m\u0171k\u00f6d\u00e9si szab\u00e1lyzat<\/span><\/a><\/p>\n","protected":false},"author":8,"featured_media":0,"parent":0,"menu_order":0,"comment_status":"closed","ping_status":"closed","template":"page-templates\/full-page-title.php","meta":{"_seopress_robots_primary_cat":"","_seopress_titles_title":"","_seopress_titles_desc":"A Hello WP! partnerprogram lehet\u0151s\u00e9get ad mindenki sz\u00e1m\u00e1ra, hogy egy partnerlinken kereszt\u00fcl anyagi r\u00e1ford\u00edt\u00e1s n\u00e9lk\u00fcl, p\u00e9nzt kereshessen az interneten.","_seopress_robots_index":"","footnotes":""},"class_list":["post-814","page","type-page","status-publish","hentry"],"_links":{"self":[{"href":"https:\/\/hellowp.io\/hu\/wp-json\/wp\/v2\/pages\/814","targetHints":{"allow":["GET"]}}],"collection":[{"href":"https:\/\/hellowp.io\/hu\/wp-json\/wp\/v2\/pages"}],"about":[{"href":"https:\/\/hellowp.io\/hu\/wp-json\/wp\/v2\/types\/page"}],"author":[{"embeddable":true,"href":"https:\/\/hellowp.io\/hu\/wp-json\/wp\/v2\/users\/8"}],"replies":[{"embeddable":true,"href":"https:\/\/hellowp.io\/hu\/wp-json\/wp\/v2\/comments?post=814"}],"version-history":[{"count":3,"href":"https:\/\/hellowp.io\/hu\/wp-json\/wp\/v2\/pages\/814\/revisions"}],"predecessor-version":[{"id":237819,"href":"https:\/\/hellowp.io\/hu\/wp-json\/wp\/v2\/pages\/814\/revisions\/237819"}],"wp:attachment":[{"href":"https:\/\/hellowp.io\/hu\/wp-json\/wp\/v2\/media?parent=814"}],"curies":[{"name":"wp","href":"https:\/\/api.w.org\/{rel}","templated":true}]}}