{"id":701,"date":"2019-01-24T16:52:28","date_gmt":"2019-01-24T16:52:28","guid":{"rendered":"https:\/\/hellowp2.hellodevs.dev\/?page_id=701"},"modified":"2019-01-24T16:52:28","modified_gmt":"2019-01-24T16:52:28","slug":"garancia","status":"publish","type":"page","link":"https:\/\/hellowp.io\/hu\/garancia\/","title":{"rendered":"Garancia"},"content":{"rendered":"<section class=\"bg-dark align-items-center d-flex\">\n\t<div class=\"container\">\n\t\t<div class=\"row\">\n\t\t\t<div class=\"col-12 text-center\">\n\t\t\t\t<!-- Title -->\n\t\t\t\t\t\t<h1 class=\"text-white\">Garancia \u00e9s biztons\u00e1g<\/h1>\n\t\t\t\t\t\n\n\t\t\t<\/div>\n\t\t<\/div>\n\t<\/div>\n<\/section>\n<section>\n    <div class=\"container\">\n        <div class=\"row g-4 align-items-center\">\n            <h3 class=\"mb-3\"><span class=\"underline underline-4 underline-warning\">Term\u00e9kek \u00e9s szolg\u00e1ltat\u00e1sok<\/span>\n            <\/h3>\n            <div class=\"col\">\n                <div class=\"row g-4\">\n                    <!-- Item -->\n                    <div class=\"col-sm-6\">\n                        <div class=\"icon-lg bg-orange bg-opacity-10 text-orange rounded-2\"><i class=\"fad fa-user-astronaut fs-5\"><\/i>\n\n                        <\/div>\n                        <h5 class=\"mt-2\">Supervisor rendszer<\/h5>\n                        <p class=\"mb-0\">Minden \u00e1tadott szolg\u00e1ltat\u00e1st \u00e9s term\u00e9ket egy f\u00fcggetlen szak\u00e9rt\u0151 ellen\u0151riz an\u00e9lk\u00fcl, hogy ezt k\u00e9rned k\u00e9ne. \u00cdgy t\u00f6reksz\u00fcnk a lehet\u0151 legjobb min\u0151s\u00e9gre.<\/p>\n                    <\/div>\n                    <!-- Item -->\n                    <div class=\"col-sm-6\">\n                        <div class=\"icon-lg bg-info bg-opacity-10 text-info rounded-2\"><i class=\"fad fa-user-shield fs-5\"><\/i>\n                        <\/div>\n                        <h5 class=\"mt-2\">Teljes p\u00e9nzvisszafizet\u00e9si garancia<\/h5>\n                        <p class=\"mb-0\">Amennyibe nem vagy el\u00e9gedett a megv\u00e1s\u00e1rolt szolg\u00e1ltat\u00e1ssal, term\u00e9kkel, 30 napig visszafizetj\u00fck a teljes \u00e1rat! Nek\u00fcnk nagyon fontos, hogy mindenki el\u00e9gedett legyen! M\u00e1sk\u00fcl\u00f6nben mi \u00e9rtelme lenne az eg\u00e9sznek!?<\/p>\n                    <\/div>\n\n                    <div class=\"row g-4\">\n\n\n                        <h3 class=\"underline underline-4 underline-warning\">Szerverek \u00e9s \u00fczemeltet\u00e9s<\/h3>\n                        <!-- Item -->\n                        <div class=\"col-sm-6\">\n                            <div class=\"icon-lg bg-danger bg-opacity-10 text-danger rounded-2\">\n                                <i class=\"fad fa-shield fs-5\"><\/i><\/div>\n                            <h5 class=\"mt-2\">Fizikai biztons\u00e1g<\/h5>\n                            <p class=\"mb-0\">A szervereink magas biztons\u00e1gi fokozat\u00fa szerverteremben tal\u00e1lhat\u00f3ak. A bel\u00e9p\u00e9s elektromos bel\u00e9ptet\u0151rendszeren kereszt\u00fcl lehets\u00e9ges a 24 \u00f3r\u00e1s teljes megfigyel\u00e9s \u00e9s biztons\u00e1gi fel\u00fcgyelet mellett. <\/p>\n                        <\/div>\n                        <!-- Item -->\n                        <div class=\"col-sm-6\">\n                            <div class=\"icon-lg bg-purple bg-opacity-10 text-purple rounded-2\"><i class=\"fad fa-network-wired fs-5\"><\/i><\/div>\n                            <h5 class=\"mt-2\">H\u00e1l\u00f3zati biztons\u00e1g<\/h5>\n                            <p class=\"mb-0\">Szerverterm\u00fcnknek t\u00f6bbsz\u00f6r\u00f6s redund\u00e1ns kapcsolat biztos\u00edtja a z\u00f6kken\u0151mentes adat\u00e1tvitelt. Minden szerver\u00fcnket automatikusan DDoS elleni v\u00e9delemmel l\u00e1tjuk el.<\/p>\n                        <\/div>\n\n                        <div class=\"col-sm-6\">\n                            <div class=\"icon-lg bg-primary bg-opacity-10 text-primary rounded-2\">\n                                <i class=\"fad fa-draw-circle fs-5\"><\/i>\n                            <\/div>\n                            <h5 class=\"mt-2\">Rendszerbiztons\u00e1g<\/h5>\n                            <p class=\"mb-0\">Rendszergazd\u00e1ink a nap 24 \u00f3r\u00e1j\u00e1ban fel\u00fcgyelik a szervereinket. Folyamatosan v\u00e9gezz\u00fck a friss\u00edt\u00e9seket \u00e9s a karbantart\u00e1sokat annak \u00e9rdek\u00e9ben, hogy a weboldalak mindig t\u00f6k\u00e9letes biztons\u00e1gban \u00e9s rendelkez\u00e9sre\u00e1ll\u00e1ssal \u00fczemeljenek.<\/p>\n                        <\/div>\n                        <!-- Item -->\n                        <div class=\"col-sm-6\">\n                            <div class=\"icon-lg bg-warning bg-opacity-10 text-warning rounded-2\"><i class=\"fad fa-lock-alt fs-5\"><\/i><\/div>\n                            <h5 class=\"mt-2\">Adatv\u00e9delem<\/h5>\n                            <p class=\"mb-0\">Az IT piacon az adat az \u00e9rt\u00e9k. Minden munkat\u00e1rsunkkal igen komoly \u00e9s r\u00e9szletes titoktart\u00e1si meg\u00e1llapod\u00e1st k\u00f6t\u00fcnk. Az oldalon leadott \u00f6sszes rendel\u00e9st a titoktart\u00e1si meg\u00e1llapod\u00e1sban foglaltak szerint kezel\u00fcnk. <\/p>\n                        <\/div>\n                    <\/div>\n                <\/div>\n            <\/div>\n        <\/div>\n<\/section>\n","protected":false},"excerpt":{"rendered":"<p> [&#8230;]<\/p>\n<p><a class=\"btn btn-secondary understrap-read-more-link\" href=\"https:\/\/hellowp.io\/hu\/garancia\/\">Read More&#8230;<span class=\"screen-reader-text\"> from Garancia<\/span><\/a><\/p>\n","protected":false},"author":8,"featured_media":0,"parent":0,"menu_order":0,"comment_status":"closed","ping_status":"closed","template":"page-templates\/fullwidthpage.php","meta":{"_seopress_robots_primary_cat":"","_seopress_titles_title":"","_seopress_titles_desc":"Nincs mit\u0151l tartanod! Az oldalon minden szakember garanci\u00e1t v\u00e1llal a munk\u00e1j\u00e1ra.","_seopress_robots_index":"","footnotes":""},"class_list":["post-701","page","type-page","status-publish","hentry"],"_links":{"self":[{"href":"https:\/\/hellowp.io\/hu\/wp-json\/wp\/v2\/pages\/701","targetHints":{"allow":["GET"]}}],"collection":[{"href":"https:\/\/hellowp.io\/hu\/wp-json\/wp\/v2\/pages"}],"about":[{"href":"https:\/\/hellowp.io\/hu\/wp-json\/wp\/v2\/types\/page"}],"author":[{"embeddable":true,"href":"https:\/\/hellowp.io\/hu\/wp-json\/wp\/v2\/users\/8"}],"replies":[{"embeddable":true,"href":"https:\/\/hellowp.io\/hu\/wp-json\/wp\/v2\/comments?post=701"}],"version-history":[{"count":0,"href":"https:\/\/hellowp.io\/hu\/wp-json\/wp\/v2\/pages\/701\/revisions"}],"wp:attachment":[{"href":"https:\/\/hellowp.io\/hu\/wp-json\/wp\/v2\/media?parent=701"}],"curies":[{"name":"wp","href":"https:\/\/api.w.org\/{rel}","templated":true}]}}