{"id":55918,"date":"2020-09-07T07:02:11","date_gmt":"2020-09-07T06:02:11","guid":{"rendered":"https:\/\/hellowp2.hellodevs.dev\/?page_id=55918"},"modified":"2020-09-07T07:02:11","modified_gmt":"2020-09-07T06:02:11","slug":"elofizetesek-kezelese","status":"publish","type":"page","link":"https:\/\/hellowp.io\/hu\/elofizetesek-kezelese\/","title":{"rendered":"El\u0151fizet\u00e9sek kezel\u00e9se"},"content":{"rendered":"<section class=\"p-0 pt-4\">\r\n    <div class=\"container\">\r\n        <div class=\"row\">\r\n            <!-- info-box big -->\r\n            <div class=\"col-12 mb-3\">\r\n                <div class=\"shadow rounded-3 h-100 p-4\">\r\n                    <div class=\"d-flex position-relative\"><span class=\"pe-3 flex-shrink-0\">\r\n                     \r\n                        <i class=\"text-success fas fa-repeat fa-3x mb-auto\"><\/i><\/span>\r\n                        <div>\r\n                            <h2 class=\"mb-0 h5\">Feliratkoz\u00e1s\/el\u0151fizet\u00e9s<\/h2>\r\n                            <p class=\"mb-0\">A weboldalon az \u00f6sszes el\u0151fizet\u00e9si form\u00e1ban kaphat\u00f3 term\u00e9k \u00e1ra mellett felt\u00fcntetett <strong>\/h\u00f3nap<\/strong> vagy <strong>\/\u00e9v<\/strong> felirat jelzi, hogy nem egyszeri \u00f6sszegr\u0151l, hanem ism\u00e9tl\u0151d\u0151 fizet\u00e9sr\u0151l van sz\u00f3.&nbsp;<\/p>\r\n                        <\/div>\r\n                    <\/div>\r\n                <\/div>\r\n            <\/div>\r\n            <!-- info-box big end -->\r\n            <!-- info-box big -->\r\n            <div class=\"col-12 mb-3\">\r\n                <div class=\"shadow rounded-3 h-100 p-4\">\r\n                    <div class=\"d-flex position-relative\"><span class=\"pe-3 flex-shrink-0\"><i\r\n                                class=\"text-danger fad fa-ban fa-3x mb-auto\"><\/i><\/span>\r\n                        <div>\r\n                            <h2 class=\"mb-0 h5\">Leiratkoz\u00e1s\/lemond\u00e1s<\/h2>\r\n                            <p class=\"mb-0\">A lemond\u00e1s egyszer\u0171: Bel\u00e9p\u00e9s ut\u00e1n kattints a <strong>nevedre<\/strong> (jobb fent) vagy <strong>Fi\u00f3kom<\/strong> (lent k\u00f6z\u00e9pen) men\u00fcpont \u00e9s\r\n                                <strong>El\u0151fizet\u00e9sek<\/strong> <strong>men\u00fcpont<\/strong>. V\u00e1laszd ki, hogy melyik el\u0151fizet\u00e9st szeretn\u00e9d lemondani, majd <strong>Megtekint\u00e9s gomb<\/strong> \u00e9s itt a\r\n                                <strong>Lemond\u00e1s gomb<\/strong>. Amennyiben a lemond\u00e1s sikeres, akkor a megrendel\u00e9s \u00e1llapota <strong>Lemondva<\/strong> lesz.&nbsp;<\/p>\r\n                        <\/div>\r\n                    <\/div>\r\n                <\/div>\r\n            <\/div>\r\n            <!-- info-box big end -->\r\n\r\n\r\n        <\/div>\r\n        <div class=\"row\">\r\n            <!-- info-box big -->\r\n            <div class=\"col-12 mb-3\">\r\n                <div class=\"shadow rounded-3 h-100 p-4\">\r\n                    <div class=\"d-flex position-relative\"><span class=\"pe-3 flex-shrink-0\"><i\r\n                                class=\"text-orange fad fa-repeat fa-3x mb-auto\"><\/i><\/span>\r\n                        <div>\r\n                            <h2 class=\"mb-0 h5\">\u00dajraaktiv\u00e1l\u00e1s<\/h2>\r\n                            <p class=\"mb-0\">Bel\u00e9p\u00e9s ut\u00e1n kattints a <strong>nevedre<\/strong> (jobb fent) vagy <strong>Fi\u00f3kom<\/strong> (lent k\u00f6z\u00e9pen) men\u00fcpont \u00e9s <strong>El\u0151fizet\u00e9sek men\u00fcpont<\/strong>. V\u00e1laszd ki, hogy melyik el\u0151fizet\u00e9st szeretn\u00e9d \u00fajraaktiv\u00e1lni, majd <strong>Megtekint\u00e9s\r\n                                    gomb<\/strong> \u00e9s itt az <strong>El\u0151fizet\u00e9s meg\u00faj\u00edt\u00e1sa gomb<\/strong>. Amennyiben a meg\u00faj\u00edt\u00e1s sikeres, akkor a megrendel\u00e9s \u00e1llapota <strong>Akt\u00edv<\/strong> lesz.&nbsp;<\/p>\r\n                        <\/div>\r\n                    <\/div>\r\n                <\/div>\r\n            <\/div>\r\n            <!-- info-box big end -->\r\n\r\n\r\n            <!-- info-box big -->\r\n            <div class=\"col-12 mb-4\">\r\n                <div class=\"shadow rounded-3 h-100 p-4\">\r\n                    <div class=\"d-flex position-relative\"><span class=\"pe-3 flex-shrink-0\"><i\r\n                                class=\"text-primary fad fa-credit-card fa-3x mb-auto\"><\/i><\/span>\r\n                        <div>\r\n                            <h2 class=\"mb-0 h5\">Fizet\u00e9si forma<\/h2>\r\n                            <p class=\"mb-0\">El\u0151fizet\u00e9st fizetni jelenleg csak bankk\u00e1rty\u00e1val lehets\u00e9ges.&nbsp;<\/p>\r\n                        <\/div>\r\n                    <\/div>\r\n                <\/div>\r\n            <\/div>\r\n            <!-- info-box big end -->\r\n\r\n\r\n        <\/div>\r\n    <\/div>\r\n\r\n<\/section>\n","protected":false},"excerpt":{"rendered":"<p> [&#8230;]<\/p>\n<p><a class=\"btn btn-secondary understrap-read-more-link\" href=\"https:\/\/hellowp.io\/hu\/elofizetesek-kezelese\/\">Read More&#8230;<span class=\"screen-reader-text\"> from El\u0151fizet\u00e9sek kezel\u00e9se<\/span><\/a><\/p>\n","protected":false},"author":8,"featured_media":0,"parent":0,"menu_order":0,"comment_status":"closed","ping_status":"closed","template":"page-templates\/full-page-title.php","meta":{"_seopress_robots_primary_cat":"","_seopress_titles_title":"","_seopress_titles_desc":"","_seopress_robots_index":"","footnotes":""},"class_list":["post-55918","page","type-page","status-publish","hentry"],"_links":{"self":[{"href":"https:\/\/hellowp.io\/hu\/wp-json\/wp\/v2\/pages\/55918","targetHints":{"allow":["GET"]}}],"collection":[{"href":"https:\/\/hellowp.io\/hu\/wp-json\/wp\/v2\/pages"}],"about":[{"href":"https:\/\/hellowp.io\/hu\/wp-json\/wp\/v2\/types\/page"}],"author":[{"embeddable":true,"href":"https:\/\/hellowp.io\/hu\/wp-json\/wp\/v2\/users\/8"}],"replies":[{"embeddable":true,"href":"https:\/\/hellowp.io\/hu\/wp-json\/wp\/v2\/comments?post=55918"}],"version-history":[{"count":1,"href":"https:\/\/hellowp.io\/hu\/wp-json\/wp\/v2\/pages\/55918\/revisions"}],"predecessor-version":[{"id":222366,"href":"https:\/\/hellowp.io\/hu\/wp-json\/wp\/v2\/pages\/55918\/revisions\/222366"}],"wp:attachment":[{"href":"https:\/\/hellowp.io\/hu\/wp-json\/wp\/v2\/media?parent=55918"}],"curies":[{"name":"wp","href":"https:\/\/api.w.org\/{rel}","templated":true}]}}