{"id":53286,"date":"2020-07-27T06:39:52","date_gmt":"2020-07-27T05:39:52","guid":{"rendered":"https:\/\/hellowp2.hellodevs.dev\/?page_id=53286"},"modified":"2020-07-27T06:39:52","modified_gmt":"2020-07-27T05:39:52","slug":"sikeres-feliratkozas","status":"publish","type":"page","link":"https:\/\/hellowp.io\/hu\/sikeres-feliratkozas\/","title":{"rendered":"Sikeres feliratkoz\u00e1s"},"content":{"rendered":"<div class=\"message is-success\">\n<div class=\"message-body\">\n <strong>Sikeres feliratkoz\u00e1s!<\/strong> K\u00f6sz\u00f6nj\u00fck, hamarosan jelentkez\u00fcnk, imm\u00e1r e-mail-ben is \ud83d\ude42<\/div>\n<\/div>\n","protected":false},"excerpt":{"rendered":"<p>Sikeres feliratkoz\u00e1s! K\u00f6sz\u00f6nj\u00fck, hamarosan jelentkez\u00fcnk, imm\u00e1r e-mail-ben is \ud83d\ude42 [&#8230;]<\/p>\n<p><a class=\"btn btn-secondary understrap-read-more-link\" href=\"https:\/\/hellowp.io\/hu\/sikeres-feliratkozas\/\">Read More&#8230;<span class=\"screen-reader-text\"> from Sikeres feliratkoz\u00e1s<\/span><\/a><\/p>\n","protected":false},"author":8,"featured_media":0,"parent":0,"menu_order":0,"comment_status":"closed","ping_status":"closed","template":"","meta":{"_seopress_robots_primary_cat":"","_seopress_titles_title":"","_seopress_titles_desc":"","_seopress_robots_index":"","footnotes":""},"class_list":["post-53286","page","type-page","status-publish","hentry"],"_links":{"self":[{"href":"https:\/\/hellowp.io\/hu\/wp-json\/wp\/v2\/pages\/53286","targetHints":{"allow":["GET"]}}],"collection":[{"href":"https:\/\/hellowp.io\/hu\/wp-json\/wp\/v2\/pages"}],"about":[{"href":"https:\/\/hellowp.io\/hu\/wp-json\/wp\/v2\/types\/page"}],"author":[{"embeddable":true,"href":"https:\/\/hellowp.io\/hu\/wp-json\/wp\/v2\/users\/8"}],"replies":[{"embeddable":true,"href":"https:\/\/hellowp.io\/hu\/wp-json\/wp\/v2\/comments?post=53286"}],"version-history":[{"count":0,"href":"https:\/\/hellowp.io\/hu\/wp-json\/wp\/v2\/pages\/53286\/revisions"}],"wp:attachment":[{"href":"https:\/\/hellowp.io\/hu\/wp-json\/wp\/v2\/media?parent=53286"}],"curies":[{"name":"wp","href":"https:\/\/api.w.org\/{rel}","templated":true}]}}