{"id":52320,"date":"2020-07-03T07:20:38","date_gmt":"2020-07-03T06:20:38","guid":{"rendered":"https:\/\/hellowp2.hellodevs.dev\/?page_id=52320"},"modified":"2020-07-03T07:20:38","modified_gmt":"2020-07-03T06:20:38","slug":"divi-es-kiegeszitok","status":"publish","type":"page","link":"https:\/\/hellowp.io\/hu\/divi-es-kiegeszitok\/","title":{"rendered":"Divi \u00e9s kieg\u00e9sz\u00edt\u0151k"},"content":{"rendered":"","protected":false},"excerpt":{"rendered":"<p> [&#8230;]<\/p>\n<p><a class=\"btn btn-secondary understrap-read-more-link\" href=\"https:\/\/hellowp.io\/hu\/divi-es-kiegeszitok\/\">Read More&#8230;<span class=\"screen-reader-text\"> from Divi \u00e9s kieg\u00e9sz\u00edt\u0151k<\/span><\/a><\/p>\n","protected":false},"author":8,"featured_media":0,"parent":0,"menu_order":0,"comment_status":"closed","ping_status":"closed","template":"page-templates\/page-divi.php","meta":{"_seopress_robots_primary_cat":"","_seopress_titles_title":"","_seopress_titles_desc":"","_seopress_robots_index":"","footnotes":""},"class_list":["post-52320","page","type-page","status-publish","hentry"],"_links":{"self":[{"href":"https:\/\/hellowp.io\/hu\/wp-json\/wp\/v2\/pages\/52320","targetHints":{"allow":["GET"]}}],"collection":[{"href":"https:\/\/hellowp.io\/hu\/wp-json\/wp\/v2\/pages"}],"about":[{"href":"https:\/\/hellowp.io\/hu\/wp-json\/wp\/v2\/types\/page"}],"author":[{"embeddable":true,"href":"https:\/\/hellowp.io\/hu\/wp-json\/wp\/v2\/users\/8"}],"replies":[{"embeddable":true,"href":"https:\/\/hellowp.io\/hu\/wp-json\/wp\/v2\/comments?post=52320"}],"version-history":[{"count":0,"href":"https:\/\/hellowp.io\/hu\/wp-json\/wp\/v2\/pages\/52320\/revisions"}],"wp:attachment":[{"href":"https:\/\/hellowp.io\/hu\/wp-json\/wp\/v2\/media?parent=52320"}],"curies":[{"name":"wp","href":"https:\/\/api.w.org\/{rel}","templated":true}]}}