{"id":51961,"date":"2020-06-24T14:04:52","date_gmt":"2020-06-24T13:04:52","guid":{"rendered":"https:\/\/hellowp2.hellodevs.dev\/?page_id=51961"},"modified":"2022-04-01T12:45:39","modified_gmt":"2022-04-01T11:45:39","slug":"uj-bovitmeny-ajanlasa","status":"publish","type":"page","link":"https:\/\/hellowp.io\/hu\/uj-bovitmeny-ajanlasa\/","title":{"rendered":"\u00daj b\u0151v\u00edtm\u00e9ny aj\u00e1nl\u00e1sa"},"content":{"rendered":"<div class=\"alert alert-info mt-4\" role=\"alert\">\r\n<strong>Miel\u0151tt szavazn\u00e1l vagy bek\u00fclden\u00e9l:<\/strong> K\u00f6z\u00f6s \u00e9rdek\u00fcnk, hogy jellemz\u0151en olyan b\u0151v\u00edtm\u00e9nyek ker\u00fcljenek be a csomagba, amiket val\u00f3ban haszn\u00e1lnak is, hiszen a v\u00e9gtelens\u00e9gig nem b\u0151v\u00edthet\u0151 a csomag, illetve a felesleges\/nem haszn\u00e1lt b\u0151v\u00edtm\u00e9nyek csak a hasznosabb kieg\u00e9sz\u00edt\u0151kt\u0151l vonj\u00e1k el a forr\u00e1sokat. \u2764\ufe0f \r\n<\/div>\r\n\r\n<div class=\"container\">\r\n    <div class=\"row\">\r\n        <div class=\"col\">\r\n          [simple-feature-requests]\r\n        <\/div>\r\n  \r\n    <\/div>\r\n\r\n<\/div>\r\n\r\n<style>\r\n.jck-sfr-vote-button--voted, .jck-sfr-vote-button--voted:active, .jck-sfr-vote-button--voted:focus, .jck-sfr-vote-button--voted:hover {\r\nbackground: none;\r\n  background-color: var(--bs-success) !important;\r\n  color: #fff;\r\n}\r\n\r\n.jck-sfr-notices--error,.jck-sfr-sidebar-widget--login,.jck-sfr-loop-item__text .btn{\r\n\tdisplay: none !important;\r\n}\r\n\r\n\r\n\r\n.jck-sfr-container,.jck-sfr-sidebar-widget{\r\n\tmargin-top: 2rem;\r\n\tmargin-bottom: 2rem;\r\n}\r\n<\/style>\n","protected":false},"excerpt":{"rendered":"<p> [&#8230;]<\/p>\n<p><a class=\"btn btn-secondary understrap-read-more-link\" href=\"https:\/\/hellowp.io\/hu\/uj-bovitmeny-ajanlasa\/\">Read More&#8230;<span class=\"screen-reader-text\"> from \u00daj b\u0151v\u00edtm\u00e9ny aj\u00e1nl\u00e1sa<\/span><\/a><\/p>\n","protected":false},"author":8,"featured_media":0,"parent":0,"menu_order":0,"comment_status":"closed","ping_status":"closed","template":"page-templates\/full-page-title.php","meta":{"_seopress_robots_primary_cat":"","_seopress_titles_title":"","_seopress_titles_desc":"\u00daj b\u0151v\u00edtm\u00e9ny aj\u00e1nl\u00e1sa a HelloPack csomagba","_seopress_robots_index":"","footnotes":""},"class_list":["post-51961","page","type-page","status-publish","hentry"],"_links":{"self":[{"href":"https:\/\/hellowp.io\/hu\/wp-json\/wp\/v2\/pages\/51961","targetHints":{"allow":["GET"]}}],"collection":[{"href":"https:\/\/hellowp.io\/hu\/wp-json\/wp\/v2\/pages"}],"about":[{"href":"https:\/\/hellowp.io\/hu\/wp-json\/wp\/v2\/types\/page"}],"author":[{"embeddable":true,"href":"https:\/\/hellowp.io\/hu\/wp-json\/wp\/v2\/users\/8"}],"replies":[{"embeddable":true,"href":"https:\/\/hellowp.io\/hu\/wp-json\/wp\/v2\/comments?post=51961"}],"version-history":[{"count":3,"href":"https:\/\/hellowp.io\/hu\/wp-json\/wp\/v2\/pages\/51961\/revisions"}],"predecessor-version":[{"id":152154,"href":"https:\/\/hellowp.io\/hu\/wp-json\/wp\/v2\/pages\/51961\/revisions\/152154"}],"wp:attachment":[{"href":"https:\/\/hellowp.io\/hu\/wp-json\/wp\/v2\/media?parent=51961"}],"curies":[{"name":"wp","href":"https:\/\/api.w.org\/{rel}","templated":true}]}}