{"id":325,"date":"2019-01-24T08:50:49","date_gmt":"2019-01-24T08:50:49","guid":{"rendered":"https:\/\/hellowp2.hellodevs.dev\/?page_id=325"},"modified":"2019-01-24T08:50:49","modified_gmt":"2019-01-24T08:50:49","slug":"wordpress","status":"publish","type":"page","link":"https:\/\/hellowp.io\/hu\/wordpress\/","title":{"rendered":"Minden ami WordPress"},"content":{"rendered":"","protected":false},"excerpt":{"rendered":"<p> [&#8230;]<\/p>\n<p><a class=\"btn btn-secondary understrap-read-more-link\" href=\"https:\/\/hellowp.io\/hu\/wordpress\/\">Read More&#8230;<span class=\"screen-reader-text\"> from Minden ami WordPress<\/span><\/a><\/p>\n","protected":false},"author":8,"featured_media":0,"parent":0,"menu_order":0,"comment_status":"closed","ping_status":"closed","template":"page-templates\/page-wordpress.php","meta":{"_seopress_robots_primary_cat":"","_seopress_titles_title":"","_seopress_titles_desc":"WordPress kieg\u00e9sz\u00edt\u0151k, szolg\u00e1ltat\u00e1sok \u00e9s pr\u00e9mium t\u00e1mogat\u00e1s egy k\u00f6z\u00f6ss\u00e9g erej\u00e9vel.","_seopress_robots_index":"","footnotes":""},"class_list":["post-325","page","type-page","status-publish","hentry"],"_links":{"self":[{"href":"https:\/\/hellowp.io\/hu\/wp-json\/wp\/v2\/pages\/325","targetHints":{"allow":["GET"]}}],"collection":[{"href":"https:\/\/hellowp.io\/hu\/wp-json\/wp\/v2\/pages"}],"about":[{"href":"https:\/\/hellowp.io\/hu\/wp-json\/wp\/v2\/types\/page"}],"author":[{"embeddable":true,"href":"https:\/\/hellowp.io\/hu\/wp-json\/wp\/v2\/users\/8"}],"replies":[{"embeddable":true,"href":"https:\/\/hellowp.io\/hu\/wp-json\/wp\/v2\/comments?post=325"}],"version-history":[{"count":0,"href":"https:\/\/hellowp.io\/hu\/wp-json\/wp\/v2\/pages\/325\/revisions"}],"wp:attachment":[{"href":"https:\/\/hellowp.io\/hu\/wp-json\/wp\/v2\/media?parent=325"}],"curies":[{"name":"wp","href":"https:\/\/api.w.org\/{rel}","templated":true}]}}