{"id":322024,"date":"2024-09-26T09:10:05","date_gmt":"2024-09-26T08:10:05","guid":{"rendered":"https:\/\/hellowp.io\/hu\/?page_id=322024"},"modified":"2025-07-22T14:37:18","modified_gmt":"2025-07-22T13:37:18","slug":"hellopack-fair-use-policy","status":"publish","type":"page","link":"https:\/\/hellowp.io\/hu\/aszf\/hellopack-fair-use-policy\/","title":{"rendered":"HelloPack Fair Use Policy"},"content":{"rendered":"<p><strong>Szolg\u00e1ltat\u00e1sunk c\u00e9lja<\/strong>, hogy egyszer\u0171bb\u00e9 \u00e9s hat\u00e9konyabb\u00e1 tegye a WordPress weboldalak friss\u00edt\u00e9s\u00e9t. Az al\u00e1bbi <em>Fair Use Policy<\/em>-t az\u00e9rt hoztuk l\u00e9tre, hogy biztos\u00edtsuk szolg\u00e1ltat\u00e1saink zavartalan m\u0171k\u00f6d\u00e9s\u00e9t minden felhaszn\u00e1l\u00f3nk sz\u00e1m\u00e1ra. K\u00e9rj\u00fck, figyelmesen olvasd el, \u00e9s tartsd be az ir\u00e1nyelveket.<\/p>\n<h4>1. \u00e1ltal\u00e1nos elvek<\/h4>\n<ul>\n<li>A HelloPack szolg\u00e1ltat\u00e1sa lehet\u0151v\u00e9 teszi korl\u00e1tlan sz\u00e1m\u00fa WordPress weboldal csatlakoztat\u00e1s\u00e1t \u00e9s friss\u00edt\u00e9s\u00e9t, azonban minden felhaszn\u00e1l\u00f3t\u00f3l elv\u00e1rjuk a szolg\u00e1ltat\u00e1s tisztess\u00e9ges \u00e9s \u00e9sszer\u0171 haszn\u00e1lat\u00e1t.<\/li>\n<li>Ez a szab\u00e1lyzat a t\u00falzott vagy vissza\u00e9l\u00e9sszer\u0171 haszn\u00e1lat megel\u0151z\u00e9s\u00e9t szolg\u00e1lja, amely m\u00e1s felhaszn\u00e1l\u00f3k \u00e9lm\u00e9ny\u00e9t is negat\u00edvan befoly\u00e1solhatn\u00e1.<\/li>\n<\/ul>\n<h4>2. elfogadhat\u00f3 haszn\u00e1lat<\/h4>\n<ul>\n<li>A HelloPack kiz\u00e1r\u00f3lag saj\u00e1t vagy \u00fcgyfeleid WordPress weboldalainak friss\u00edt\u00e9s\u00e9re haszn\u00e1lhat\u00f3.<\/li>\n<li>Tilos a szolg\u00e1ltat\u00e1s automatiz\u00e1lt rendszerekkel vagy botokkal t\u00f6rt\u00e9n\u0151 t\u00f6meges friss\u00edt\u00e9sre val\u00f3 haszn\u00e1lata, amely ar\u00e1nytalanul nagy terhel\u00e9st r\u00f3na rendszer\u00fcnkre.<\/li>\n<li>A szolg\u00e1ltat\u00e1s haszn\u00e1lata nem s\u00e9rtheti a HelloWP \u00c1ltal\u00e1nos Szerz\u0151d\u00e9si Felt\u00e9teleit, illetve semmilyen vonatkoz\u00f3 jogszab\u00e1lyt.<\/li>\n<li><strong>Tilos a HelloPack k\u00f6zvetlen tov\u00e1bb\u00e9rt\u00e9kes\u00edt\u00e9se harmadik felek r\u00e9sz\u00e9re.<\/strong><\/li>\n<li><strong>Tilos a HelloPack olyan term\u00e9k vagy szolg\u00e1ltat\u00e1s r\u00e9szek\u00e9nt t\u00f6rt\u00e9n\u0151 \u00e9rt\u00e9kes\u00edt\u00e9se, ahol az els\u0151dleges hozz\u00e1adott \u00e9rt\u00e9ket a HelloPack k\u00e9pviseli.<\/strong> C\u00e9lunk, hogy kieg\u00e9sz\u00edt\u0151 szolg\u00e1ltat\u00e1sk\u00e9nt m\u0171k\u00f6dj\u00f6n, ne \u00f6n\u00e1ll\u00f3 term\u00e9kk\u00e9nt.<\/li>\n<li><strong class=\"underline underline-2 underline-warning\">T\u00e1rhelyszolg\u00e1ltat\u00f3k \u00e9s weboldal-\u00fczemeltet\u0151k csak k\u00fcl\u00f6n \u00edr\u00e1sos enged\u00e9ly birtok\u00e1ban \u00e9p\u00edthetik be a HelloPack szolg\u00e1ltat\u00e1sait a saj\u00e1t k\u00edn\u00e1latukba.<\/strong><\/li>\n<\/ul>\n<h4>3. t\u00falzott haszn\u00e1lat<\/h4>\n<ul>\n<li>T\u00falzott haszn\u00e1latnak min\u0151s\u00fclhet \u2013 de nem kiz\u00e1r\u00f3lagosan \u2013 az, ha egy felhaszn\u00e1l\u00f3 jelent\u0151sen t\u00f6bb weboldalt kezel, vagy gyakoribb friss\u00edt\u00e9seket v\u00e9gez, mint az \u00e1ltal\u00e1nos felhaszn\u00e1l\u00f3i szint.<\/li>\n<li>Amennyiben ilyen haszn\u00e1latot \u00e9szlel\u00fcnk, felvessz\u00fck a kapcsolatot az \u00e9rintett felhaszn\u00e1l\u00f3val a haszn\u00e1lati szok\u00e1sok \u00e1ttekint\u00e9se \u00e9s optimaliz\u00e1l\u00e1sa \u00e9rdek\u00e9ben.<\/li>\n<\/ul>\n<h4>4. szankci\u00f3k<\/h4>\n<ul>\n<li>Fenntartjuk a jogot, hogy korl\u00e1tozzuk vagy felf\u00fcggessz\u00fck azon felhaszn\u00e1l\u00f3k hozz\u00e1f\u00e9r\u00e9s\u00e9t, akik megs\u00e9rtik a Fair Use Policy-t.<\/li>\n<li>S\u00falyos vagy ism\u00e9tl\u0151d\u0151 megszeg\u00e9s eset\u00e9n a szolg\u00e1ltat\u00e1sb\u00f3l val\u00f3 kiz\u00e1r\u00e1s is lehets\u00e9ges.<\/li>\n<li>Azokat a weboldalakat, amelyeken a szolg\u00e1ltat\u00e1st vissza\u00e9l\u00e9sszer\u0171en haszn\u00e1lt\u00e1k, v\u00e9gleg tilt\u00f3list\u00e1ra tehetj\u00fck, \u00edgy azok nem lesznek jogosultak a HelloPack j\u00f6v\u0151beli haszn\u00e1lat\u00e1ra sem.<\/li>\n<\/ul>\n<h4>5. kapcsolatfelv\u00e9tel<\/h4>\n<ul>\n<li>Ha k\u00e9rd\u00e9sed van a Fair Use Policy-vel kapcsolatban, k\u00e9rj\u00fck, \u00edrj nek\u00fcnk a <a href=\"mailto:support@hellowp.io\">support@hellowp.io<\/a> e-mail c\u00edmen.<\/li>\n<\/ul>\n<div class=\"alert alert-warning\" role=\"alert\">\n<h5 class=\"mb-2\"><strong>P\u00e9lda eset \u2013 tilos felhaszn\u00e1l\u00e1s<\/strong><\/h5>\n<p>\n    Tegy\u00fck fel, hogy egy <strong>t\u00e1rhelyszolg\u00e1ltat\u00f3<\/strong> havonta <strong>1 900 Ft-os csomagot<\/strong> k\u00edn\u00e1l, amelyhez <strong>ingyenesen mell\u00e9keli a HelloPack szolg\u00e1ltat\u00e1st<\/strong>.\n  <\/p>\n<p>\n    Mivel ebben az esetben a <strong>HelloPack k\u00e9pviseli a legnagyobb hozz\u00e1adott \u00e9rt\u00e9ket<\/strong>, az ilyen t\u00edpus\u00fa szolg\u00e1ltat\u00e1scsomag <span class=\"text-danger\"><strong>nem megengedett<\/strong><\/span>.\n  <\/p>\n<p class=\"mb-0\">\n    A HelloPack csak kieg\u00e9sz\u00edt\u0151 szolg\u00e1ltat\u00e1sk\u00e9nt haszn\u00e1lhat\u00f3, <em>nem lehet a csomag els\u0151dleges \u00e9rt\u00e9kaj\u00e1nlata<\/em>.\n  <\/p>\n<\/div>\n","protected":false},"excerpt":{"rendered":"<p>Szolg\u00e1ltat\u00e1sunk c\u00e9lja, hogy egyszer\u0171bb\u00e9 \u00e9s hat\u00e9konyabb\u00e1 tegye a WordPress weboldalak friss\u00edt\u00e9s\u00e9t. Az al\u00e1bbi Fair Use Policy-t az\u00e9rt hoztuk l\u00e9tre, hogy biztos\u00edtsuk szolg\u00e1ltat\u00e1saink zavartalan m\u0171k\u00f6d\u00e9s\u00e9t minden felhaszn\u00e1l\u00f3nk sz\u00e1m\u00e1ra. K\u00e9rj\u00fck, figyelmesen olvasd el, \u00e9s tartsd be az ir\u00e1nyelveket. 1. \u00e1ltal\u00e1nos elvek A HelloPack szolg\u00e1ltat\u00e1sa lehet\u0151v\u00e9 teszi korl\u00e1tlan sz\u00e1m\u00fa WordPress weboldal csatlakoztat\u00e1s\u00e1t \u00e9s friss\u00edt\u00e9s\u00e9t, azonban minden felhaszn\u00e1l\u00f3t\u00f3l elv\u00e1rjuk [&#8230;]<\/p>\n<p><a class=\"btn btn-secondary understrap-read-more-link\" href=\"https:\/\/hellowp.io\/hu\/aszf\/hellopack-fair-use-policy\/\">Read More&#8230;<span class=\"screen-reader-text\"> from HelloPack Fair Use Policy<\/span><\/a><\/p>\n","protected":false},"author":8,"featured_media":0,"parent":93,"menu_order":0,"comment_status":"closed","ping_status":"closed","template":"","meta":{"_seopress_robots_primary_cat":"","_seopress_titles_title":"","_seopress_titles_desc":"","_seopress_robots_index":"","footnotes":""},"class_list":["post-322024","page","type-page","status-publish","hentry"],"_links":{"self":[{"href":"https:\/\/hellowp.io\/hu\/wp-json\/wp\/v2\/pages\/322024","targetHints":{"allow":["GET"]}}],"collection":[{"href":"https:\/\/hellowp.io\/hu\/wp-json\/wp\/v2\/pages"}],"about":[{"href":"https:\/\/hellowp.io\/hu\/wp-json\/wp\/v2\/types\/page"}],"author":[{"embeddable":true,"href":"https:\/\/hellowp.io\/hu\/wp-json\/wp\/v2\/users\/8"}],"replies":[{"embeddable":true,"href":"https:\/\/hellowp.io\/hu\/wp-json\/wp\/v2\/comments?post=322024"}],"version-history":[{"count":7,"href":"https:\/\/hellowp.io\/hu\/wp-json\/wp\/v2\/pages\/322024\/revisions"}],"predecessor-version":[{"id":392286,"href":"https:\/\/hellowp.io\/hu\/wp-json\/wp\/v2\/pages\/322024\/revisions\/392286"}],"up":[{"embeddable":true,"href":"https:\/\/hellowp.io\/hu\/wp-json\/wp\/v2\/pages\/93"}],"wp:attachment":[{"href":"https:\/\/hellowp.io\/hu\/wp-json\/wp\/v2\/media?parent=322024"}],"curies":[{"name":"wp","href":"https:\/\/api.w.org\/{rel}","templated":true}]}}