{"id":276,"date":"2018-12-22T07:26:19","date_gmt":"2018-12-22T07:26:19","guid":{"rendered":"https:\/\/hellowp2.hellodevs.dev\/?page_id=276"},"modified":"2018-12-22T07:26:19","modified_gmt":"2018-12-22T07:26:19","slug":"tamogatas","status":"publish","type":"page","link":"https:\/\/hellowp.io\/hu\/tamogatas\/","title":{"rendered":"T\u00e1mogat\u00e1s"},"content":{"rendered":"<section class=\"pt-5 pb-0\">\r\n  <div class=\"container\">\r\n    <div class=\"row\">\r\n      <div class=\"col-lg-8 col-xl-6 text-center mx-auto\">\r\n        <!-- Title -->\r\n\r\n        <h3 class=\"\">Itt vagyunk, hogy seg\u00edts\u00fcnk<\/h3>\r\n        <h6 class=\"mb-4\">\r\n          K\u00e9rj seg\u00edts\u00e9get term\u00e9kt\u00e1mogat\u00f3inkt\u00f3l, vagy keress v\u00e1laszokat az\r\n          oktat\u00f3anyagainkban, le\u00edr\u00e1sainkban.\r\n        <\/h6>\r\n      <\/div>\r\n    <\/div>\r\n\r\n    <!-- Contact info box -->\r\n    <div class=\"row g-4 g-md-5 mt-0 mt-lg-3\">\r\n      <!-- Box item -->\r\n      <div class=\"col-lg-4 mt-3 mt-lg-0\">\r\n        <div class=\"shadow bg-block rounded-3 h-100 p-4\">\r\n          <div class=\"d-flex position-relative\">\r\n            <span class=\"pe-3 flex-shrink-0\">\r\n              <i class=\"fad fa-lightbulb-on text-orange fa-3x mb-auto\"><\/i>\r\n            <\/span>\r\n            <div>\r\n              <h2 class=\"mb-0 h5\">\r\n                <a\r\n                  target=\"_blank\"\r\n                  href=\"https:\/\/hub.hellowp.io\/docs\/tudasbazis\/\"\r\n                  class=\"stretched-link notout\"\r\n                  rel=\"noopener\"\r\n                  >Tud\u00e1sb\u00e1zis\r\n                  <span class=\"bg-orange h6 p-1 px-2 rounded text-white\"\r\n                    >\u00daj<\/span\r\n                  ><\/a\r\n                >\r\n              <\/h2>\r\n              <p class=\"mb-0\">Gyakori WordPress \u00e9s WooCommerce k\u00e9rd\u00e9sek<\/p>\r\n            <\/div>\r\n          <\/div>\r\n        <\/div>\r\n      <\/div>\r\n\r\n      <!-- Box item -->\r\n      <div class=\"col-lg-4 mt-3 mt-lg-0\">\r\n        <div class=\"shadow bg-block rounded-3 h-100 p-4\">\r\n          <div class=\"d-flex position-relative\">\r\n            <span class=\"pe-3 flex-shrink-0\">\r\n              <i class=\"fad fa-book text-success fa-3x mb-auto\"><\/i>\r\n            <\/span>\r\n            <div>\r\n              <h2 class=\"mb-0 h5\">\r\n                <a\r\n                  target=\"_blank\"\r\n                  href=\"https:\/\/hub.hellowp.io\/docs\/dokumentacio\/\"\r\n                  class=\"stretched-link notout\"\r\n                  rel=\"noopener\"\r\n                  >Dokument\u00e1ci\u00f3\r\n                  <span class=\"bg-orange h6 p-1 px-2 rounded text-white\"\r\n                    >\u00daj<\/span\r\n                  ><\/a\r\n                >\r\n              <\/h2>\r\n              <p class=\"mb-0\">Term\u00e9kek, b\u0151v\u00edtm\u00e9nyek \u00e9s sablonok le\u00edr\u00e1sai.<\/p>\r\n            <\/div>\r\n          <\/div>\r\n        <\/div>\r\n      <\/div>\r\n\r\n      <!-- Box item -->\r\n      <div class=\"col-lg-4 mt-3 mt-lg-0\">\r\n        <div class=\"shadow bg-block rounded-3 h-100 p-4\">\r\n          <div class=\"d-flex position-relative\">\r\n            <span class=\"pe-3 flex-shrink-0\">\r\n              <i class=\"fad fa-sparkles text-primary fa-3x mb-auto\"><\/i>\r\n            <\/span>\r\n            <div>\r\n              <h2 class=\"mb-0 h5\">\r\n                <a\r\n                  target=\"_blank\"\r\n                  href=\"https:\/\/hub.hellowp.io\/docs\/sugo\/\"\r\n                  class=\"stretched-link notout\"\r\n                  rel=\"noopener\"\r\n                  >S\u00fag\u00f3\r\n                  <span class=\"bg-orange h6 p-1 px-2 rounded text-white\"\r\n                    >\u00daj<\/span\r\n                  ><\/a\r\n                >\r\n              <\/h2>\r\n              <p class=\"mb-0\">\r\n                HelloWP oldal le\u00edr\u00e1sai, sz\u00e1ml\u00e1z\u00e1s, partnerprogram, stb.\r\n              <\/p>\r\n            <\/div>\r\n          <\/div>\r\n        <\/div>\r\n      <\/div>\r\n\r\n      <!-- Box item -->\r\n      <div class=\"col mt-4\">\r\n        <div class=\"shadow bg-block rounded-3 h-100 p-4\">\r\n          <div class=\"d-flex position-relative\">\r\n            <span class=\"pe-3 flex-shrink-0\">\r\n              <i class=\"fab fa-discord text-purple fa-3x mb-auto\"><\/i>\r\n            <\/span>\r\n            <div>\r\n              <h2 class=\"mb-0 h5\">\r\n                <a\r\n                  target=\"_blank\"\r\n                  href=\"https:\/\/discord.gg\/hellowp\"\r\n                  class=\"stretched-link notout\"\r\n                  rel=\"noopener\"\r\n                  >Virtu\u00e1lis Iroda<\/a\r\n                >\r\n              <\/h2>\r\n              <p class=\"mb-0\">\r\n                N\u00e9zz be hozz\u00e1nk a h\u00e9t b\u00e1rmely napj\u00e1n!\r\n                <span\r\n                  ><i class=\"fas fa-circle text-success fa-beat\"><\/i>\r\n                  <strong>14 f\u0151 online<\/strong><\/span\r\n                >\r\n              <\/p>\r\n            <\/div>\r\n          <\/div>\r\n        <\/div>\r\n      <\/div>\r\n    <\/div>\r\n  <\/div>\r\n<\/section>\r\n\r\n\r\n<section class=\"d-none\">\r\n    <div class=\"container\">\r\n\r\n        <div class=\"row g-4 g-lg-0 align-items-center\">\r\n            <div class=\"col-md-4 align-items-center text-center d-none d-lg-block\">\r\n              <!-- Image -->\r\n              <img decoding=\"async\" src=\"https:\/\/hellowp.io\/hu\/wp-content\/themes\/hellowp2\/assets\/images\/element\/28.svg\" class=\"h-300px\" alt=\"\">\r\n    \r\n            <\/div>\r\n      \r\n            <!-- Contact form START -->\r\n            <div class=\"col pe-5\">\r\n              <!-- Title -->\r\n              <h3 class=\"mt-4 mt-md-0\">\r\n                <span class=\"text-success\"> Stresszmentes <\/span>\u00fcgyf\u00e9lszolg\u00e1lat\r\n              <\/h3>\r\nAz \u00fcgyf\u00e9lszolg\u00e1lati munka az egyik legstresszesebb munkak\u00f6r a vil\u00e1gon. A t\u00e1mogat\u00e1ssal foglalkoz\u00f3k k\u00f6r\u00e9ben a ki\u00e9g\u00e9s, inger\u00fclts\u00e9g stb... igen gyakori jelens\u00e9g. Mi a HelloWP!-n\u00e9l ezen szeretn\u00e9nk v\u00e1ltoztatni, de ezt csak veletek egy\u00fctt tudjuk megval\u00f3s\u00edtani. K\u00e9r\u00fcnk, ha felveszed vel\u00fcnk a kapcsolatot, akkor <span class=\"underline underline-warning underline-3 strong\"><strong> l\u00e9gy kedves, t\u00fcrelmes \u00e9s ne legy\u00e9l inger\u00fclt<\/strong><\/span> (cser\u00e9be mi is \u00edgy fogunk viselkedni). A j\u00f3 hangulat\u00fa \u00fcgyint\u00e9z\u00e9s sokkal hat\u00e9konyabb \u00e9s eredm\u00e9nyesebb tud lenni.\r\n              <p>\r\n              <\/p>\r\n\r\n            <\/div>\r\n            <!-- Contact form END -->\r\n          <\/div>\r\n     \r\n    <\/div>\r\n  <\/section>\r\n\r\n<section>\r\n  <div class=\"container\">\r\n    <div class=\"row g-4 g-lg-0 align-items-center\">\r\n      <!-- Contact form START -->\r\n      <div class=\"col\">\r\n        <!-- Title -->\r\n        <h3 class=\"mt-4 mt-md-0\">\r\n          Nem tal\u00e1lt\u00e1l megold\u00e1st?\r\n          <span class=\"text-success\">Seg\u00edt\u00fcnk Neked!<\/span>\r\n        <\/h3>\r\n        <p>\r\n          Vedd fel a kapcsolatot a bar\u00e1ts\u00e1gos \u00e9s seg\u00edt\u0151k\u00e9sz\r\n          \u00fcgyf\u00e9lszolg\u00e1latunkkal.\r\n        <\/p>\r\n        <form action=\"https:\/\/hellowp.io\/hu\/wp-json\/ws-form\/v1\/submit\" class=\"wsf-form wsf-form-canvas\" id=\"ws-form-1\" data-id=\"7\" method=\"POST\" data-instance-id=\"1\"><\/form>\r\n      <\/div>\r\n      <!-- Contact form END -->\r\n    <\/div>\r\n  <\/div>\r\n<\/section>\r\n\r\n<style>\r\n  .footer-duo {\r\n    display: none;\r\n  }\r\n.accordion.accordion-shadow .accordion-button:not(.collapsed),.accordion.accordion-shadow .accordion-button:not(.uncollapsed) {\r\n  -webkit-box-shadow: unset;\r\n  box-shadow:  unset;\r\n}\r\n\r\n.accordion.accordion-shadow .accordion-button:not(.uncollapsed){\r\n    border-bottom: 1px solid #dde0e3;\r\n}\r\n\r\n.accordion.accordion-shadow .accordion-button:not(.collapsed){\r\n   border-bottom: unset;\r\n}\r\n\r\n.accordion.accordion-icon .accordion-collapse{\r\n      border-bottom: 1px solid #dde0e3;\r\n}\r\n\r\n.accordion-item:last-of-type .accordion-button.collapsed {\r\n  border-bottom-right-radius: unset;\r\n  border-bottom-left-radius: unset;\r\n}\r\n<\/style>\r\n<div class=\"col-md-6 align-items-center text-center d-none d-lg-block\">\r\n   \r\n  <\/div>\n","protected":false},"excerpt":{"rendered":"<p> [&#8230;]<\/p>\n<p><a class=\"btn btn-secondary understrap-read-more-link\" href=\"https:\/\/hellowp.io\/hu\/tamogatas\/\">Read More&#8230;<span class=\"screen-reader-text\"> from T\u00e1mogat\u00e1s<\/span><\/a><\/p>\n","protected":false},"author":8,"featured_media":0,"parent":0,"menu_order":0,"comment_status":"closed","ping_status":"closed","template":"page-templates\/fullwidthpage.php","meta":{"_seopress_robots_primary_cat":"","_seopress_titles_title":"","_seopress_titles_desc":"Itt vagyunk, hogy seg\u00edts\u00fcnk neked! \u00cdrj nek\u00fcnk b\u00e1tran.","_seopress_robots_index":"","footnotes":""},"class_list":["post-276","page","type-page","status-publish","hentry"],"_links":{"self":[{"href":"https:\/\/hellowp.io\/hu\/wp-json\/wp\/v2\/pages\/276","targetHints":{"allow":["GET"]}}],"collection":[{"href":"https:\/\/hellowp.io\/hu\/wp-json\/wp\/v2\/pages"}],"about":[{"href":"https:\/\/hellowp.io\/hu\/wp-json\/wp\/v2\/types\/page"}],"author":[{"embeddable":true,"href":"https:\/\/hellowp.io\/hu\/wp-json\/wp\/v2\/users\/8"}],"replies":[{"embeddable":true,"href":"https:\/\/hellowp.io\/hu\/wp-json\/wp\/v2\/comments?post=276"}],"version-history":[{"count":1,"href":"https:\/\/hellowp.io\/hu\/wp-json\/wp\/v2\/pages\/276\/revisions"}],"predecessor-version":[{"id":222807,"href":"https:\/\/hellowp.io\/hu\/wp-json\/wp\/v2\/pages\/276\/revisions\/222807"}],"wp:attachment":[{"href":"https:\/\/hellowp.io\/hu\/wp-json\/wp\/v2\/media?parent=276"}],"curies":[{"name":"wp","href":"https:\/\/api.w.org\/{rel}","templated":true}]}}