{"id":248,"date":"2018-12-21T21:25:02","date_gmt":"2018-12-21T21:25:02","guid":{"rendered":"https:\/\/hellowp2.hellodevs.dev\/?page_id=248"},"modified":"2018-12-21T21:25:02","modified_gmt":"2018-12-21T21:25:02","slug":"rolunk","status":"publish","type":"page","link":"https:\/\/hellowp.io\/hu\/rolunk\/","title":{"rendered":"R\u00f3lunk &#8211; Mi ez az oldal?"},"content":{"rendered":"<section class=\"pt-0 position-relative overflow-hidden h-700px h-sm-600px h-lg-700px\" style=\"background-image:url(https:\/\/hellowp.io\/hu\/wp-content\/themes\/hellowp2\/assets\/images\/bg\/04.jpg);background-position: center;background-size: cover\">\r\n    <div class=\"bg-overlay bg-dark opacity-5\"><\/div>\r\n    <!-- SVG decoration for curve -->\r\n    <figure class=\"position-absolute bottom-0 left-0 w-100 d-md-block mb-n3 z-index-9\">\r\n        <svg class=\"fill-body\" width=\"100%\" height=\"150\" viewBox=\"0 0 500 150\" preserveAspectRatio=\"none\">\r\n            <path d=\"M0,150 L0,40 Q250,150 500,40 L580,150 Z\"><\/path>\r\n        <\/svg>\r\n    <\/figure>\r\n    <!-- SVG decoration -->\r\n    <figure class=\"position-absolute top-0 start-50 translate-middle-x z-index-9 mt-5\">\r\n        <svg width=\"29px\" height=\"29px\">\r\n            <path class=\"fill-orange\"\r\n                d=\"M29.004,14.502 C29.004,22.512 22.511,29.004 14.502,29.004 C6.492,29.004 -0.001,22.512 -0.001,14.502 C-0.001,6.492 6.492,-0.001 14.502,-0.001 C22.511,-0.001 29.004,6.492 29.004,14.502 Z\">\r\n            <\/path>\r\n        <\/svg>\r\n    <\/figure>\r\n\r\n    <div class=\"container z-index-9 position-relative\">\r\n        <!-- SVG decoration -->\r\n        <figure class=\"position-absolute bottom-0 end-0 z-index-9 ms-5 mb-5\">\r\n            <svg width=\"23px\" height=\"23px\">\r\n                <path class=\"fill-primary\"\r\n                    d=\"M23.003,11.501 C23.003,17.854 17.853,23.003 11.501,23.003 C5.149,23.003 -0.001,17.854 -0.001,11.501 C-0.001,5.149 5.149,-0.000 11.501,-0.000 C17.853,-0.000 23.003,5.149 23.003,11.501 Z\">\r\n                <\/path>\r\n            <\/svg>\r\n        <\/figure>\r\n\r\n        <div class=\"row py-0 py-md-5 align-items-center text-center text-sm-start\">\r\n            <div class=\"col all-text-white my-5 mt-md-0\">\r\n                <div class=\"py-0 py-md-5 my-5\">\r\n                    <!-- Title -->\r\n                    <h1 class=\"text-white display-6\">Foglalkozz az igaz\u00e1n fontos dolgokkal a munk\u00e1d sor\u00e1n, <span class=\"text-warning\"> mi megoldjuk a t\u00f6bbit!<\/span><\/h1>\r\n                    <p class=\"text-white\">A HelloWP csapata folyamatosan azon dolgozik, hogy a te munk\u00e1d k\u00f6nnyebb, <br>\r\n                        <span class=\"underline underline-4 underline-success\">hat\u00e9konyabb \u00e9s sikeresebb legyen.<\/span>\r\n                    <\/p>\r\n\r\n                    <div class=\"d-sm-flex align-items-center mt-4\">\r\n                        <!-- Button -->\r\n                        <a href=\"#hogyan-mukodik\" class=\"btn btn-primary me-2 mb-4 mb-sm-0\">Hogyan m\u0171k\u00f6dik?<\/a>\r\n                    <\/div>\r\n                <\/div>\r\n            <\/div>\r\n        <\/div>\r\n    <\/div>\r\n<\/section>\r\n\r\n<section class=\"pt-0 pt-md-5\">\r\n    <div class=\"container\">\r\n        <!-- Title -->\r\n\r\n        <div class=\"row\">\r\n            <div class=\"pb-0 mb-0\">\r\n                <h2>Kik vagyunk \u00e9s honnan indultunk?<\/h2>\r\n                <p class=\"pb-0 mb-0\">B\u00e1r a HelloWP \u00e9s a m\u00f6g\u00f6tte megh\u00faz\u00f3d\u00f3 gondolat 2017-ben fogalmaz\u00f3dott meg benn\u00fcnk \u00e9s jelenlegi form\u00e1j\u00e1ban 2019-ben l\u00e1tott napvil\u00e1got, azonban a HelloWP csapat tagjai lassan 2 \u00e9vtizede dolgoznak azon, hogy a ny\u00edlt forr\u00e1s\u00fa \u00e9rt\u00e9kek min\u00e9l sz\u00e9lesebb\r\n                    k\u00f6rben legyenek el\u00e9rhet\u0151ek.\r\n                <\/p>\r\n\r\n            <\/div>\r\n        <\/div>\r\n        <div class=\"row align-items-center\">\r\n\r\n\r\n            <div class=\"col\">\r\n                <!-- Title -->\r\n\r\n                <div class=\"border border-5 border-success border-top-0 border-end-0 border-bottom-0 my-3 p-2 ms-2 bg-success bg-opacity-10\">\r\n                    <span class=\"d-block fw-bold mb-2\">Tudtad?<\/span> 2005 \u00f3ta fejleszt\u00fcnk WordPress alap\u00fa weboldalakat. 2006-ban hoztuk l\u00e9tre a WordPress Magyarorsz\u00e1got, amit az\u00f3ta is \u00fczemeltet\u00fcnk. B\u00fcszk\u00e9k vagyunk r\u00e1, hogy r\u00e9sz\u00fcnk van a WordPress magyarorsz\u00e1gi\r\n                    t\u00e9rh\u00f3d\u00edt\u00e1s\u00e1ban.\r\n\r\n                <\/div>\r\n                <p>2019-ben Magyarorsz\u00e1gr\u00f3l indultunk. M\u00e1ra azonban szinte az \u00f6sszes kontinensen vannak partnereink. Els\u0151sorban WordPress-el foglalkoz\u00f3 csapatok munk\u00e1j\u00e1t t\u00e1mogatjuk a h\u00e1tt\u00e9rben k\u00fcl\u00f6nb\u00f6z\u0151 szolg\u00e1ltat\u00e1sokkal \u00e9s megold\u00e1sokkal. Az oldalon tal\u00e1lhat\u00f3\r\n                    term\u00e9kek szinte mind az\u00e9rt j\u00f6ttek l\u00e9tre, hogy a ti munk\u00e1tokat seg\u00edts\u00fck. <i>P\u00e9ld\u00e1ul a HelloPack akkor\r\n                        keletkezett, amikor azt a feladatot\r\n                        kaptuk, hogy hozzunk l\u00e9tre egy rendszert, amivel egyszerre t\u00f6bb 100 weboldal b\u0151v\u00edtm\u00e9nyeit lehet\r\n                        friss\u00edteni. <\/i>\r\n\r\n                <\/p>\r\n                <p>2020-\u00f3ta egy amerikai befektet\u0151nek h\u00e1la, lehet\u0151s\u00e9g\u00fcnk van az Egyes\u00fclt \u00c1llamokban \u00e9s Kanad\u00e1ban dolgozni, amire k\u00fcl\u00f6n\u00f6sen b\u00fcszk\u00e9k vagyunk, hiszen egy k\u00f6z\u00e9p-eur\u00f3pai csapatnak igaz\u00e1n neh\u00e9z feladat megvetni a l\u00e1b\u00e1t a tengerent\u00falon.\r\n\r\n                <\/p>\r\n\r\n                <div class=\"border border-5 border-info border-top-0 border-end-0 border-bottom-0 my-3 p-2 ms-2 bg-info bg-opacity-10\">\r\n                    <span class=\"d-block fw-bold mb-2\">Tudtad?<\/span> Jelenleg t\u00f6bb, mint 2000 weboldalt \u00fczemeltet\u00fcnk szerte a vil\u00e1gban. Specialit\u00e1sunk a nagy forgalm\u00fa webshopok kiszolg\u00e1l\u00e1sa \u00e9s k\u00f6lts\u00e9ghat\u00e9kony felh\u0151 alap\u00fa rendszerek fel\u00e9p\u00edt\u00e9se, kezel\u00e9se.\r\n\r\n                <\/div>\r\n\r\n\r\n                <p>Az elm\u00falt \u00e9vekben jelent\u0151s b\u0151v\u00fcl\u00e9sen est\u00fcnk \u00e1t, munkat\u00e1rsaink sz\u00e1ma is megt\u00f6bbsz\u00f6r\u00f6z\u0151d\u00f6tt. T\u00f6bb orsz\u00e1gban, t\u00f6bb id\u0151z\u00f3n\u00e1ban dolgozunk. \u00c9lvezz\u00fck a csapat soksz\u00edn\u0171s\u00e9g\u00e9t, illetve azt, hogy egy-egy k\u00e9rd\u00e9st mennyivel m\u00e1sk\u00e9pp l\u00e1tunk. Ez nagyon\r\n                    inspir\u00e1l\u00f3 tud lenni.\r\n                <\/p>\r\n                <p>Term\u00e9szetesen sosem felejtj\u00fck el, hogy melyik orsz\u00e1gb\u00f3l indultunk. Magyarorsz\u00e1g sz\u00e1munkra mindig is kiemelt helyen fog \u00e1llni.\r\n                <\/p>\r\n                <h4 class=\"mb-3\">Sz\u00f3val mi a HelloWP?<\/h4>\r\n\r\n                <p>A HelloWP egy olyan k\u00f6z\u00f6ss\u00e9gi v\u00e1llalkoz\u00e1s, amit veletek egy\u00fctt hozunk l\u00e9tre, mi csak lefejlesztj\u00fck azokat a rendszereket, amit ti k\u00e9rtek, vagy megold\u00e1st tal\u00e1lunk azokra a probl\u00e9m\u00e1kra, amikkel naponta szembes\u00fcl\u00fcnk. <\/p>\r\n\r\n            <\/div>\r\n        <\/div>\r\n    <\/div>\r\n<\/section>\r\n\r\n<section class=\"position-relative pt-0 pt-lg-5\">\r\n\r\n    <div class=\"container\">\r\n\r\n        <!-- Title -->\r\n        <div class=\"row\">\r\n            <!-- Title -->\r\n            <div id=\"hogyan-mukodik\" class=\"col-md-6\">\r\n                <h2>Hogyan m\u0171k\u00f6dik a HelloWP?<\/h2>\r\n            <\/div>\r\n            <!-- Content and button -->\r\n            <div class=\"col-md-6\">\r\n                <p><span class=\"fw-bold\">B\u00e1rmilyen k\u00e9rd\u00e9sed van?<\/span> Ne habozz, \u00edrj b\u00e1tran: <a href=\"https:\/\/hellowp.io\/hu\/tamogatas\/\" class=\"btn btn-warning mb-0 btn-sm\">T\u00e1mogat\u00e1s<\/a><\/p>\r\n\r\n            <\/div>\r\n        <\/div>\r\n\r\n        <!-- Steps START -->\r\n        <div class=\"row g-lg-5 mt-3\">\r\n            <!-- Item -->\r\n            <div class=\"col-md-6 col-lg-4 text-center position-relative\">\r\n                <!-- SVG decoration -->\r\n                <figure class=\"position-absolute top-0 start-100 translate-middle d-none d-lg-block\">\r\n                    <svg width=\"182.9px\" height=\"86px\" viewBox=\"0 0 182.9 86\">\r\n                        <path class=\"fill-secondary\"\r\n                            d=\"M127.3,19.8c0.9,0.7,1.8,1.5,2.8,2c9.3,4.5,17.1,11.1,24.4,18.3c6.5,6.4,11.9,13.7,15.8,22 c1.5,3.2,2.7,6.6,4.2,10.2c2.5-4.2,4.1-8.9,8.6-11.5c-2.2,3.9-4.7,7.7-6.5,11.9c-1.7,4.1-2.6,8.6-3.9,13.4 c-4.1-6.1-7-13.2-14.9-15.6c3.8-1.4,6.2,0.5,14.1,10.3c1-2.2,1.8-4.1,1.1-6.5c-3.8-13.6-11.4-24.8-21.4-34.6 c-5.8-5.7-12.3-10.6-19.2-14.9c-7-4.3-14.4-8-22.2-10.9c-10.7-3.8-21.5-6.6-32.8-7.7C63.9,5,50.7,5.9,38,10.4 c-14.1,5-26,13.2-35,25.4c-0.5,0.7-1.2,1.4-1.8,2.1C1.1,38,0.8,38,0.4,38.1c-0.9-0.9-0.2-1.7,0.3-2.4c4.7-6.7,10.5-12.4,17.2-17.1 C31.7,8.9,47.2,4.7,63.8,4C77.1,3.5,90,5.8,102.7,9.3c2.2,0.6,4.3,1.8,6.5,2.6c0.9,0.4,2,0.5,2.9,0.7 C117.1,15,122.2,17.4,127.3,19.8z\">\r\n                        <\/path>\r\n                    <\/svg>\r\n                <\/figure>\r\n\r\n                <div class=\"px-4\">\r\n                    <!-- Image -->\r\n                    <div class=\"icon-xxl bg-body shadow mx-auto rounded-circle mb-3\">\r\n                        <span class=\"text-danger\"> <i class=\"fad fa-box-heart fa-1x\"><\/i><\/span>\r\n                    <\/div>\r\n                    <!-- Title -->\r\n                    <h5>Ir\u00e1ny a piact\u00e9r!<\/h5>\r\n                    <p class=\"text-truncate-2 pb-0\">A piact\u00e9r oldal\u00e1n haszn\u00e1lhatod a keres\u0151t \u00e9s az oldals\u00f3 kateg\u00f3ri\u00e1kat a navig\u00e1l\u00e1shoz.\r\n                    <\/p>\r\n                <\/div>\r\n            <\/div>\r\n\r\n            <!-- Item -->\r\n            <div class=\"col-md-6 col-lg-4 text-center pt-0 pt-lg-5 position-relative\">\r\n                <!-- SVG decoration -->\r\n                <figure class=\"position-absolute top-100 start-100 translate-middle mt-n3 d-none d-lg-block\">\r\n                    <svg width=\"182.9px\" height=\"86px\" viewBox=\"0 0 182.9 86\">\r\n                        <path class=\"fill-secondary\"\r\n                            d=\"M127.3,70.2c0.9-0.7,1.8-1.5,2.8-2c9.3-4.5,17.1-11.1,24.4-18.3c6.5-6.4,11.9-13.7,15.8-22 c1.5-3.2,2.7-6.6,4.2-10.2c2.5,4.2,4.1,8.9,8.6,11.5c-2.2-3.9-4.7-7.7-6.5-11.9c-1.7-4.1-2.6-8.6-3.9-13.4 c-4.1,6.1-7,13.2-14.9,15.6c3.8,1.4,6.2-0.5,14.1-10.3c1,2.2,1.8,4.1,1.1,6.5c-3.8,13.6-11.4,24.8-21.4,34.6 c-5.8,5.7-12.3,10.6-19.2,14.9c-7,4.3-14.4,8-22.2,10.9c-10.7,3.8-21.5,6.6-32.8,7.7C63.9,85,50.7,84.1,38,79.6 c-14.1-5-26-13.2-35-25.4c-0.5-0.7-1.2-1.4-1.8-2.1c-0.1-0.1-0.4-0.1-0.8-0.2c-0.9,0.9-0.2,1.7,0.3,2.4c4.7,6.7,10.5,12.4,17.2,17.1 c13.7,9.7,29.2,14,45.9,14.6c13.3,0.5,26.2-1.8,38.8-5.3c2.2-0.6,4.3-1.8,6.5-2.6c0.9-0.4,2-0.5,2.9-0.7 C117.1,74.9,122.2,72.6,127.3,70.2z\">\r\n                        <\/path>\r\n                    <\/svg>\r\n                <\/figure>\r\n\r\n                <div class=\"px-4\">\r\n                    <!-- Image -->\r\n                    <div class=\"icon-xxl bg-body shadow mx-auto rounded-circle mb-3\">\r\n                        <span class=\"text-info\"> <i class=\"fad fa-box-check fa-1x\"><\/i><\/span>\r\n                    <\/div>\r\n                    <!-- Title -->\r\n                    <h5>Szeretn\u00e9l egy szolg\u00e1ltat\u00e1st?<\/h5>\r\n                    <p class=\"text-truncate-2 pb-0\">Nincs m\u00e1s teend\u0151d, mint kos\u00e1rba tenni a k\u00edv\u00e1nt term\u00e9ket \u00e9s megv\u00e1s\u00e1rolni azt.\r\n                    <\/p>\r\n                <\/div>\r\n            <\/div>\r\n\r\n            <!-- Item -->\r\n            <div class=\"col-md-6 col-lg-4 text-center\">\r\n                <div class=\"px-4\">\r\n                    <!-- Image -->\r\n                    <div class=\"icon-xxl bg-body shadow mx-auto rounded-circle mb-3\">\r\n\r\n                        <span class=\"text-success\"> <i class=\"fad fa-badge-check fa-1x\"><\/i><\/span>\r\n                    <\/div>\r\n                    <!-- Title -->\r\n                    <h5>Megrendeltem! Most mi lesz?<\/h5>\r\n                    <p class=\"text-truncate-3 pb-0\">Nincs m\u00e1s teend\u0151d! D\u0151lj h\u00e1tra, innent\u0151l j\u00f3 kezekben vagy! Mindenr\u0151l e-mail-ben kapsz t\u00e1j\u00e9koztat\u00e1st.\r\n                    <\/p>\r\n                <\/div>\r\n            <\/div>\r\n        <\/div>\r\n        <!-- Steps END -->\r\n\r\n\r\n    <\/div>\r\n\r\n<\/section>\r\n\r\n\r\n<section>\n<div class=\"container\">\n<div class=\"row\">\n<div class=\" position-relative overflow-hidden\">\n\n\t\t\t\t<div class=\"bg-success bg-opacity-10 rounded-3 p-5 h-100\">\n\t\t\t\t\t<!-- Image -->\n\t\t\t\t\t<div class=\"position-absolute bottom-0 end-0 me-3 d-none d-md-block\">\n\t\t\t\t\t\t<img decoding=\"async\" src=\"https:\/\/hellowp.io\/hu\/wp-content\/themes\/hellowp2\/assets\/images\/element\/29.svg\" class=\"h-275px\" alt=\"\">\n\t\t\t\t\t<\/div>\t\n\t\t\t\t\t<!-- Content -->\n\t\t\t\t\t<div class=\"row\">\n\t\t\t\t\t\t<div class=\"col-md-8 position-relative\">\n\t\t\t\t\t\t\t<h3 class=\"mb-1\">Nem minden a profit!<\/h3>\n\t\t\t\t\t\t\t<p class=\"mb-3 h5 fw-light lead\">Azzal, hogy ig\u00e9nybe veszed az oldalon tal\u00e1lhat\u00f3 szolg\u00e1ltat\u00e1sokat, egyben egy j\u00f3 \u00fcgyet is szolg\u00e1lsz. A bev\u00e9teleink egy r\u00e9sz\u00e9t rendszeresen j\u00f3t\u00e9kony c\u00e9lokra ford\u00edtjuk.  <span class=\"underline underline-3 underline-success\">Mi nagyon sok dolgot kapunk t\u0151letek, igyeksz\u00fcnk visszaadni bel\u0151le!<\/span><\/p>\n\t\t\t\t\t\t\t<a href=\"https:\/\/hellowp.io\/hu\/tarsadalmi-szerepvallalas\/\" class=\"btn btn-success mb-0 mt-2\">T\u00e1rsadalmi szerepv\u00e1llal\u00e1s<\/a>\n\t\t\t\t\t\t<\/div>\n\t\t\t\t\t<\/div>\n\t\t\t\t<\/div>\n\t\t\t<\/div><\/div><\/div>\n<\/section>\n","protected":false},"excerpt":{"rendered":"<p> [&#8230;]<\/p>\n<p><a class=\"btn btn-secondary understrap-read-more-link\" href=\"https:\/\/hellowp.io\/hu\/rolunk\/\">Read More&#8230;<span class=\"screen-reader-text\"> from R\u00f3lunk &#8211; Mi ez az oldal?<\/span><\/a><\/p>\n","protected":false},"author":8,"featured_media":0,"parent":0,"menu_order":0,"comment_status":"closed","ping_status":"closed","template":"page-templates\/fullwidthpage.php","meta":{"_seopress_robots_primary_cat":"","_seopress_titles_title":"","_seopress_titles_desc":"A HelloWP! egy k\u00f6z\u00f6ss\u00e9gi piact\u00e9r, ahov\u00e1 b\u00e1rki felt\u00f6ltheti a WordPress-el kapcsolatos term\u00e9k\u00e9t, szolg\u00e1ltat\u00e1s\u00e1t \u00e9s \u00e1rulhatja azt. ","_seopress_robots_index":"","footnotes":""},"class_list":["post-248","page","type-page","status-publish","hentry"],"_links":{"self":[{"href":"https:\/\/hellowp.io\/hu\/wp-json\/wp\/v2\/pages\/248","targetHints":{"allow":["GET"]}}],"collection":[{"href":"https:\/\/hellowp.io\/hu\/wp-json\/wp\/v2\/pages"}],"about":[{"href":"https:\/\/hellowp.io\/hu\/wp-json\/wp\/v2\/types\/page"}],"author":[{"embeddable":true,"href":"https:\/\/hellowp.io\/hu\/wp-json\/wp\/v2\/users\/8"}],"replies":[{"embeddable":true,"href":"https:\/\/hellowp.io\/hu\/wp-json\/wp\/v2\/comments?post=248"}],"version-history":[{"count":0,"href":"https:\/\/hellowp.io\/hu\/wp-json\/wp\/v2\/pages\/248\/revisions"}],"wp:attachment":[{"href":"https:\/\/hellowp.io\/hu\/wp-json\/wp\/v2\/media?parent=248"}],"curies":[{"name":"wp","href":"https:\/\/api.w.org\/{rel}","templated":true}]}}