{"id":246,"date":"2018-12-21T21:24:44","date_gmt":"2018-12-21T21:24:44","guid":{"rendered":"https:\/\/hellowp2.hellodevs.dev\/?page_id=246"},"modified":"2018-12-21T21:24:44","modified_gmt":"2018-12-21T21:24:44","slug":"tarsadalmi-szerepvallalas","status":"publish","type":"page","link":"https:\/\/hellowp.io\/hu\/tarsadalmi-szerepvallalas\/","title":{"rendered":"T\u00e1rsadalmi szerepv\u00e1llal\u00e1s"},"content":{"rendered":"<section class=\"position-relative pt-5\">\r\n\r\n    <!-- SVG decoration -->\r\n    <figure class=\"position-absolute bottom-0 start-0 d-none d-lg-block\">\r\n        <svg width=\"822.2px\" height=\"301.9px\" viewBox=\"0 0 822.2 301.9\">\r\n               <path class=\"fill-warning opacity-5\"\r\n                    d=\"M752.5,51.9c-4.5,3.9-8.9,7.8-13.4,11.8c-51.5,45.3-104.8,92.2-171.7,101.4c-39.9,5.5-80.2-3.4-119.2-12.1 c-32.3-7.2-65.6-14.6-98.9-13.9c-66.5,1.3-128.9,35.2-175.7,64.6c-11.9,7.5-23.9,15.3-35.5,22.8c-40.5,26.4-82.5,53.8-128.4,70.7 c-2.1,0.8-4.2,1.5-6.2,2.2L0,301.9c3.3-1.1,6.7-2.3,10.2-3.5c46.1-17,88.1-44.4,128.7-70.9c11.6-7.6,23.6-15.4,35.4-22.8 c46.7-29.3,108.9-63.1,175.1-64.4c33.1-0.6,66.4,6.8,98.6,13.9c39.1,8.7,79.6,17.7,119.7,12.1C634.8,157,688.3,110,740,64.6 c4.5-3.9,9-7.9,13.4-11.8C773.8,35,797,16.4,822.2,1l-0.7-1C796.2,15.4,773,34,752.5,51.9z\">\r\n               <\/path>\r\n          <\/svg>\r\n    <\/figure>\r\n\r\n    <figure class=\"position-absolute top-0 end-0\">\r\n        <svg width=\"822.2px\" height=\"301.9px\" viewBox=\"0 0 822.2 301.9\">\r\n               <path class=\"fill-success opacity-5\"\r\n                    d=\"M752.5,51.9c-4.5,3.9-8.9,7.8-13.4,11.8c-51.5,45.3-104.8,92.2-171.7,101.4c-39.9,5.5-80.2-3.4-119.2-12.1 c-32.3-7.2-65.6-14.6-98.9-13.9c-66.5,1.3-128.9,35.2-175.7,64.6c-11.9,7.5-23.9,15.3-35.5,22.8c-40.5,26.4-82.5,53.8-128.4,70.7 c-2.1,0.8-4.2,1.5-6.2,2.2L0,301.9c3.3-1.1,6.7-2.3,10.2-3.5c46.1-17,88.1-44.4,128.7-70.9c11.6-7.6,23.6-15.4,35.4-22.8 c46.7-29.3,108.9-63.1,175.1-64.4c33.1-0.6,66.4,6.8,98.6,13.9c39.1,8.7,79.6,17.7,119.7,12.1C634.8,157,688.3,110,740,64.6 c4.5-3.9,9-7.9,13.4-11.8C773.8,35,797,16.4,822.2,1l-0.7-1C796.2,15.4,773,34,752.5,51.9z\">\r\n               <\/path>\r\n          <\/svg>\r\n    <\/figure>\r\n\r\n    <!-- Content START -->\r\n    <div class=\"container\">\r\n        <div class=\"row align-items-center justify-content-between\">\r\n            <!-- Left content START -->\r\n            <div class=\"col-lg-6 position-relative z-index-9\">\r\n                <h6 class=\"mb-3 font-base\"><i class=\"fas fa-book-heart me-2 text-danger\"><\/i>Itt tal\u00e1lod, hogy aktu\u00e1lisan kit t\u00e1mogatunk!<\/h6>\r\n                <h1 class=\"display-3\">\r\n                    Nem minden a profit!\r\n                <\/h1>\r\n                <p class=\"lead mb-4\"><span>C\u00e9lul t\u0171zt\u00fck ki, hogy <strong>nem a profit n\u00f6vel\u00e9se az els\u0151dleges\r\n                                   sz\u00e1munkra<\/strong>, <strong>hanem az, hogy \u00e9lvezz\u00fck, amit csin\u00e1lunk \u00e9s pr\u00f3b\u00e1ljunk\r\n                                   visszaadni\r\n                                   abb\u00f3l, amit mi is kapunk.<\/strong><\/span>\r\n\r\n                    <p>Szeretn\u00e9d felh\u00edvni a figyelm\u00fcnket egy j\u00f3 \u00fcgyre?<\/p>\r\n                <\/p>\r\n\r\n                <!-- Button -->\r\n                <a href=\"#contact-form\" class=\"btn btn-success\">\u00cdrj nek\u00fcnk!<\/a>\r\n            <\/div>\r\n            <!-- Left content END -->\r\n\r\n            <!-- Right content START -->\r\n            <div class=\"col-lg-6 position-relative mt-5 mt-lg-0\">\r\n\r\n\r\n                <!-- SVG decoration -->\r\n                <figure class=\"position-absolute top-0 start-0 ms-n3 mt-n3 z-index-9\">\r\n                    <svg enable-background=\"new 0 0 108 129.3\">\r\n                              <path class=\"fill-blue\"\r\n                                   d=\"m50.4 14.9c0.2-3.3 2.4-5 5.6-4.1 1.3 0.4 2.1 1.2 2.5 2.5 0.4 1.5 0.3 3-0.4 4.4-0.8 1.4-1.9 2.3-3.6 2.3-1.6 0-2.8-1-3.4-2.5-0.3-0.6-0.4-1.3-0.6-1.9 0-0.2 0-0.4-0.1-0.7zm-31.6 82v-0.5c0.3-0.7 0.3-1.5 0.3-2.3 0-1 0.9-1.8 1.9-1.8 0.5 0 1 0.1 1.3 0.3 1.3 0.6 2.6 1.4 3.6 2.6 2 2.2 1.1 5.9-1.7 6.9-1.5 0.6-3 0.2-4.1-1-0.7-1.1-1.3-2.7-1.3-4.2zm17.1 21.8c-0.7 0.7-0.9 1.5-0.9 2.1 0 2.3 1 4.1 2.6 5 1.9 1.1 4 0.5 5.1-1.4 1.5-2.8-0.3-6.6-3.3-7.2-1.2-0.3-2.2 0-2.9 1-0.3 0.1-0.5 0.3-0.6 0.5zm60.7-30.4c0 0.2-0.1 0.4-0.1 0.6-0.1 0.4-0.1 0.8-0.3 1.2-0.9 2.5-3.8 3.1-5.7 1.2-1-0.9-1.3-2.1-1.5-3.4 0-0.4-0.1-0.8-0.3-1.2-0.6-1.5 0-2.8 1.6-3.3 1.9-0.7 4.5 0.3 5.5 2.1 0.5 0.7 0.7 1.7 0.8 2.8zm-85-53.3v0.3c0 1.8 0.3 3 1.2 4 0.9 1.1 2.1 1.6 3.6 1.3 1.4-0.3 2.3-1.2 2.8-2.6 0.8-2.5-0.5-5.4-3.1-6-0.1 0-0.2-0.1-0.3-0.1-0.2 0-0.3-0.1-0.5-0.2-1.2-0.5-2.6 0-3.2 1.5-0.2 0.7-0.4 1.3-0.5 1.8zm71.8 72.1c0 1.7-0.9 3.1-2.3 3.5-1.3 0.5-2.6 0-3.6-1.1-1.1-1.3-1.6-2.9-1.5-4.6 0-1.2 0.7-2.2 1.4-3.1 0.5-0.6 1.2-0.8 1.9-0.6 0.4 0.1 0.8 0.3 1.2 0.5 1.5 1 2.9 3.6 2.9 5.4zm-71.5-42v0.4c0 1.9 0.6 3.6 2.3 4.7 1.1 0.8 2.3 0.9 3.6 0.3 1.2-0.6 1.8-1.7 1.8-3 0.1-2.2-1-3.9-2.9-5-0.2-0.1-0.3-0.2-0.5-0.3-2.1-0.7-4.1 0.7-4.3 2.9zm55.9 43.5c0.1 0.1 0.1 0.3 0.2 0.5s0.2 0.5 0.3 0.7c0.6 1 1 1.9 1.1 3.1 0 1.3-0.4 2.2-1.6 2.8-1.1 0.6-2.2 0.4-3.2-0.4-1.1-0.8-1.7-2.1-1.9-3.4l-0.3-1.8c0-0.3-0.1-0.6-0.1-0.9-0.1-0.6 0-1.2 0.5-1.6l0.1-0.1c0.7-0.5 1.5-1.1 2.3-1.3 1.5-0.5 3 0.8 2.6 2.4zm-0.8-28.1c-1.1 1.3-1.8 2.7-1.8 4.1 0 1.5 0.2 2.4 0.6 3.1 0.7 1.1 1.8 1.7 3.1 1.5 1.5-0.2 2.9-1.5 3.2-3 0.3-1.7-0.1-3.3-1.1-4.7-0.1-0.2-0.2-0.3-0.4-0.5-0.1-0.2-0.2-0.3-0.4-0.5-0.8-1-2.2-1.1-3.2 0zm-27.5 21.6c2.7-0.5 4.9 2.7 4.3 5.4-0.5 2.1-2.7 3.2-4.7 2.3s-3.3-3.6-2.7-5.7c0.3-1.2 1.3-2.3 3.1-2zm56.5-36.5c-0.7 1.1-1.1 2.4-1 3.7 0 1 0.2 1.9 0.7 2.8 0.8 1.3 2 1.9 3.3 1.7s2.3-1.2 2.5-2.6c0.4-2.3-0.5-4.3-2-6-1-1.2-2.6-0.9-3.5 0.4zm-64.7 14.5c0.1 0.2 0.2 0.5 0.3 0.7 0.6 1.1 0.9 2.2 0.7 3.5-0.2 1.1-0.8 1.9-1.8 2.3-1.1 0.4-2.1 0-2.9-0.8-0.7-0.8-1.1-1.8-1.3-2.8-0.1-0.5-0.3-1-0.5-1.5-0.5-1.2-0.3-2.3 0.8-3 0.2-0.1 0.4-0.3 0.6-0.4s0.4-0.3 0.6-0.4c0.8-0.5 1.6-0.6 2.5-0.1 0.8 0.5 1.1 1.2 1 2.1-0.1 0.1 0 0.3 0 0.4zm46.9-60.6c1.1-0.6 1.6-1.6 1.6-2.7 0-1.8-1.2-3.9-2.8-5.2-1.7-1.3-3.8-0.5-4 1.7-0.1 1-0.1 2 0.1 3 0.2 1.2 0.8 2.3 1.9 3 1 0.7 2.1 0.8 3.2 0.2zm-28.5 68.8v-1-1.9c0.1-1.3 1.3-2.1 2.6-1.7 0.5 0.2 1 0.5 1.5 0.8 1 0.9 1.6 1.9 2.1 3.1 0.4 0.9 0.5 1.9 0.1 2.8-0.4 1.2-1.3 2-2.5 2.2-1.3 0.2-2.3-0.3-3.1-1.3-0.6-0.8-0.8-1.9-0.7-3zm40-49.3c1.6-0.6 2.6-2.2 2.6-4 0-1.7-0.9-3.1-2.3-3.6-1.5-0.5-3.1 0-4.1 1.3-1.1 1.4-1.1 4.1 0.1 5.4 0.8 1.1 2.3 1.4 3.7 0.9zm-40.7 11.2c0 0.7-0.2 1.5-0.6 2.1-1.2 1.8-3.6 2-4.9 0.3-1-1.2-1.3-2.7-1.3-4.2 0-0.3 0.1-0.7 0.1-1 0-0.1 0-0.2 0.1-0.3 0.4-1.8 1.9-2.5 3.6-1.7 1.7 0.7 3 2.8 3 4.8zm16.5-15.8c0-0.1 0.1-0.3 0.1-0.4-0.1-1.2-0.6-2.1-1.6-2.9 0-0.1-0.1-0.1-0.2-0.2-0.2-0.2-0.5-0.4-0.6-0.7-0.7-1.3-2.7-1.5-3.9 0-1.3 1.7-1.3 4.3 0 6 1.6 2.1 4.4 1.9 5.7-0.3 0.2-0.4 0.3-1 0.5-1.5zm22.7 21.2c0 1.5-0.7 2.8-2.1 3.7-1.8 1.2-4.1 0.5-4.9-1.6-0.9-2.5 0-4.9 3-5.8 1.1-0.4 2.2 0 3 0.9 0.7 0.8 1 1.7 1 2.8zm-20.1 4.4c0.1-0.2 0.1-0.5 0.2-0.7-0.1-2.3-2.6-4.8-4.8-4.8-1.4 0-2.5 1-2.4 2.3 0 0.8 0.1 1.6 0.3 2.4 0.3 1.3 0.8 2.3 1.9 3.1 1.6 1 3.5 0.6 4.4-1.1 0.2-0.4 0.3-0.8 0.4-1.2zm-22.7-32.2c0 1.4-0.7 2.6-1.9 3.1s-2.5 0.1-3.4-0.9c-1.3-1.5-1.6-3.2-1.3-5.1 0.2-0.7 0.5-1.3 1.1-1.8 1.2-0.9 2.7-0.6 3.5 0.6 0.3 0.4 0.5 0.8 0.8 1.1 0.8 1 1.2 1.9 1.2 3zm-20.9 16.4c0 0.2-0.1 0.3-0.1 0.4 0.1 1.8 0.5 3.1 1.6 4 1.6 1.4 3.9 0.9 4.7-1.1 0.5-1.3 0.3-2.5-0.5-3.6-0.3-0.5-0.6-0.9-0.7-1.4-0.3-1.2-1.5-1.8-2.7-1.5-0.8 0.2-1.4 0.8-1.8 1.5-0.2 0.7-0.4 1.3-0.5 1.7zm25.7 22.1c0 0.8-0.2 1.6-0.8 2.3-1.2 1.5-3.3 1.6-4.7 0.3-1.3-1.3-1.7-3.6-0.9-5.3 0.5-1.1 1.5-1.6 2.7-1.4h0.1 0.1c2.4 0.4 3.5 1.7 3.5 4.1zm25.4 4.6v2.6c0 0.8 0.3 1.8 1.1 2.7 1.4 1.4 3.6 1 4.3-0.8 0.8-1.9-0.7-5.6-2.6-6.4-1.4-0.6-2.8 0.4-2.8 1.9z\">\r\n                              <\/path>\r\n                         <\/svg>\r\n                <\/figure>\r\n                <div class=\"card\" style=\"\">\r\n                    <img decoding=\"async\" src=\"https:\/\/hellowp.io\/hu\/wp-content\/themes\/hellowp2\/assets\/images\/about\/07.jpg\" class=\"card-img-top\" alt=\"...\">\r\n                    <div class=\"card-body mt-n6\">\r\n                        <div class=\"d-flex align-items-center p-2 p-sm-3 bg-white shadow rounded-4\">\r\n                            <div class=\" bg-white rounded-circle shadow\">\r\n                                <img decoding=\"async\" src=\"https:\/\/hellowp.io\/hu\/wp-content\/themes\/hellowp2\/assets\/images\/unicef.svg\" class=\"h-30px\" alt=\"\">\r\n                            <\/div>\r\n                            <div class=\"ms-2\">\r\n                                <h6 class=\"mb-0 text-dark\">Aktu\u00e1lis<\/h6>\r\n                                <span class=\"\">Jelenleg az UNICEF \"<a target=\"_blank\" href=\"https:\/\/unicef.hu\/veszhelyzet-ukrajnaban\" rel=\"noopener\">V\u00e9szelyzet Ukrajn\u00e1ban<\/a>\"\r\n                                             adom\u00e1ngy\u0171jt\u00e9s\u00e9ben <br>vesz\u00fcnk\r\n                                             r\u00e9szt!<\/span>\r\n                            <\/div>\r\n                        <\/div>\r\n                    <\/div>\r\n                <\/div>\r\n\r\n\r\n\r\n                <!-- Image -->\r\n\r\n\r\n            <\/div>\r\n            <!-- Right content END -->\r\n        <\/div>\r\n    <\/div>\r\n    <!-- Content E ND -->\r\n<\/section>\r\n\r\n\r\n<section class=\"pt-4 pt-lg-5\">\r\n    <div class=\"container\">\r\n        <!-- Category START -->\r\n        <div class=\"row g-4\">\r\n            <!-- Category item -->\r\n            <div class=\"col-sm-6 col-lg-12 col-xl-3\">\r\n                <h2>Milyen projekteket t\u00e1mogatunk?<\/h2>\r\n            <\/div>\r\n\r\n            <!-- Category item -->\r\n            <div class=\"col-sm-6 col-lg-4 col-xl-3\">\r\n                <div class=\"card card-body shadow h-100\">\r\n                    <!-- Title and image -->\r\n                    <div class=\"d-flex align-items-center mb-3\">\r\n                        <img decoding=\"async\" src=\"https:\/\/hellowp.io\/hu\/wp-content\/themes\/hellowp2\/assets\/images\/element\/30.svg\" class=\"h-60px mb-2\" alt=\"\">\r\n                        <div class=\"ms-3\">\r\n                            <h5 class=\"mb-0\">Ny\u00edlt forr\u00e1sk\u00f3d\u00fa szoftverek<\/h5>\r\n                        <\/div>\r\n                    <\/div>\r\n                    <!-- List -->\r\n                    B\u00e1rmilyen ny\u00edlt forr\u00e1s\u00fa szoftvert sz\u00edvesen t\u00e1mogatunk.\r\n                <\/div>\r\n            <\/div>\r\n\r\n            <!-- Category item -->\r\n            <div class=\"col-sm-6 col-lg-4 col-xl-3\">\r\n                <div class=\"card card-body shadow h-100\">\r\n                    <!-- Title and image -->\r\n                    <div class=\"d-flex align-items-center mb-3\">\r\n                        <i class=\"fad fa-users fa-3x text-orange\"><\/i>\r\n                        <div class=\"ms-3\">\r\n                            <h5 class=\"mb-0\">K\u00f6zhaszn\u00fa szervezetek<\/h5>\r\n                        <\/div>\r\n                    <\/div>\r\n                    <!-- List -->\r\n                   M\u00e1sok\u00e9rt dolgoztok? R\u00e1nk sz\u00e1m\u00edthattok!\r\n                <\/div>\r\n            <\/div>\r\n\r\n            <!-- Category item -->\r\n            <div class=\"col-sm-6 col-lg-4 col-xl-3\">\r\n                <div class=\"card card-body shadow h-100\">\r\n                    <!-- Title and image -->\r\n                    <div class=\"d-flex align-items-center mb-3\">\r\n                        <i class=\"fad fa-trees fa-3x text-success\"><\/i>\r\n                        <div class=\"ms-3\">\r\n                            <h5 class=\"mb-0\">Term\u00e9szetv\u00e9d\u0151 \u00e9s eg\u00e9szs\u00e9g<\/h5>\r\n\r\n                        <\/div>\r\n                    <\/div>\r\n                    <!-- List -->\r\n                  Valami j\u00f3t tesztek a bolyg\u00f3nk\u00e9rt? Sz\u00edvesen csatlakozunk!\r\n                <\/div>\r\n            <\/div>\r\n        <\/div>\r\n        <!-- Category END -->\r\n    <\/div>\r\n<\/section>\r\n\r\n<section id=\"contact-form\" class=\"position-relative overflow-hidden pt-0 pt-md-5\">\r\n\r\n\r\n\r\n    <div class=\"container\">\r\n        <div class=\"row g-4 g-sm-5 align-items-center\">\r\n\r\n\r\n            <!-- Contact form START -->\r\n            <div class=\"\">\r\n                <div class=\"card card-body shadow p-4 p-sm-5 position-relative\">\r\n                    <h2>Van egy j\u00f3 \u00f6tleted?<\/h2>\r\n                    <p>Szeretn\u00e9d felh\u00edvni a figyelm\u00fcnket egy j\u00f3 \u00fcgyre, amit t\u00e1mogathatn\u00e1nk? Itt megteheted!<\/p>\r\n                    <!-- SVG decoration -->\r\n                    <figure class=\"position-absolute top-0 start-100 mt-n5 ms-n7\">\r\n                        <svg enable-background=\"new 0 0 167 107\">\r\n                                   <path class=\"fill-danger\"\r\n                                        d=\"m87.1 1c-0.4 0.5-0.8 1-1.3 1.5l-3 2.7c-2.6 2.3-5.1 4.7-7.8 6.8-13.4 10.5-26.8 21-40.1 31.5l-25.8 20.4c-0.4 0.3-0.8 0.6-1.1 0.9-0.7 0.6-1.5 1-2.4 0.2-0.8-0.7-0.6-1.7-0.1-2.4 0.6-1 1.4-2 2.2-2.8 0.5-0.4 1-0.9 1.5-1.3 2.8-2.6 5.7-5.2 8.6-7.5 21.6-16.6 43.3-33.1 65.8-48.5 1.2-0.9 2.5-1.7 3.8-2.5 0 0 0.1 0.1 0.4 0.2-0.2 0.3-0.5 0.6-0.7 0.8zm78.9 20.9c-0.4 0.2-0.7 0.4-1.1 0.6-0.3 0.2-0.7 0.5-1.1 0.7-14.6 8.6-29 17.5-43.1 27-21.6 14.4-43 29.2-63.4 45.2-3.8 3-7.5 6-11.2 9-0.6 0.5-1.1 0.9-1.7 1.3-0.8 0.6-1.6 0.9-2.4 0.2s-0.6-1.7-0.1-2.4c0.6-1 1.3-2 2.2-2.8l0.1-0.1c2.5-2.3 5-4.6 7.7-6.6 30.4-23 61.6-44.5 94.9-63 3.8-2.1 7.7-4.1 11.6-6 1.9-1 3.9-2 5.8-3 0.5-0.2 1-0.4 1.4-0.6 0.2 0.1 0.3 0.3 0.4 0.5zm-66.1-13.4c0.7-0.5 1.3-1.1 1.9-1.7-0.1-0.1-0.2-0.2-0.5-0.3-0.7 0.5-1.4 1-2.1 1.6-0.7 0.5-1.4 1.1-2.1 1.6-4 2.9-8.1 5.8-12.1 8.7-19.3 13.8-38.6 27.7-57.8 41.8-5.4 3.9-10.5 8.1-15.6 12.3-2.1 1.7-4.2 3.5-6.3 5.2-1.5 1.2-2.8 2.6-4.1 4-0.5 0.5-1 1.1-1.2 1.8-0.1 0.5 0.1 1.2 0.4 1.5s1.1 0.4 1.5 0.2c0.8-0.4 1.5-0.9 2.2-1.5l7.2-6c4.2-3.6 8.5-7.1 12.8-10.5 10.6-8.2 21.3-16.4 31.9-24.5l23.4-18c6.9-5.4 13.7-10.8 20.5-16.2zm0.5 13.5c-1.1 1-2.2 2-3.4 2.9-3.3 2.6-6.7 5.2-10 7.8-11 8.5-22 17-32.9 25.6-6.4 5.1-12.8 10.3-19.1 15.4-3.5 2.8-7 5.7-10.5 8.5-0.8 0.7-1.6 1.4-2.5 1.9-0.5 0.3-1.6 0.3-1.9 0-0.4-0.4-0.5-1.4-0.2-1.9 0.4-0.8 1-1.6 1.7-2.3 0.7-0.6 1.4-1.3 2.1-1.9 1.7-1.6 3.4-3.2 5.2-4.7 20-15.8 40.2-31.3 61.3-45.6 2.3-1.6 4.7-3.1 7.1-4.6 0.5-0.3 1-0.7 1.5-1 0.4-0.2 0.8-0.4 1.2-0.7 0.1 0.1 0.1 0.2 0.2 0.3s0.2 0.2 0.2 0.3zm7 13.4 0.6-0.6c-0.3-0.2-0.4-0.3-0.4-0.3-1.5 1.1-3 2.2-4.5 3.2-16.7 11.1-32.8 23-48.7 35.1-4.7 3.5-9.3 7.1-13.9 10.7-0.9 0.7-1.7 1.5-2.4 2.3-0.6 0.7-0.9 1.6-0.2 2.4 0.7 0.9 1.6 0.8 2.4 0.3 1.1-0.6 2.2-1.3 3.2-2.1 1.8-1.4 3.5-2.8 5.2-4.3 1.7-1.4 3.5-2.8 5.2-4.3 12.1-9.5 24.3-19 36.5-28.4l15-12c0.6-0.4 1.3-1.2 2-2z\">\r\n                                   <\/path>\r\n                              <\/svg>\r\n                    <\/figure>\r\n\r\n                    <!-- Form START -->\r\n                    <form action=\"https:\/\/hellowp.io\/hu\/wp-json\/ws-form\/v1\/submit\" class=\"wsf-form wsf-form-canvas\" id=\"ws-form-1\" data-id=\"9\" method=\"POST\" data-instance-id=\"1\"><\/form>\r\n                    <!-- Form END -->\r\n                <\/div>\r\n            <\/div>\r\n            <!-- Contact form END -->\r\n        <\/div>\r\n    <\/div>\r\n<\/section>\n","protected":false},"excerpt":{"rendered":"<p> [&#8230;]<\/p>\n<p><a class=\"btn btn-secondary understrap-read-more-link\" href=\"https:\/\/hellowp.io\/hu\/tarsadalmi-szerepvallalas\/\">Read More&#8230;<span class=\"screen-reader-text\"> from T\u00e1rsadalmi szerepv\u00e1llal\u00e1s<\/span><\/a><\/p>\n","protected":false},"author":8,"featured_media":0,"parent":0,"menu_order":0,"comment_status":"closed","ping_status":"closed","template":"page-templates\/fullwidthpage.php","meta":{"_seopress_robots_primary_cat":"","_seopress_titles_title":"","_seopress_titles_desc":"Azzal, hogy ig\u00e9nybe veszed az oldalon tal\u00e1lhat\u00f3 szolg\u00e1ltat\u00e1sokat, egyben egy nagyszer\u0171 k\u00f6z\u00f6ss\u00e9get is t\u00e1mogatsz! ","_seopress_robots_index":"","footnotes":""},"class_list":["post-246","page","type-page","status-publish","hentry"],"_links":{"self":[{"href":"https:\/\/hellowp.io\/hu\/wp-json\/wp\/v2\/pages\/246","targetHints":{"allow":["GET"]}}],"collection":[{"href":"https:\/\/hellowp.io\/hu\/wp-json\/wp\/v2\/pages"}],"about":[{"href":"https:\/\/hellowp.io\/hu\/wp-json\/wp\/v2\/types\/page"}],"author":[{"embeddable":true,"href":"https:\/\/hellowp.io\/hu\/wp-json\/wp\/v2\/users\/8"}],"replies":[{"embeddable":true,"href":"https:\/\/hellowp.io\/hu\/wp-json\/wp\/v2\/comments?post=246"}],"version-history":[{"count":0,"href":"https:\/\/hellowp.io\/hu\/wp-json\/wp\/v2\/pages\/246\/revisions"}],"wp:attachment":[{"href":"https:\/\/hellowp.io\/hu\/wp-json\/wp\/v2\/media?parent=246"}],"curies":[{"name":"wp","href":"https:\/\/api.w.org\/{rel}","templated":true}]}}