{"id":230177,"date":"2023-04-20T09:52:26","date_gmt":"2023-04-20T08:52:26","guid":{"rendered":"https:\/\/hellowp.io\/hu\/?page_id=230177"},"modified":"2024-09-29T08:09:25","modified_gmt":"2024-09-29T07:09:25","slug":"trademark-vedjegyek","status":"publish","type":"page","link":"https:\/\/hellowp.io\/hu\/trademark-vedjegyek\/","title":{"rendered":"Trademark &#8211; V\u00e9djegyek"},"content":{"rendered":"<h2>WordPress<\/h2>\n<p> WordPress is a registered trademark of the WordPress Foundation. This website is not affiliated with nor endorsed by the WordPress Foundation. All trademarks and name brands are the property of their respective owners.<\/p>\n<h2>WooCommerce<\/h2>\n<p> WooCommerce is a registered trademark of Automattic Inc. This website is not affiliated with nor endorsed by Automattic Inc. All trademarks and name brands are the property of their respective owners.<\/p>\n<h2>WP Rocket<\/h2>\n<p>\u201cWP Rocket\u201d is a registered trademark of WP Media, Inc. This website is not affiliated with nor endorsed by WP Media, Inc. All trademarks and name brands are the property of their respective owners.<\/p>\n<p>A \u201cWP Rocket\u201d a WP Media, Inc. bejegyzett v\u00e9djegye. Ez a webhely nem \u00e1ll kapcsolatban a WP Media, Inc.-vel, \u00e9s nem t\u00e1mogatja azt. Minden v\u00e9djegy \u00e9s n\u00e9v a megfelel\u0151 tulajdonosok tulajdon\u00e1t k\u00e9pezi.<\/p>\n<h2>Divi<\/h2>\n<p>Divi is a registered trademark of Elegant Themes, Inc. This website is not affiliated with nor endorsed by Elegant Themes. All trademarks and name brands are the property of their respective owners.<\/p>\n<p>A Divi az Elegant Themes, Inc. bejegyzett v\u00e9djegye. Ez a webhely nem \u00e1ll kapcsolatban az Elegant Themes-szel, \u00e9s nem is t\u00e1mogatja azt. Minden v\u00e9djegy \u00e9s n\u00e9v a megfelel\u0151 tulajdonosok tulajdon\u00e1t k\u00e9pezi.<\/p>\n<h2>Bloom<\/h2>\n<p>Bloom is a registered trademark of Elegant Themes, Inc. This website is not affiliated with nor endorsed by Elegant Themes. All trademarks and name brands are the property of their respective owners.<\/p>\n<p>A Bloom az Elegant Themes, Inc. bejegyzett v\u00e9djegye. Ez a webhely nem \u00e1ll kapcsolatban az Elegant Themes-szel, \u00e9s nem is t\u00e1mogatja azt. Minden v\u00e9djegy \u00e9s n\u00e9v a megfelel\u0151 tulajdonosok tulajdon\u00e1t k\u00e9pezi.<\/p>\n<h2>Cartflows<\/h2>\n<p>Cartflows is a registered trademark of CARTFLOWS INC. This website is not affiliated with nor endorsed by CARTFLOWS INC. All trademarks and name brands are the property of their respective owners.<\/p>\n<p>A Cartflows a CARTFLOWS INC. bejegyzett v\u00e9djegye. Ez a webhely nem \u00e1ll kapcsolatban a CARTFLOWS INC-el, \u00e9s nem t\u00e1mogatja azt. Minden v\u00e9djegy \u00e9s n\u00e9v a megfelel\u0151 tulajdonosok tulajdon\u00e1t k\u00e9pezi.<\/p>\n<h2>CheckoutWC<\/h2>\n<p>CheckoutWC is a registered trademark of Clif Griffin Development Inc. This website is not affiliated with nor endorsed by Clif Griffin Development Inc. All trademarks and name brands are the property of their respective owners.<\/p>\n<p>A CheckoutWC a Clif Griffin Development Inc. bejegyzett v\u00e9djegye. Ez a webhely nem \u00e1ll kapcsolatban a Clif Griffin Development Inc.-vel, \u00e9s nem t\u00e1mogatja azt. Minden v\u00e9djegy \u00e9s n\u00e9v a megfelel\u0151 tulajdonosok tulajdon\u00e1t k\u00e9pezi.<\/p>\n<h2>Elementor<\/h2>\n<p>Elementor is a registered trademark of Elementor LTD CORPORATION. This website is not affiliated with nor endorsed by Elementor LTD CORPORATION. All trademarks and name brands are the property of their respective owners.<\/p>\n<p>Az Elementor az Elementor LTD CORPORATION bejegyzett v\u00e9djegye. Ez a webhely nem \u00e1ll kapcsolatban az Elementor LTD CORPORATION-nel, \u00e9s nem t\u00e1mogatja azt. Minden v\u00e9djegy \u00e9s n\u00e9v a megfelel\u0151 tulajdonosok tulajdon\u00e1t k\u00e9pezi.<\/p>\n<h2>WPML<\/h2>\n<p>WPML is a registered trademark of OnTheGoSystems Limited CORPORATION HONG KONG. This website is not affiliated with nor endorsed by OnTheGoSystems Limited CORPORATION HONG KONG. All trademarks and name brands are the property of their respective owners.<\/p>\n<p>A WPML az OnTheGoSystems Limited CORPORATION HONG KONG bejegyzett v\u00e9djegye. Ez a webhely nem \u00e1ll kapcsolatban az OnTheGoSystems Limited CORPORATION HONG KONG-gal, \u00e9s nem t\u00e1mogatja azt. Minden v\u00e9djegy \u00e9s n\u00e9v a megfelel\u0151 tulajdonosok tulajdon\u00e1t k\u00e9pezi.<\/p>\n<h2>TranslatePress<\/h2>\n<p>TranslatePress is a registered trademark of Reflection Media S.R.L. This website is not affiliated with nor endorsed by Reflection Media S.R.L. All trademarks and name brands are the property of their respective owners.<\/p>\n<p>A TranslatePress a Reflection Media S.R.L. bejegyzett v\u00e9djegye. Ez a webhely nem \u00e1ll kapcsolatban a Reflection Media S.R.L.-vel, \u00e9s nem t\u00e1mogatja azt. Minden v\u00e9djegy \u00e9s n\u00e9v a megfelel\u0151 tulajdonosok tulajdon\u00e1t k\u00e9pezi.<\/p>\n<h2>AffiliateWP<\/h2>\n<p>AffiliateWP is a registered trademark of Sandhills Development, LLC. This website is not affiliated with nor endorsed by Sandhills Development, LLC. All trademarks and name brands are the property of their respective owners.<\/p>\n<p>Az AffiliateWP a Sandhills Development, LLC bejegyzett v\u00e9djegye. Ez a webhely nem \u00e1ll kapcsolatban a Sandhills Development, LLC-vel, \u00e9s nem t\u00e1mogatja azt. Minden v\u00e9djegy \u00e9s n\u00e9v a megfelel\u0151 tulajdonosok tulajdon\u00e1t k\u00e9pezi.<\/p>\n<h2>Polylang<\/h2>\n<p>Polylang is a registered trademark of WP SYNTEX Soci\u00e9t\u00e9 \u00e0 responsabilit\u00e9 limit\u00e9e. This website is not affiliated with nor endorsed by WP SYNTEX Soci\u00e9t\u00e9 \u00e0 responsabilit\u00e9 limit\u00e9e. All trademarks and name brands are the property of their respective owners.<\/p>\n<p>A Polylang a WP SYNTEX Soci\u00e9t\u00e9 \u00e0 responsabilit\u00e9 limit\u00e9e bejegyzett v\u00e9djegye. Ez a webhely nem \u00e1ll kapcsolatban a WP SYNTEX Soci\u00e9t\u00e9 \u00e0 responsabilit\u00e9 limit\u00e9e-vel, \u00e9s nem t\u00e1mogatja azt. Minden v\u00e9djegy \u00e9s n\u00e9v a megfelel\u0151 tulajdonosok tulajdon\u00e1t k\u00e9pezi.<\/p>\n<h2>Yoast<\/h2>\n<p>Yoast is a registered trademark of Yoast B.V. This website is not affiliated with nor endorsed by Yoast B.V. All trademarks and name brands are the property of their respective owners.<\/p>\n<p>A Yoast a Yoast B.V. bejegyzett v\u00e9djegye. Ez a webhely nem \u00e1ll kapcsolatban a Yoast B.V.-vel, \u00e9s nem t\u00e1mogatja azt. Minden v\u00e9djegy \u00e9s n\u00e9v a megfelel\u0151 tulajdonosok tulajdon\u00e1t k\u00e9pezi.<\/p>\n<h2>YITH<\/h2>\n<p>YITH is a registered trademark of YOUR INSPIRATION SOLUTIONS, S.L.U This website is not affiliated with nor endorsed by YOUR INSPIRATION SOLUTIONS, S.L.U All trademarks and name brands are the property of their respective owners.<\/p>\n<p>A YITH a YOUR INSPIRATION SOLUTIONS, S.L.U. bejegyzett v\u00e9djegye. Ez a webhely nem \u00e1ll kapcsolatban a YOUR INSPIRATION SOLUTIONS, S.L.U.-val, \u00e9s nem t\u00e1mogatja azt. Minden v\u00e9djegy \u00e9s n\u00e9v a megfelel\u0151 tulajdonosok tulajdon\u00e1t k\u00e9pezi.<\/p>\n","protected":false},"excerpt":{"rendered":"<p>WordPress WordPress is a registered trademark of the WordPress Foundation. This website is not affiliated with nor endorsed by the WordPress Foundation. All trademarks and name brands are the property of their respective owners. WooCommerce WooCommerce is a registered trademark of Automattic Inc. This website is not affiliated with nor endorsed by Automattic Inc. All [&#8230;]<\/p>\n<p><a class=\"btn btn-secondary understrap-read-more-link\" href=\"https:\/\/hellowp.io\/hu\/trademark-vedjegyek\/\">Read More&#8230;<span class=\"screen-reader-text\"> from Trademark &#8211; V\u00e9djegyek<\/span><\/a><\/p>\n","protected":false},"author":8,"featured_media":0,"parent":0,"menu_order":0,"comment_status":"closed","ping_status":"closed","template":"","meta":{"_seopress_robots_primary_cat":"","_seopress_titles_title":"","_seopress_titles_desc":"","_seopress_robots_index":"yes","footnotes":""},"class_list":["post-230177","page","type-page","status-publish","hentry"],"_links":{"self":[{"href":"https:\/\/hellowp.io\/hu\/wp-json\/wp\/v2\/pages\/230177","targetHints":{"allow":["GET"]}}],"collection":[{"href":"https:\/\/hellowp.io\/hu\/wp-json\/wp\/v2\/pages"}],"about":[{"href":"https:\/\/hellowp.io\/hu\/wp-json\/wp\/v2\/types\/page"}],"author":[{"embeddable":true,"href":"https:\/\/hellowp.io\/hu\/wp-json\/wp\/v2\/users\/8"}],"replies":[{"embeddable":true,"href":"https:\/\/hellowp.io\/hu\/wp-json\/wp\/v2\/comments?post=230177"}],"version-history":[{"count":10,"href":"https:\/\/hellowp.io\/hu\/wp-json\/wp\/v2\/pages\/230177\/revisions"}],"predecessor-version":[{"id":322556,"href":"https:\/\/hellowp.io\/hu\/wp-json\/wp\/v2\/pages\/230177\/revisions\/322556"}],"wp:attachment":[{"href":"https:\/\/hellowp.io\/hu\/wp-json\/wp\/v2\/media?parent=230177"}],"curies":[{"name":"wp","href":"https:\/\/api.w.org\/{rel}","templated":true}]}}