{"id":222976,"date":"2023-03-22T09:33:57","date_gmt":"2023-03-22T08:33:57","guid":{"rendered":"https:\/\/hellowp.io\/hu\/?page_id=222976"},"modified":"2023-03-27T11:50:23","modified_gmt":"2023-03-27T10:50:23","slug":"uj-api-kulcs-beallitasa","status":"publish","type":"page","link":"https:\/\/hellowp.io\/hu\/uj-api-kulcs-beallitasa\/","title":{"rendered":"\u00daj api kulcs be\u00e1ll\u00edt\u00e1sa"},"content":{"rendered":"\n","protected":false},"excerpt":{"rendered":"<p> [&#8230;]<\/p>\n<p><a class=\"btn btn-secondary understrap-read-more-link\" href=\"https:\/\/hellowp.io\/hu\/uj-api-kulcs-beallitasa\/\">Read More&#8230;<span class=\"screen-reader-text\"> from \u00daj api kulcs be\u00e1ll\u00edt\u00e1sa<\/span><\/a><\/p>\n","protected":false},"author":8,"featured_media":0,"parent":0,"menu_order":0,"comment_status":"closed","ping_status":"closed","template":"","meta":{"_seopress_robots_primary_cat":"","_seopress_titles_title":"","_seopress_titles_desc":"","_seopress_robots_index":"","footnotes":""},"class_list":["post-222976","page","type-page","status-publish","hentry"],"_links":{"self":[{"href":"https:\/\/hellowp.io\/hu\/wp-json\/wp\/v2\/pages\/222976","targetHints":{"allow":["GET"]}}],"collection":[{"href":"https:\/\/hellowp.io\/hu\/wp-json\/wp\/v2\/pages"}],"about":[{"href":"https:\/\/hellowp.io\/hu\/wp-json\/wp\/v2\/types\/page"}],"author":[{"embeddable":true,"href":"https:\/\/hellowp.io\/hu\/wp-json\/wp\/v2\/users\/8"}],"replies":[{"embeddable":true,"href":"https:\/\/hellowp.io\/hu\/wp-json\/wp\/v2\/comments?post=222976"}],"version-history":[{"count":5,"href":"https:\/\/hellowp.io\/hu\/wp-json\/wp\/v2\/pages\/222976\/revisions"}],"predecessor-version":[{"id":224783,"href":"https:\/\/hellowp.io\/hu\/wp-json\/wp\/v2\/pages\/222976\/revisions\/224783"}],"wp:attachment":[{"href":"https:\/\/hellowp.io\/hu\/wp-json\/wp\/v2\/media?parent=222976"}],"curies":[{"name":"wp","href":"https:\/\/api.w.org\/{rel}","templated":true}]}}