{"id":222350,"date":"2023-03-15T07:32:36","date_gmt":"2023-03-15T06:32:36","guid":{"rendered":"https:\/\/hellowp.io\/hu\/?page_id=222350"},"modified":"2023-03-15T07:34:10","modified_gmt":"2023-03-15T06:34:10","slug":"notifications","status":"publish","type":"page","link":"https:\/\/hellowp.io\/hu\/notifications\/","title":{"rendered":"\u00c9rtes\u00edt\u00e9sek &#8211; Friss\u00edt\u00e9sek"},"content":{"rendered":"<style>\r\n\r\n.footer-duo{\r\ndisplay: none !important; }\r\n<\/style>\r\n<section class=\"bg-light position-relative\">\r\n\r\n\t<!-- Svg decoration -->\r\n\t<figure class=\"position-absolute bottom-0 start-0 d-none d-lg-block\">\r\n\t\t<svg width=\"822.2px\" height=\"301.9px\" viewbox=\"0 0 822.2 301.9\">\r\n\t\t\t<path class=\"fill-warning opacity-5\" d=\"M752.5,51.9c-4.5,3.9-8.9,7.8-13.4,11.8c-51.5,45.3-104.8,92.2-171.7,101.4c-39.9,5.5-80.2-3.4-119.2-12.1 c-32.3-7.2-65.6-14.6-98.9-13.9c-66.5,1.3-128.9,35.2-175.7,64.6c-11.9,7.5-23.9,15.3-35.5,22.8c-40.5,26.4-82.5,53.8-128.4,70.7 c-2.1,0.8-4.2,1.5-6.2,2.2L0,301.9c3.3-1.1,6.7-2.3,10.2-3.5c46.1-17,88.1-44.4,128.7-70.9c11.6-7.6,23.6-15.4,35.4-22.8 c46.7-29.3,108.9-63.1,175.1-64.4c33.1-0.6,66.4,6.8,98.6,13.9c39.1,8.7,79.6,17.7,119.7,12.1C634.8,157,688.3,110,740,64.6 c4.5-3.9,9-7.9,13.4-11.8C773.8,35,797,16.4,822.2,1l-0.7-1C796.2,15.4,773,34,752.5,51.9z\"><\/path>\r\n\t\t<\/svg>\r\n\t<\/figure>\r\n\r\n\t<div class=\"container position-relative\">\r\n\t\t<div class=\"row\">\r\n\t\t\t<div class=\"col-12\">\r\n\t\t\t\t<div class=\"row align-items-center\">\r\n\r\n\t\t\t\t\t<!-- Image -->\r\n\t\t\t\t\t<div class=\"col-6 col-md-3 text-center order-1 d-none d-md-block\">\r\n\t\t\t\t\t\t<img decoding=\"async\" src=\"https:\/\/hellowp.io\/hu\/wp-content\/themes\/hellowp2\/assets\/images\/element\/category-1.svg\" alt=\"\">\r\n\t\t\t\t\t<\/div>\r\n\r\n\t\t\t\t\t<!-- Content -->\r\n\t\t\t\t\t<div class=\"col-md-6 px-md-5 text-center position-relative order-md-2 mb-5 mb-md-0\">\r\n\r\n\t\t\t\t\t\t<!-- Svg decoration -->\r\n\t\t\t\t\t\t<figure class=\"position-absolute top-0 start-0\">\t\r\n\t\t\t\t\t\t\t<svg width=\"22px\" height=\"22px\" viewbox=\"0 0 22 22\">\r\n\t\t\t\t\t\t\t\t<polygon class=\"fill-orange\" points=\"22,8.3 13.7,8.3 13.7,0 8.3,0 8.3,8.3 0,8.3 0,13.7 8.3,13.7 8.3,22 13.7,22 13.7,13.7 22,13.7 \"><\/polygon>\r\n\t\t\t\t\t\t\t<\/svg>\r\n\t\t\t\t\t\t<\/figure>\r\n\r\n\t\t\t\t\t\t<!-- Svg decoration -->\r\n\t\t\t\t\t\t<figure class=\"position-absolute top-0 start-50 translate-middle mt-n6 d-none d-md-block\">\r\n\t\t\t\t\t\t\t<svg width=\"27px\" height=\"27px\">\r\n\t\t\t\t\t\t\t\t<path class=\"fill-purple\" d=\"M13.122,5.946 L17.679,-0.001 L17.404,7.528 L24.661,5.946 L19.683,11.533 L26.244,15.056 L18.891,16.089 L21.686,23.068 L15.400,19.062 L13.122,26.232 L10.843,19.062 L4.557,23.068 L7.352,16.089 L-0.000,15.056 L6.561,11.533 L1.582,5.946 L8.839,7.528 L8.565,-0.001 L13.122,5.946 Z\"><\/path>\r\n\t\t\t\t\t\t\t<\/svg>\r\n\t\t\t\t\t\t<\/figure>\r\n\r\n\r\n\t\t\t\t\t\t<!-- Title -->\r\n\t\t\t\t\t\t<h1 class=\"mb-3\">\u00c9rtes\u00edt\u00e9sek<\/h1>\r\n\t\t\t\t\t\t<p class=\"mb-3\">Ezen az oldalon k\u00f6vetheted a friss\u00edt\u00e9seket \u00e9s a v\u00e1ltoz\u00e1sokat.<\/p>\r\n\r\n\t\t\t\t\t\t<!-- Search -->\r\n\t\t\t\t\t\t<form id=\"search-form\" class=\"bg-body rounded p-2\"  >\r\n\t\t\t\t\t\t\t<div class=\"input-group\">\r\n\t\t\t\t\t\t\t\t<input id=\"search-input\" class=\"form-control border-0 me-1\" type=\"search\" placeholder=\"Keres&eacute;s az &eacute;rtes&iacute;t&eacute;sek k&ouml;z&ouml;tt \">\r\n\t\t\t\t\t\t\t\t<button id=\"search-button\" type=\"button\" class=\"btn btn-dark mb-0 rounded\">Keres&eacute;s<\/button>\r\n\t\t\t\t\t\t\t<\/div>\r\n\t\t\t\t\t\t<\/form>\r\n\r\n\t\t\t\t\t<\/div>\r\n\r\n\t\t\t\t\t<!-- Image -->\r\n\t\t\t\t\t<div class=\"col-6 col-md-3 text-center order-3 d-none d-md-block\">\r\n\t\t\t\t\t\t<img decoding=\"async\" src=\"https:\/\/hellowp.io\/hu\/wp-content\/themes\/hellowp2\/assets\/images\/element\/category-2.svg\" alt=\"\">\r\n\t\t\t\t\t<\/div>\r\n\t\t\t\t\t\r\n\t\t\t\t<\/div> <!-- Row END -->\r\n\t\t\t<\/div>\r\n\t\t<\/div> <!-- Row END -->\r\n\t<\/div>\r\n<\/section>\r\n<div class=\"container\">\r\n<div class=\"col  my-3\">\r\n\r\n\t\t\t\t<div class=\"card  bg-transparent rounded-3\">\r\n\t\t\t\t\t<!-- Header START -->\r\n\t\t\t\t\t<div class=\"card-header bg-transparent border-bottom\">\r\n\t\t\t\t\t\t<div class=\"row justify-content-between align-middle\">\r\n\t\t\t\t\t\t\t<!-- Title -->\r\n\t\t\t\t\t\t\t<div class=\"col-sm-6\">\r\n\t\t\t\t\t\t\t\t<h3 class=\"card-header-title mb-2 mb-sm-0\">\r\nLeg\u00fajabb \u00e9rtes\u00edt\u00e9sek\r\n<\/h3>\r\n\t\t\t\t\t\t\t<\/div>\r\n\t\t\t\t\t\t\t\r\n\t\t\t\t\t\t\t<!-- Short by filter -->\r\n\t\t\t\t\t\t\t<div class=\"col\">\r\n\t\t\t\t\t\t\t\t<ul class=\"list-inline mb-0 float-md-end\">\r\n\t\t\t\t\t\t\t\t\t<!-- Item -->\r\n\t\t\t\t\t\t\t\t\t<li class=\"list-inline-item mb-2\">\r\n\t\t\t\t\t\t\t\t\t\t<input type=\"checkbox\" class=\"btn-check\" id=\"btn-check-all\" value=\"all\" checked>\r\n\t\t\t\t\t\t\t\t\t\t<label class=\"btn btn-sm btn-light btn-primary-soft-check\" for=\"btn-check-all\">\u00d6sszes<\/label>\r\n\t\t\t\t\t\t\t\t\t<\/li>\r\n\t\t\t\t\t\t\t\t\t<!-- Item -->\r\n\t\t\t\t\t\t\t\t\t<li class=\"list-inline-item mb-2\">\r\n\t\t\t\t\t\t\t\t\t\t<input type=\"checkbox\" class=\"btn-check\" id=\"btn-check-wordpress\" value=\"295\">\r\n\t\t\t\t\t\t\t\t\t\t<label class=\"btn btn-sm btn-light btn-primary-soft-check\" for=\"btn-check-wordpress\">HelloWP!<\/label>\r\n\t\t\t\t\t\t\t\t\t<\/li>\r\n\r\n                                             <li class=\"list-inline-item mb-2\">\r\n\t\t\t\t\t\t\t\t\t\t<input type=\"checkbox\" class=\"btn-check\" id=\"btn-check-hellopack\" value=\"296\">\r\n\t\t\t\t\t\t\t\t\t\t<label class=\"btn btn-sm btn-light btn-primary-soft-check\" for=\"btn-check-hellopack\">HelloPack<\/label>\r\n\t\t\t\t\t\t\t\t\t<\/li>\r\n\t\t\t\t\t\t\t\t<\/ul>\r\n\t\t\t\t\t\t\t<\/div>\r\n\t\t\t\t\t\t<\/div>\r\n\t\t\t\t\t<\/div>\r\n\t\t\t\t\t<!-- Header END -->\r\n                         \r\n\r\n\t\t\t\t\t<!-- notifications START -->\r\n\t\t\t\t\t<div class=\"card-body py-0\">\r\n\r\n<div style=\"min-height: 200px;\" class=\"notifications\"><\/div>\r\n\t\t\t\t\r\n\r\n\t\t\t\t\t<\/div>\r\n\t\t\t\t\t<!-- notifications END -->\r\n\r\n\t\t\t\t\t    <div class=\"pagination-container\"><\/div>\t\t\r\n\t\t\t\t<\/div>\r\n\r\n\t\t\t<\/div>\r\n<\/div>\r\n\r\n<div class=\"container d-none d-md-block \">\r\n<div class=\"bg-info bg-opacity-10 rounded-3 p-3 mb-3 p-sm-4 position-relative overflow-hidden\">\r\n\t\t\t\t\t<!-- SVG decoration -->\r\n\t\t\t\t\t<figure class=\"position-absolute top-100 start-100 translate-middle mt-n6 ms-n5\">\r\n\t\t\t\t\t\t<svg width=\"211px\" height=\"211px\">\r\n\t\t\t\t\t\t\t<path class=\"fill-white opacity-4\" d=\"M210.030,105.011 C210.030,163.014 163.010,210.029 105.012,210.029 C47.013,210.029 -0.005,163.014 -0.005,105.011 C-0.005,47.015 47.013,-0.004 105.012,-0.004 C163.010,-0.004 210.030,47.015 210.030,105.011 Z\"><\/path>\r\n\t\t\t\t\t\t<\/svg>\r\n\t\t\t\t\t<\/figure>\r\n\t\t\t\t\t<!-- SVG decoration -->\r\n\t\t\t\t\t<figure class=\"position-absolute top-100 start-0 translate-middle mt-n6 ms-5\">\r\n\t\t\t\t\t\t<svg width=\"141px\" height=\"141px\">\r\n\t\t\t\t\t\t\t<path class=\"fill-white opacity-4\" d=\"M140.520,70.258 C140.520,109.064 109.062,140.519 70.258,140.519 C31.454,140.519 -0.004,109.064 -0.004,70.258 C-0.004,31.455 31.454,-0.003 70.258,-0.003 C109.062,-0.003 140.520,31.455 140.520,70.258 Z\"><\/path>\r\n\t\t\t\t\t\t<\/svg>\r\n\t\t\t\t\t<\/figure>\r\n\t\t\t\t\t<!-- SVG decoration -->\r\n\t\t\t\t\t<figure class=\"position-absolute top-0 start-50 mt-4 ms-n9\">\r\n\t\t\t\t\t\t<svg width=\"41px\" height=\"41px\">\r\n\t\t\t\t\t\t\t<path class=\"fill-white opacity-4\" d=\"M40.531,20.265 C40.531,31.458 31.457,40.531 20.265,40.531 C9.072,40.531 -0.001,31.458 -0.001,20.265 C-0.001,9.073 9.072,-0.001 20.265,-0.001 C31.457,-0.001 40.531,9.073 40.531,20.265 Z\"><\/path>\r\n\t\t\t\t\t\t<\/svg>\r\n\t\t\t\t\t<\/figure>\r\n\r\n\t\t\t\t\t\r\n\r\n\t\t\t\t\t<div class=\"row\">\r\n\t\t\t\t\t\t<div class=\"col-md-8 mx-auto text-center py-5 position-relative\">\r\n\t\t\t\t\t\t\t<!-- Title -->\r\n\t\t\t\t\t\t\t<h2>Szeretn\u00e9l \u00e9rtes\u00edt\u00e9seket email-ben?<\/h2>\r\n\t\t\t\t\t\t\t<!-- Form -->\r\n\t\t\t\t\t\t\t<form action=\"https:\/\/hellowp.io\/hu\/wp-json\/ws-form\/v1\/submit\" class=\"wsf-form wsf-form-canvas\" id=\"ws-form-1\" data-id=\"22\" method=\"POST\" data-instance-id=\"1\"><\/form>\r\n\t\t\t\t\t\t<\/div>\r\n\t\t\t\t\t<\/div> <!-- Row END -->\r\n\t\t\t\t<\/div>\r\n<\/div>\n","protected":false},"excerpt":{"rendered":"<p> [&#8230;]<\/p>\n<p><a class=\"btn btn-secondary understrap-read-more-link\" href=\"https:\/\/hellowp.io\/hu\/notifications\/\">Read More&#8230;<span class=\"screen-reader-text\"> from \u00c9rtes\u00edt\u00e9sek &#8211; Friss\u00edt\u00e9sek<\/span><\/a><\/p>\n","protected":false},"author":8,"featured_media":0,"parent":0,"menu_order":0,"comment_status":"closed","ping_status":"closed","template":"page-templates\/empty.php","meta":{"_seopress_robots_primary_cat":"","_seopress_titles_title":"","_seopress_titles_desc":"","_seopress_robots_index":"","footnotes":""},"class_list":["post-222350","page","type-page","status-publish","hentry"],"_links":{"self":[{"href":"https:\/\/hellowp.io\/hu\/wp-json\/wp\/v2\/pages\/222350","targetHints":{"allow":["GET"]}}],"collection":[{"href":"https:\/\/hellowp.io\/hu\/wp-json\/wp\/v2\/pages"}],"about":[{"href":"https:\/\/hellowp.io\/hu\/wp-json\/wp\/v2\/types\/page"}],"author":[{"embeddable":true,"href":"https:\/\/hellowp.io\/hu\/wp-json\/wp\/v2\/users\/8"}],"replies":[{"embeddable":true,"href":"https:\/\/hellowp.io\/hu\/wp-json\/wp\/v2\/comments?post=222350"}],"version-history":[{"count":4,"href":"https:\/\/hellowp.io\/hu\/wp-json\/wp\/v2\/pages\/222350\/revisions"}],"predecessor-version":[{"id":222356,"href":"https:\/\/hellowp.io\/hu\/wp-json\/wp\/v2\/pages\/222350\/revisions\/222356"}],"wp:attachment":[{"href":"https:\/\/hellowp.io\/hu\/wp-json\/wp\/v2\/media?parent=222350"}],"curies":[{"name":"wp","href":"https:\/\/api.w.org\/{rel}","templated":true}]}}