{"id":221905,"date":"2023-03-10T07:23:27","date_gmt":"2023-03-10T06:23:27","guid":{"rendered":"https:\/\/hellowp.io\/hu\/?page_id=221905"},"modified":"2023-03-13T22:21:06","modified_gmt":"2023-03-13T21:21:06","slug":"wordpress","status":"publish","type":"page","link":"https:\/\/hellowp.io\/hu\/szukseges-adatok-bekuldese\/wordpress\/","title":{"rendered":"WordPress hozz\u00e1f\u00e9r\u00e9s bek\u00fcld\u00e9se"},"content":{"rendered":"<section class=\"pt-0 pb-0\">\r\n\t<div class=\"\">\r\n\t\t<div class=\"col mx-auto\">\r\nEzen az oldalon biztons\u00e1gos m\u00f3don bek\u00fcldheted a weboldalad hozz\u00e1f\u00e9r\u00e9si adatait. Amennyiben ink\u00e1bb FTP\/szerver hozz\u00e1f\u00e9r\u00e9st k\u00fclden\u00e9l, azt itt teheted meg: <a href=\"https:\/\/hellowp.io\/hu\/szukseges-adatok-bekuldese\/szerver\/\">https:\/\/hellowp.io\/hu\/szukseges-adatok-bekuldese\/szerver\/<\/a>\r\n\r\n<p class=\"mt-2\"><strong>Domain:<\/strong>a weboldalad c\u00edm\u00e9re van sz\u00fcks\u00e9g.\r\n<br><strong>Elakadt\u00e1l, vagy bizonytalan vagy? Vedd fel vel\u00fcnk a kapcsolatot!<\/strong><\/p>\r\n\r\n<div class=\"alert alert-danger mt-2\" role=\"alert\">\r\n\t\t\t<strong>FONTOS!<\/strong> Ne hozz l\u00e9tre \u00faj felhaszn\u00e1l\u00f3i fi\u00f3kot a support@hellowp.io c\u00edmre, mert a t\u00e1mogat\u00e1s rendszer\u00fcnk nem fogja fogadni ezt. Ha \u00faj fi\u00f3kot szeretn\u00e9l k\u00e9sz\u00edteni, akkor hozz l\u00e9tre egyet egy tetsz\u0151leges email c\u00edmmel \u00e9s azt k\u00fcld be nek\u00fcnk.\r\n\t\t<\/div>\r\n\r\n<\/div>\r\n\t<\/div>\r\n<\/section>\r\n<section class=\"pt-0\">\r\n\t<div class=\"\">\r\n\t\t<div class=\"col mx-auto\">\r\n\t\t\t<!-- Card START -->\r\n\t\t\t<div class=\"card shadow p-0 border-3 border-success border-logged\">\r\n\t\t\t\t<!-- Card header -->\r\n\t\t\t\t<div class=\"card-header border-bottom d-flex justify-content-between p-3 pb-0\">\r\n<h4 class=\"card-title text-success logged-in-only\"><i class=\"fa-solid fa-lock\"><\/i> Biztons\u00e1gos adatbek\u00fcld\u00e9s<\/h4>\r\n<h4 class=\"card-title logged-out-only\"><i class=\"fa-duotone fa-lock\"><\/i> Bel\u00e9p\u00e9s<\/h4>\r\n\t\t\t\t<\/div>\r\n\r\n\t\t\t\t<!-- Card body START -->\r\n\t\t\t\t<div class=\"card-body p-3 py-0\">\r\n\t\t\t\t\t<div class=\"tab-content\">\r\n\t\t\t\t\t\t<!-- Html tab -->\r\n\t\t\t\t\t\t<div class=\"tab-pane show active\" id=\"tab-1\">\r\n\t\t\t\t\t\t\t<div class=\"position-relative pt-3\">\r\n\t\t\t\t\t\t\t\t\r\n\r\n<span class=\"logged-out-only d-block mb-2\">Ezt a funkci\u00f3t csak bel\u00e9pett felhaszn\u00e1l\u00f3k haszn\u00e1lhatj\u00e1k. Annak \u00e9rdek\u00e9ben, hogy biztosan be tudjunk azonos\u00edtani, k\u00e9rlek, l\u00e9pj be az oldalra: <\/span>\r\n\r\n<form action=\"https:\/\/hellowp.io\/hu\/wp-json\/ws-form\/v1\/submit\" class=\"wsf-form wsf-form-canvas\" id=\"ws-form-2\" data-id=\"17\" method=\"POST\" data-instance-id=\"2\"><\/form>\r\n\t\t\t\t\t\t\t\t<\/div>\r\n\t\t\t\t\t\t<\/div>\r\n\r\n\t\t\t\t\t<\/div>\r\n\t\t\t\t<\/div>\r\n\t\t\t\t<!-- Card body END -->\r\n\r\n\t\t\t<\/div>\r\n\t\t\t<!-- Card END -->\r\n\t\t<\/div>\r\n\t<\/div>\r\n<\/section>\n","protected":false},"excerpt":{"rendered":"<p> [&#8230;]<\/p>\n<p><a class=\"btn btn-secondary understrap-read-more-link\" href=\"https:\/\/hellowp.io\/hu\/szukseges-adatok-bekuldese\/wordpress\/\">Read More&#8230;<span class=\"screen-reader-text\"> from WordPress hozz\u00e1f\u00e9r\u00e9s bek\u00fcld\u00e9se<\/span><\/a><\/p>\n","protected":false},"author":8,"featured_media":221888,"parent":221885,"menu_order":0,"comment_status":"closed","ping_status":"closed","template":"","meta":{"_seopress_robots_primary_cat":"","_seopress_titles_title":"","_seopress_titles_desc":"Ezen az oldalon biztons\u00e1gos m\u00f3don bek\u00fcldheted a weboldalad hozz\u00e1f\u00e9r\u00e9si adatait.","_seopress_robots_index":"","footnotes":""},"class_list":["post-221905","page","type-page","status-publish","has-post-thumbnail","hentry"],"_links":{"self":[{"href":"https:\/\/hellowp.io\/hu\/wp-json\/wp\/v2\/pages\/221905","targetHints":{"allow":["GET"]}}],"collection":[{"href":"https:\/\/hellowp.io\/hu\/wp-json\/wp\/v2\/pages"}],"about":[{"href":"https:\/\/hellowp.io\/hu\/wp-json\/wp\/v2\/types\/page"}],"author":[{"embeddable":true,"href":"https:\/\/hellowp.io\/hu\/wp-json\/wp\/v2\/users\/8"}],"replies":[{"embeddable":true,"href":"https:\/\/hellowp.io\/hu\/wp-json\/wp\/v2\/comments?post=221905"}],"version-history":[{"count":13,"href":"https:\/\/hellowp.io\/hu\/wp-json\/wp\/v2\/pages\/221905\/revisions"}],"predecessor-version":[{"id":222233,"href":"https:\/\/hellowp.io\/hu\/wp-json\/wp\/v2\/pages\/221905\/revisions\/222233"}],"up":[{"embeddable":true,"href":"https:\/\/hellowp.io\/hu\/wp-json\/wp\/v2\/pages\/221885"}],"wp:featuredmedia":[{"embeddable":true,"href":"https:\/\/hellowp.io\/hu\/wp-json\/wp\/v2\/media\/221888"}],"wp:attachment":[{"href":"https:\/\/hellowp.io\/hu\/wp-json\/wp\/v2\/media?parent=221905"}],"curies":[{"name":"wp","href":"https:\/\/api.w.org\/{rel}","templated":true}]}}