{"id":221890,"date":"2023-03-10T06:48:25","date_gmt":"2023-03-10T05:48:25","guid":{"rendered":"https:\/\/hellowp.io\/hu\/?page_id=221890"},"modified":"2023-03-13T22:24:54","modified_gmt":"2023-03-13T21:24:54","slug":"szerver","status":"publish","type":"page","link":"https:\/\/hellowp.io\/hu\/szukseges-adatok-bekuldese\/szerver\/","title":{"rendered":"T\u00e1rhely admin vagy FTP hozz\u00e1f\u00e9r\u00e9s bek\u00fcld\u00e9se"},"content":{"rendered":"<section class=\"pt-0 pb-0\">\r\n\t<div class=\"\">\r\n\t\t<div class=\"col mx-auto\">\r\nEzen az oldalon biztons\u00e1gos m\u00f3don bek\u00fcldheted a weboldalad hozz\u00e1f\u00e9r\u00e9si adatait. <strong>K\u00e9rlek, hogy ne a WordPress hozz\u00e1f\u00e9r\u00e9st k\u00fcld el nek\u00fcnk, arra nincs sz\u00fcks\u00e9g, hanem a szerverhozz\u00e1f\u00e9r\u00e9seket.<\/strong>\r\n\r\n\r\n\r\n\r\n<strong>Elakadt\u00e1l, vagy bizonytalan vagy? Vedd fel vel\u00fcnk a kapcsolatot!<\/strong>\r\n\r\n<p class=\"mt-2\"><strong>Domain:<\/strong>a weboldalad c\u00edm\u00e9re van sz\u00fcks\u00e9g.\r\n<br>\r\n<strong>Szerver c\u00edme<\/strong> FTP host vagy a T\u00c1RHELY-ADMIN el\u00e9r\u00e9snek az URL c\u00edme.<br><br>\r\n<strong>Elakadt\u00e1l, vagy bizonytalan vagy? Vedd fel vel\u00fcnk a kapcsolatot!<\/strong><\/p>\r\n\r\n<\/div>\r\n\t<\/div>\r\n<\/section>\r\n\r\n<section class=\"pt-0\">\r\n\t<div class=\"\">\r\n\t\t<div class=\"\">\r\n\t\t\t<!-- Card START -->\r\n\t\t\t<div class=\"card shadow p-0 border-3 border-success border-logged\">\r\n\t\t\t\t<!-- Card header -->\r\n\t\t\t\t<div class=\"card-header border-bottom d-flex justify-content-between p-3 pb-0\">\r\n\t\t\t\t\t<h4 class=\"card-title text-success logged-in-only\"><i class=\"fa-solid fa-lock\"><\/i> Biztons\u00e1gos adatbek\u00fcld\u00e9s<\/h4>\r\n<h4 class=\"card-title logged-out-only\"><i class=\"fa-duotone fa-lock\"><\/i> Bel\u00e9p\u00e9s<\/h4>\r\n\t\t\t\t<\/div>\r\n\r\n\t\t\t\t<!-- Card body START -->\r\n\t\t\t\t<div class=\"card-body p-3 py-0\">\r\n\t\t\t\t\t<div class=\"tab-content\">\r\n\t\t\t\t\t\t<!-- Html tab -->\r\n\t\t\t\t\t\t<div class=\"tab-pane show active\" id=\"tab-1\">\r\n\t\t\t\t\t\t\t<div class=\"position-relative pt-3\">\r\n\t\t\t\t\t\t\t\t\r\n<span class=\"logged-out-only d-block mb-2\">Ezt a funkci\u00f3t csak bel\u00e9pett felhaszn\u00e1l\u00f3k haszn\u00e1lhatj\u00e1k. Annak \u00e9rdek\u00e9ben, hogy biztosan be tudjunk azonos\u00edtani, k\u00e9rlek, l\u00e9pj be az oldalra: <\/span>\r\n\r\n<form action=\"https:\/\/hellowp.io\/hu\/wp-json\/ws-form\/v1\/submit\" class=\"wsf-form wsf-form-canvas\" id=\"ws-form-2\" data-id=\"17\" method=\"POST\" data-instance-id=\"2\"><\/form>\r\n\r\n\t\t\t\t\t\t\t\t<\/div>\r\n\t\t\t\t\t\t<\/div>\r\n\r\n\t\t\t\t\t<\/div>\r\n\t\t\t\t<\/div>\r\n\t\t\t\t<!-- Card body END -->\r\n\r\n\t\t\t<\/div>\r\n\t\t\t<!-- Card END -->\r\n\t\t<\/div>\r\n\r\n\t<\/div>\r\n\r\n<\/section>\n","protected":false},"excerpt":{"rendered":"<p> [&#8230;]<\/p>\n<p><a class=\"btn btn-secondary understrap-read-more-link\" href=\"https:\/\/hellowp.io\/hu\/szukseges-adatok-bekuldese\/szerver\/\">Read More&#8230;<span class=\"screen-reader-text\"> from T\u00e1rhely admin vagy FTP hozz\u00e1f\u00e9r\u00e9s bek\u00fcld\u00e9se<\/span><\/a><\/p>\n","protected":false},"author":8,"featured_media":221888,"parent":221885,"menu_order":0,"comment_status":"closed","ping_status":"closed","template":"","meta":{"_seopress_robots_primary_cat":"","_seopress_titles_title":"","_seopress_titles_desc":"Ezen az oldalon biztons\u00e1gos m\u00f3don bek\u00fcldheted a weboldalad hozz\u00e1f\u00e9r\u00e9si adatait.","_seopress_robots_index":"","footnotes":""},"class_list":["post-221890","page","type-page","status-publish","has-post-thumbnail","hentry"],"_links":{"self":[{"href":"https:\/\/hellowp.io\/hu\/wp-json\/wp\/v2\/pages\/221890","targetHints":{"allow":["GET"]}}],"collection":[{"href":"https:\/\/hellowp.io\/hu\/wp-json\/wp\/v2\/pages"}],"about":[{"href":"https:\/\/hellowp.io\/hu\/wp-json\/wp\/v2\/types\/page"}],"author":[{"embeddable":true,"href":"https:\/\/hellowp.io\/hu\/wp-json\/wp\/v2\/users\/8"}],"replies":[{"embeddable":true,"href":"https:\/\/hellowp.io\/hu\/wp-json\/wp\/v2\/comments?post=221890"}],"version-history":[{"count":19,"href":"https:\/\/hellowp.io\/hu\/wp-json\/wp\/v2\/pages\/221890\/revisions"}],"predecessor-version":[{"id":222237,"href":"https:\/\/hellowp.io\/hu\/wp-json\/wp\/v2\/pages\/221890\/revisions\/222237"}],"up":[{"embeddable":true,"href":"https:\/\/hellowp.io\/hu\/wp-json\/wp\/v2\/pages\/221885"}],"wp:featuredmedia":[{"embeddable":true,"href":"https:\/\/hellowp.io\/hu\/wp-json\/wp\/v2\/media\/221888"}],"wp:attachment":[{"href":"https:\/\/hellowp.io\/hu\/wp-json\/wp\/v2\/media?parent=221890"}],"curies":[{"name":"wp","href":"https:\/\/api.w.org\/{rel}","templated":true}]}}