{"id":197,"date":"2018-12-16T16:57:35","date_gmt":"2018-12-16T16:57:35","guid":{"rendered":"https:\/\/hellowp2.hellodevs.dev\/?page_id=197"},"modified":"2018-12-16T16:57:35","modified_gmt":"2018-12-16T16:57:35","slug":"partnerprogram","status":"publish","type":"page","link":"https:\/\/hellowp.io\/hu\/partnerprogram\/","title":{"rendered":"Partnerprogram"},"content":{"rendered":"<section class=\"pt-0 position-relative overflow-hidden h-700px h-sm-600px h-lg-700px\" style=\"background-image:url(https:\/\/hellowp.io\/hu\/wp-content\/themes\/hellowp2\/assets\/images\/bg\/03.jpg);background-position: center;background-size: cover\">\r\n    <div class=\"bg-overlay bg-dark opacity-5\"><\/div>\r\n    <!-- SVG decoration for curve -->\r\n    <figure class=\"position-absolute bottom-0 left-0 w-100 d-md-block mb-n3 z-index-9\">\r\n        <svg class=\"fill-body\" width=\"100%\" height=\"150\" viewBox=\"0 0 500 150\" preserveAspectRatio=\"none\">\r\n            <path d=\"M0,150 L0,40 Q250,150 500,40 L580,150 Z\"><\/path>\r\n        <\/svg>\r\n    <\/figure>\r\n    <!-- SVG decoration -->\r\n    <figure class=\"position-absolute top-0 start-50 translate-middle-x z-index-9 mt-5\">\r\n        <svg width=\"29px\" height=\"29px\">\r\n            <path class=\"fill-orange\"\r\n                d=\"M29.004,14.502 C29.004,22.512 22.511,29.004 14.502,29.004 C6.492,29.004 -0.001,22.512 -0.001,14.502 C-0.001,6.492 6.492,-0.001 14.502,-0.001 C22.511,-0.001 29.004,6.492 29.004,14.502 Z\">\r\n            <\/path>\r\n        <\/svg>\r\n    <\/figure>\r\n\r\n    <div class=\"container z-index-9 position-relative\">\r\n        <!-- SVG decoration -->\r\n        <figure class=\"position-absolute bottom-0 end-0 z-index-9 ms-5 mb-5\">\r\n            <svg width=\"23px\" height=\"23px\">\r\n                <path class=\"fill-primary\"\r\n                    d=\"M23.003,11.501 C23.003,17.854 17.853,23.003 11.501,23.003 C5.149,23.003 -0.001,17.854 -0.001,11.501 C-0.001,5.149 5.149,-0.000 11.501,-0.000 C17.853,-0.000 23.003,5.149 23.003,11.501 Z\">\r\n                <\/path>\r\n            <\/svg>\r\n        <\/figure>\r\n\r\n        <div class=\"row py-0 py-md-5 align-items-center text-center text-sm-start\">\r\n            <div class=\"col-sm-10 col-lg-8 col-xl-6 all-text-white my-5 mt-md-0\">\r\n                <div class=\"py-0 py-md-5 my-5\">\r\n\r\n                    <!-- Badge with content -->\r\n                    <div class=\"d-inline-block bg-white px-3 py-2 rounded-pill mb-3\">\r\n                        <p class=\"mb-0 text-dark\"><span class=\"badge bg-success rounded-pill me-1\">\u00dajdons\u00e1g!<\/span> Az el\u0151fizet\u00e9sek ut\u00e1n folyamatosan fizet\u00fcnk!<\/p>\r\n                    <\/div>\r\n\r\n                    <!-- Title -->\r\n                    <h1 class=\"text-white display-6\">A k\u00f6z\u00f6s \u00e9rdek\u00fcnk, hogy <span class=\"text-warning\">te sok p\u00e9nzt\r\n                            keress!<\/span><\/h1>\r\n                    <p class=\"text-white\">\u00c9p\u00edtsd be a k\u00edn\u00e1latodba a HelloWP term\u00e9keit \u00e9s szolg\u00e1ltat\u00e1sait. <br>\r\n                        <span class=\"underline underline-4 underline-success\">T\u00e9gy szert passz\u00edv bev\u00e9telre<\/span>!\r\n                    <\/p>\r\n\r\n                    <div class=\"d-sm-flex align-items-center mt-4\">\r\n                        <!-- Button -->\r\n                        <a href=\"#csatlakozz\" class=\"btn btn-primary me-2 mb-4 mb-sm-0\">Jelentkezek a partnerprogramba<\/a>\r\n                    <\/div>\r\n                <\/div>\r\n            <\/div>\r\n        <\/div>\r\n    <\/div>\r\n<\/section>\r\n\r\n<section>\r\n    <div class=\"container\">\r\n        <div class=\"row g-4 align-items-center\">\r\n            <div class=\"col-lg-5\">\r\n                <!-- Title -->\r\n                <h2><span class=\"text-success\">Mi\u00e9rt \u00e9ri meg neked<\/span>, a HelloWP term\u00e9keit aj\u00e1nlani?<\/h2>\r\n                <!-- Image -->\r\n                <img decoding=\"async\" src=\"https:\/\/hellowp.io\/hu\/wp-content\/themes\/hellowp2\/assets\/images\/about\/03.jpg\" class=\"rounded-2\" alt=\"\">\r\n            <\/div>\r\n            <div class=\"col-lg-7\">\r\n                <div class=\"row g-4\">\r\n                    <!-- Item -->\r\n                    <div class=\"col-sm-6\">\r\n                        <div class=\"icon-lg bg-orange bg-opacity-10 text-orange rounded-2\">\r\n                            <i class=\"fad fa-badge-percent fs-5\"><\/i><\/div>\r\n                        <h5 class=\"mt-2\">Magas jutal\u00e9k!<\/h5>\r\n                        <p class=\"mb-0\">Legyen sz\u00f3 el\u0151fizet\u00e9sr\u0151l, vagy egyszeri \u00f6sszegr\u0151l, <span class=\"underline underline-3 underline-orange\">ak\u00e1r 30%-ot is fizet\u00fcnk<\/span>!\r\n                        <\/p>\r\n                    <\/div>\r\n                    <!-- Item -->\r\n                    <div class=\"col-sm-6\">\r\n                        <div class=\"icon-lg bg-info bg-opacity-10 text-info rounded-2\">\r\n                            <i class=\"fad fa-galaxy fs-5\"><\/i><\/div>\r\n                        <h5 class=\"mt-2\">Nincs limit!<\/h5>\r\n                        <p class=\"mb-0\">Nem alkalmazunk semmilyen kifizet\u00e9si limitet. Ami j\u00e1r az j\u00e1r...<\/p>\r\n                    <\/div>\r\n                    <!-- Item -->\r\n                    <div class=\"col-sm-6\">\r\n                        <div class=\"icon-lg bg-success bg-opacity-10 text-success rounded-2\">\r\n                            <i class=\"fad fa-envelope-open-dollar fs-5\"><\/i><\/div>\r\n                        <h5 class=\"mt-2\">Korrekt elsz\u00e1mol\u00e1s<\/h5>\r\n                        <p class=\"mb-0\">Nem pr\u00f3b\u00e1lunk mindenf\u00e9le tr\u00fckk\u00f6ket alkalmazni a kifizet\u00e9sek h\u00e1tr\u00e1ltat\u00e1s\u00e1ra vagy megtagad\u00e1s\u00e1ra. Korrekt m\u00f3don megkapod a r\u00e9szedet!<\/p>\r\n                    <\/div>\r\n                    <!-- Item -->\r\n                    <div class=\"col-sm-6\">\r\n                        <div class=\"icon-lg bg-purple bg-opacity-10 text-purple rounded-2\">\r\n                            <i class=\"fad fa-handshake fs-5\"><\/i><\/div>\r\n                        <h5 class=\"mt-2\">Biztons\u00e1g \u00e9s megb\u00edzhat\u00f3s\u00e1g<\/h5>\r\n                        <p class=\"mb-0\">A hiteless\u00e9g a legfontosabb mindkett\u0151nk sz\u00e1m\u00e1ra! Minket b\u00e1tran aj\u00e1nlhatsz, mindig korrekt m\u00f3don kiszolg\u00e1ljuk az \u00fcgyfeleket! Nem fogsz ut\u00f3lag rossz hallani r\u00f3lunk!\r\n                        <\/p>\r\n                    <\/div>\r\n                <\/div>\r\n            <\/div>\r\n        <\/div>\r\n    <\/div>\r\n<\/section>\r\n\r\n<section class=\"py-0\">\r\n    <div class=\"container\">\r\n        <div class=\"row\">\r\n            <div class=\"card bg-light p-3 mb-4\">\r\n                <div class=\"card-body\">\r\n                    <!-- Badge -->\r\n                    <a href=\"#\" class=\"badge bg-success text-white mb-2\">Val\u00f3s p\u00e9lda<\/a>\r\n                    <!-- Title -->\r\n                    <h5 class=\"card-title\">P\u00e9lda, hogy mennyit tudsz keresni<\/h5>\r\n                    <p class=\"mb-0\">\r\n                        Zs\u00f3fi szabad\u00fasz\u00f3 webfejleszt\u0151k\u00e9nt dolgozik frontend fejleszt\u0151k\u00e9nt, javar\u00e9szt webshopokat \u00e9p\u00edt. \u00d6sszesen 23 db webshopot kezel, amib\u0151l 6 nagyobb forgalm\u00fa. \u00dcgyfelei oldalait fejleszti, illetve alkalmank\u00e9nt landing oldalakat \u00e9p\u00edt, kezeli a kamp\u00e1nyokat, illetve\r\n                        elk\u00e9sz\u00edti a sz\u00fcks\u00e9ges grafikai anyagokat. Minden szolg\u00e1ltat\u00e1st \u00e1thozott hozz\u00e1nk, amihez nem \u00e9rt, vagy nincs kapacit\u00e1sa r\u00e1. P\u00e9ld\u00e1ul: HelloPack, \u00fczemeltet\u00e9s, tartalomkezel\u00e9s, h\u00edrlev\u00e9l k\u00fcld\u00e9s, azt a HelloWP szolg\u00e1lja ki neki, vagy\r\n                        k\u00f6zvetlen\u00fcl az \u00fcgyfele r\u00e9sz\u00e9re.\r\n                        <strong>Ezzel \u00f6sszesen 147 780 Ft-ot keres havonta.<\/strong>\r\n                        <div class=\"text-end\"> <a data-bs-toggle=\"modal\" data-bs-target=\"#exampleaffiliate\" class=\"btn btn-primary-soft mb-3 mb-sm-0\">R\u00e9szletes kalkul\u00e1ci\u00f3<\/a> <\/div>\r\n                    <\/p>\r\n                <\/div>\r\n            <\/div>\r\n        <\/div>\r\n    <\/div>\r\n<\/section>\r\n\r\n\r\n<section class=\"pt-4 pt-lg-5\">\r\n    <div class=\"container\">\r\n        <!-- Category START -->\r\n        <div class=\"row g-4\">\r\n            <!-- Category item -->\r\n            <div class=\"col-sm-6 col-lg-12 col-xl-3\">\r\n                <h2>Jutal\u00e9kok \u00e9s sz\u00e1zal\u00e9kok<\/h2>\r\n            <\/div>\r\n\r\n            <!-- Category item -->\r\n            <div class=\"col-sm-12 col-lg-6 col-xl-4\">\r\n                <div class=\"card card-body shadow h-100\">\r\n                    <!-- Title and image -->\r\n                    <div class=\"d-flex align-items-center mb-3\">\r\n                        <i class=\"fad fa-repeat-1-alt  fa-3x text-info\"><\/i>\r\n                        <div class=\"ms-3\">\r\n                            <h5 class=\"mb-0\">Norm\u00e1l term\u00e9kek<\/h5>\r\n                        <\/div>\r\n                    <\/div>\r\n                    <!-- List -->\r\n                    Kezdetben minden v\u00e1s\u00e1rl\u00e1s ut\u00e1n 20%-ot fizet\u00fcnk! Amennyiben el\u00e9red az 50.000 Ft-os bev\u00e9telt (\u00f6sszesen), onnant\u00f3l a k\u00f6vetkez\u0151 jutal\u00e9k m\u00e1r 30%-ra n\u00f6vekszik. Ezzel szeretn\u00e9nk t\u00e1mogatni a befektetett id\u0151det \u00e9s az energi\u00e1dat!\r\n                <\/div>\r\n            <\/div>\r\n\r\n            <!-- Category item -->\r\n            <div class=\"col-sm-12 col-lg-6 col-xl-5\">\r\n                <div class=\"card card-body shadow h-100\">\r\n                    <!-- Title and image -->\r\n                    <div class=\"d-flex align-items-center mb-3\">\r\n\r\n                        <i class=\"fad fa-repeat-alt fa-3x text-orange\"><\/i>\r\n                        <div class=\"ms-3\">\r\n                            <h5 class=\"mb-0\">Ism\u00e9tl\u0151d\u0151, el\u0151fizet\u00e9ses term\u00e9kek<\/h5>\r\n                        <\/div>\r\n                    <\/div>\r\n                    <!-- List -->\r\n                    Kezdetben minden el\u0151fizet\u00e9s ut\u00e1n 10%-ot fizet\u00fcnk (az el\u0151fizet\u00e9st\u0151l f\u00fcgg\u0151en havonta vagy \u00e9vente)! Amennyiben el\u00e9red az 50.000 Ft-os bev\u00e9telt (\u00f6sszesen), onnant\u00f3l a k\u00f6vetkez\u0151 jutal\u00e9k m\u00e1r 30%-ra n\u00f6vekszik.\r\n                <\/div>\r\n            <\/div>\r\n\r\n        <\/div>\r\n        <!-- Category END -->\r\n    <\/div>\r\n<\/section>\r\n\r\n<section id=\"contact-form\" class=\"position-relative overflow-hidden pt-0 pt-md-5\">\r\n\r\n\r\n    <div class=\"container\">\r\n        <div class=\"row g-4 g-sm-5 align-items-center\">\r\n\r\n\r\n\r\n            <!-- Contact form START -->\r\n            <div class=\"\">\r\n                <h1 class=\"display-4\" id=\"csatlakozz\">\r\n                    Csatlakozz a partnerprogramhoz!\r\n                <\/h1>\r\n                <div class=\"card card-body shadow p-4 p-sm-5 position-relative\">\r\n\r\n                    <!-- SVG decoration -->\r\n                    <figure class=\"position-absolute top-0 start-100 mt-n5 ms-n7\">\r\n                        <svg enable-background=\"new 0 0 167 107\">\r\n                            <path class=\"fill-danger\"\r\n                                d=\"m87.1 1c-0.4 0.5-0.8 1-1.3 1.5l-3 2.7c-2.6 2.3-5.1 4.7-7.8 6.8-13.4 10.5-26.8 21-40.1 31.5l-25.8 20.4c-0.4 0.3-0.8 0.6-1.1 0.9-0.7 0.6-1.5 1-2.4 0.2-0.8-0.7-0.6-1.7-0.1-2.4 0.6-1 1.4-2 2.2-2.8 0.5-0.4 1-0.9 1.5-1.3 2.8-2.6 5.7-5.2 8.6-7.5 21.6-16.6 43.3-33.1 65.8-48.5 1.2-0.9 2.5-1.7 3.8-2.5 0 0 0.1 0.1 0.4 0.2-0.2 0.3-0.5 0.6-0.7 0.8zm78.9 20.9c-0.4 0.2-0.7 0.4-1.1 0.6-0.3 0.2-0.7 0.5-1.1 0.7-14.6 8.6-29 17.5-43.1 27-21.6 14.4-43 29.2-63.4 45.2-3.8 3-7.5 6-11.2 9-0.6 0.5-1.1 0.9-1.7 1.3-0.8 0.6-1.6 0.9-2.4 0.2s-0.6-1.7-0.1-2.4c0.6-1 1.3-2 2.2-2.8l0.1-0.1c2.5-2.3 5-4.6 7.7-6.6 30.4-23 61.6-44.5 94.9-63 3.8-2.1 7.7-4.1 11.6-6 1.9-1 3.9-2 5.8-3 0.5-0.2 1-0.4 1.4-0.6 0.2 0.1 0.3 0.3 0.4 0.5zm-66.1-13.4c0.7-0.5 1.3-1.1 1.9-1.7-0.1-0.1-0.2-0.2-0.5-0.3-0.7 0.5-1.4 1-2.1 1.6-0.7 0.5-1.4 1.1-2.1 1.6-4 2.9-8.1 5.8-12.1 8.7-19.3 13.8-38.6 27.7-57.8 41.8-5.4 3.9-10.5 8.1-15.6 12.3-2.1 1.7-4.2 3.5-6.3 5.2-1.5 1.2-2.8 2.6-4.1 4-0.5 0.5-1 1.1-1.2 1.8-0.1 0.5 0.1 1.2 0.4 1.5s1.1 0.4 1.5 0.2c0.8-0.4 1.5-0.9 2.2-1.5l7.2-6c4.2-3.6 8.5-7.1 12.8-10.5 10.6-8.2 21.3-16.4 31.9-24.5l23.4-18c6.9-5.4 13.7-10.8 20.5-16.2zm0.5 13.5c-1.1 1-2.2 2-3.4 2.9-3.3 2.6-6.7 5.2-10 7.8-11 8.5-22 17-32.9 25.6-6.4 5.1-12.8 10.3-19.1 15.4-3.5 2.8-7 5.7-10.5 8.5-0.8 0.7-1.6 1.4-2.5 1.9-0.5 0.3-1.6 0.3-1.9 0-0.4-0.4-0.5-1.4-0.2-1.9 0.4-0.8 1-1.6 1.7-2.3 0.7-0.6 1.4-1.3 2.1-1.9 1.7-1.6 3.4-3.2 5.2-4.7 20-15.8 40.2-31.3 61.3-45.6 2.3-1.6 4.7-3.1 7.1-4.6 0.5-0.3 1-0.7 1.5-1 0.4-0.2 0.8-0.4 1.2-0.7 0.1 0.1 0.1 0.2 0.2 0.3s0.2 0.2 0.2 0.3zm7 13.4 0.6-0.6c-0.3-0.2-0.4-0.3-0.4-0.3-1.5 1.1-3 2.2-4.5 3.2-16.7 11.1-32.8 23-48.7 35.1-4.7 3.5-9.3 7.1-13.9 10.7-0.9 0.7-1.7 1.5-2.4 2.3-0.6 0.7-0.9 1.6-0.2 2.4 0.7 0.9 1.6 0.8 2.4 0.3 1.1-0.6 2.2-1.3 3.2-2.1 1.8-1.4 3.5-2.8 5.2-4.3 1.7-1.4 3.5-2.8 5.2-4.3 12.1-9.5 24.3-19 36.5-28.4l15-12c0.6-0.4 1.3-1.2 2-2z\">\r\n                            <\/path>\r\n                        <\/svg>\r\n                    <\/figure>\r\n\r\n                    <!-- Form START -->\r\n<form action=\"https:\/\/hellowp.io\/hu\/wp-json\/ws-form\/v1\/submit\" class=\"wsf-form wsf-form-canvas\" id=\"ws-form-1\" data-id=\"17\" method=\"POST\" data-instance-id=\"1\"><\/form>\r\n                    \r\n                    <!-- Form END -->\r\n                <\/div>\r\n            <\/div>\r\n            <!-- Contact form END -->\r\n        <\/div>\r\n    <\/div>\r\n<\/section>\r\n\r\n<!-- Modal -->\r\n<div class=\"modal fade\" id=\"exampleaffiliate\" data-bs-backdrop=\"static\" data-bs-keyboard=\"false\" tabindex=\"-1\" aria-labelledby=\"exampleaffiliateLabel\" aria-hidden=\"true\">\r\n    <div class=\"modal-dialog modal-dialog-centered\">\r\n        <div class=\"modal-content\">\r\n            <div class=\"modal-header\">\r\n                <h5 class=\"modal-title\" id=\"exampleaffiliateLabel\">Zs\u00f3fi bev\u00e9teleinek \u00e1ttekint\u00e9se<\/h5>\r\n                <button type=\"button\" class=\"btn-close\" data-bs-dismiss=\"modal\" aria-label=\"Close\"><\/button>\r\n            <\/div>\r\n            <div class=\"modal-body\">\r\n\r\n\r\n                <table class=\"table\">\r\n                    <thead>\r\n                        <tr>\r\n                            <th scope=\"col\">Szolg\u00e1ltat\u00e1s<\/th>\r\n                            <th scope=\"col\">Db<\/th>\r\n                            <th scope=\"col\">Egys\u00e9g\u00e1r<\/th>\r\n                            <th scope=\"col\">Bev\u00e9tel<\/th>\r\n                        <\/tr>\r\n                    <\/thead>\r\n                    <tbody>\r\n                        <tr>\r\n                            <th scope=\"row\">HelloPack<\/th>\r\n                            <td>23<\/td>\r\n                            <td>3 900 Ft<\/td>\r\n                            <td class=\"text-nowrap\">26 910 Ft \/ h\u00f3<\/td>\r\n                        <\/tr>\r\n                        <tr>\r\n                            <th scope=\"row\">\u00dczemeltet\u00e9s<\/th>\r\n                            <td>6<\/td>\r\n                            <td>19 900 Ft<\/td>\r\n                            <td class=\"text-nowrap\">35 820 Ft \/ h\u00f3<\/td>\r\n                        <\/tr>\r\n                        <tr>\r\n                            <th scope=\"row\">Tartalomfelt\u00f6lt\u00e9s Mikro<\/th>\r\n                            <td>2<\/td>\r\n                            <td>9 900 Ft<\/td>\r\n                            <td class=\"text-nowrap\">5 940 Ft \/ h\u00f3<\/td>\r\n                        <\/tr>\r\n                        <tr>\r\n                            <th scope=\"row\">Tartalomfelt\u00f6lt\u00e9s Business<\/th>\r\n                            <td>3<\/td>\r\n                            <td>45 000 Ft<\/td>\r\n                            <td class=\"text-nowrap\">40 500 Ft \/ h\u00f3<\/td>\r\n                        <\/tr>\r\n                        <tr>\r\n                            <th scope=\"row\">Tartalomfelt\u00f6lt\u00e9s Enterprise<\/th>\r\n                            <td>1<\/td>\r\n                            <td>65 000 Ft<\/td>\r\n                            <td class=\"text-nowrap\">19 550 Ft \/ h\u00f3<\/td>\r\n                        <\/tr>\r\n                        <tr>\r\n                            <th scope=\"row\">H\u00edrlev\u00e9l szolg\u00e1ltat\u00e1s<\/th>\r\n                            <td>13<\/td>\r\n                            <td>4 900 Ft<\/td>\r\n                            <td class=\"text-nowrap\">19 110 Ft \/ h\u00f3<\/td>\r\n                        <\/tr>\r\n                    <\/tbody>\r\n                <\/table>\r\n                <span class=\"d-block fw-bold mt-3 text-end\">\u00d6sszesen: <span class=\"text-success\">147 780 Ft<\/span> \/ h\u00f3\r\n                <\/span>\r\n            <\/div>\r\n            <div class=\"modal-footer\">\r\n                <button type=\"button\" class=\"btn btn-secondary w-100\" data-bs-dismiss=\"modal\">Ablak\r\n                    bez\u00e1r\u00e1sa<\/button>\r\n            <\/div>\r\n        <\/div>\r\n    <\/div>\r\n<\/div>\n","protected":false},"excerpt":{"rendered":"<p> [&#8230;]<\/p>\n<p><a class=\"btn btn-secondary understrap-read-more-link\" href=\"https:\/\/hellowp.io\/hu\/partnerprogram\/\">Read More&#8230;<span class=\"screen-reader-text\"> from Partnerprogram<\/span><\/a><\/p>\n","protected":false},"author":8,"featured_media":0,"parent":0,"menu_order":0,"comment_status":"closed","ping_status":"closed","template":"page-templates\/fullwidthpage.php","meta":{"_seopress_robots_primary_cat":"","_seopress_titles_title":"\u00dajdons\u00e1g: Partnerprogram","_seopress_titles_desc":"Keress p\u00e9nzt a HelloWP-n Te is!\nMostant\u00f3l b\u00e1rki regisztr\u00e1lhat a partnerprogramunkba. 20% a te r\u00e9szed \u00e9s nincs minimum kifizet\u00e9s!","_seopress_robots_index":"","footnotes":""},"class_list":["post-197","page","type-page","status-publish","hentry"],"_links":{"self":[{"href":"https:\/\/hellowp.io\/hu\/wp-json\/wp\/v2\/pages\/197","targetHints":{"allow":["GET"]}}],"collection":[{"href":"https:\/\/hellowp.io\/hu\/wp-json\/wp\/v2\/pages"}],"about":[{"href":"https:\/\/hellowp.io\/hu\/wp-json\/wp\/v2\/types\/page"}],"author":[{"embeddable":true,"href":"https:\/\/hellowp.io\/hu\/wp-json\/wp\/v2\/users\/8"}],"replies":[{"embeddable":true,"href":"https:\/\/hellowp.io\/hu\/wp-json\/wp\/v2\/comments?post=197"}],"version-history":[{"count":0,"href":"https:\/\/hellowp.io\/hu\/wp-json\/wp\/v2\/pages\/197\/revisions"}],"wp:attachment":[{"href":"https:\/\/hellowp.io\/hu\/wp-json\/wp\/v2\/media?parent=197"}],"curies":[{"name":"wp","href":"https:\/\/api.w.org\/{rel}","templated":true}]}}