{"id":1582,"date":"2019-02-02T05:13:43","date_gmt":"2019-02-02T05:13:43","guid":{"rendered":"https:\/\/hellowp2.hellodevs.dev\/?page_id=1582"},"modified":"2019-02-02T05:13:43","modified_gmt":"2019-02-02T05:13:43","slug":"velemenyek-rolunk","status":"publish","type":"page","link":"https:\/\/hellowp.io\/hu\/velemenyek-rolunk\/","title":{"rendered":"V\u00e9lem\u00e9nyek r\u00f3lunk"},"content":{"rendered":"","protected":false},"excerpt":{"rendered":"<p> [&#8230;]<\/p>\n<p><a class=\"btn btn-secondary understrap-read-more-link\" href=\"https:\/\/hellowp.io\/hu\/velemenyek-rolunk\/\">Read More&#8230;<span class=\"screen-reader-text\"> from V\u00e9lem\u00e9nyek r\u00f3lunk<\/span><\/a><\/p>\n","protected":false},"author":8,"featured_media":0,"parent":0,"menu_order":0,"comment_status":"closed","ping_status":"closed","template":"page-templates\/template-velemenyek.php","meta":{"_seopress_robots_primary_cat":"","_seopress_titles_title":"","_seopress_titles_desc":"\u00c9rdekel, hogy mit mondanak m\u00e1sok a HelloWP!-r\u0151l? N\u00e9zd \u00e1t az \u00f6sszes \u00e9rt\u00e9kel\u00e9st.","_seopress_robots_index":"","footnotes":""},"class_list":["post-1582","page","type-page","status-publish","hentry"],"_links":{"self":[{"href":"https:\/\/hellowp.io\/hu\/wp-json\/wp\/v2\/pages\/1582","targetHints":{"allow":["GET"]}}],"collection":[{"href":"https:\/\/hellowp.io\/hu\/wp-json\/wp\/v2\/pages"}],"about":[{"href":"https:\/\/hellowp.io\/hu\/wp-json\/wp\/v2\/types\/page"}],"author":[{"embeddable":true,"href":"https:\/\/hellowp.io\/hu\/wp-json\/wp\/v2\/users\/8"}],"replies":[{"embeddable":true,"href":"https:\/\/hellowp.io\/hu\/wp-json\/wp\/v2\/comments?post=1582"}],"version-history":[{"count":0,"href":"https:\/\/hellowp.io\/hu\/wp-json\/wp\/v2\/pages\/1582\/revisions"}],"wp:attachment":[{"href":"https:\/\/hellowp.io\/hu\/wp-json\/wp\/v2\/media?parent=1582"}],"curies":[{"name":"wp","href":"https:\/\/api.w.org\/{rel}","templated":true}]}}