{"id":132269,"date":"2022-03-08T19:48:30","date_gmt":"2022-03-08T18:48:30","guid":{"rendered":"https:\/\/hellowp2.hellodevs.dev\/?page_id=132269"},"modified":"2022-03-19T17:58:55","modified_gmt":"2022-03-19T16:58:55","slug":"termek-szolgaltatas-ajanlasa","status":"publish","type":"page","link":"https:\/\/hellowp.io\/hu\/termek-szolgaltatas-ajanlasa\/","title":{"rendered":"Term\u00e9k, szolg\u00e1ltat\u00e1s aj\u00e1nl\u00e1sa"},"content":{"rendered":"<section class=\"bg-light py-5 position-relative overflow-hidden\">\r\n\r\n\r\n    <div class=\"container position-relative\">\r\n        <div class=\"row g-4 align-items-center\">\r\n            <div class=\"col-md-6\">\r\n                <!-- Title -->\r\n                <h1>Van egy j\u00f3 \u00f6tleted?<\/h1>\r\n                <p>A HelloWP csapata folyamatosan azon dolgozik, hogy a te munk\u00e1d k\u00f6nnyebb, hat\u00e9konyabb \u00e9s sikeresebb legyen. Aj\u00e1nlani szeretn\u00e9l egy \u00faj term\u00e9ket vagy szolg\u00e1ltat\u00e1st, amivel seg\u00edthetn\u00e9nk a munk\u00e1dat \u00e9s esetleg m\u00e1soknak is hasznos lehet?\r\n                    <span class=\"underline underline-4 underline-orange\">S\u0151t, ezzel ak\u00e1r p\u00e9nzt is kereshetsz!<\/span>\r\n                <\/p>\r\n                <!-- Button -->\r\n                <a href=\"#submit-your-idea\" class=\"btn btn-primary mb-0\">Bek\u00fcld\u00f6m az \u00f6tletemet<\/a>\r\n            <\/div>\r\n\r\n            <div class=\"col-md-6 text-center\">\r\n                <!-- Image -->\r\n                <img decoding=\"async\" src=\"https:\/\/hellowp.io\/hu\/wp-content\/themes\/hellowp2\/assets\/images\/element\/04.svg\" class=\"h-300px h-xl-400px\" alt=\"\">\r\n            <\/div>\r\n        <\/div>\r\n    <\/div>\r\n<\/section>\r\n\r\n<section>\r\n    <div class=\"container\">\r\n        <!-- Title -->\r\n        <div class=\"row mb-4\">\r\n            <div class=\"col-sm-10 col-xl-6 text-center mx-auto\">\r\n                <h2>Hogyan m\u0171k\u00f6dik?<\/h2>\r\n                <p class=\"mb-0\">A HelloWP oldal\u00e1n a legt\u00f6bb term\u00e9k \u00fagy j\u00f6tt l\u00e9tre, hogy ti k\u00e9rt\u00e9tek, mi pedig lefejlesztett\u00fck, megszervezt\u00fck. N\u00e9zz\u00fck, hogy n\u00e9z ez ki a gyakorlatban:<\/p>\r\n            <\/div>\r\n        <\/div>\r\n\r\n        <!-- Work process -->\r\n        <div class=\"row g-4 g-md-5\">\r\n            <!-- Item -->\r\n            <div class=\"col-md-4 text-center\">\r\n                <img decoding=\"async\" src=\"https:\/\/hellowp.io\/hu\/wp-content\/themes\/hellowp2\/assets\/images\/element\/create-account.svg\" class=\"h-200px\" alt=\"\">\r\n                <h4 class=\"mt-3\">\u00d6tletel\u00e9s<\/h4>\r\n                <p class=\"mb-0\">Foglald \u00f6ssze p\u00e1r mondatban, hogy mi az \u00f6tleted. Mell\u00e9kelhetsz p\u00e9ld\u00e1kat is.\r\n                <\/p>\r\n            <\/div>\r\n\r\n            <!-- Item -->\r\n            <div class=\"col-md-4 text-center\">\r\n                <img decoding=\"async\" src=\"https:\/\/hellowp.io\/hu\/wp-content\/themes\/hellowp2\/assets\/images\/element\/add-course.svg\" class=\"h-200px\" alt=\"\">\r\n                <h4 class=\"mt-3\">Ellen\u0151rz\u00e9s, megval\u00f3s\u00edt\u00e1s<\/h4>\r\n                <p class=\"mb-0\">Amennyiben mi is tudunk azonosulni az \u00f6tleteddel \u00e9s elfogadjuk azt, akkor elkezd\u00fcnk dolgozni a megval\u00f3s\u00edt\u00e1son. \r\n                <\/p>\r\n            <\/div>\r\n\r\n            <!-- Item -->\r\n            <div class=\"col-md-4 text-center\">\r\n                <img decoding=\"async\" src=\"https:\/\/hellowp.io\/hu\/wp-content\/themes\/hellowp2\/assets\/images\/element\/earn-money.svg\" class=\"h-200px\" alt=\"\">\r\n                <h4 class=\"mt-3\">WIN - WIN<\/h4>\r\n                <p class=\"mb-0\">Minden elfogadott \u00e9s megval\u00f3s\u00edtott \u00f6tlet ut\u00e1n 10% adunk a term\u00e9k, vagy szolg\u00e1ltat\u00e1s nett\u00f3 forgalm\u00e1b\u00f3l. Ugye j\u00f3l hangzik?\r\n                <\/p>\r\n            <\/div>\r\n        <\/div>\r\n        <!-- Row END -->\r\n    <\/div>\r\n<\/section>\r\n\r\n<section id=\"contact-form\" class=\"position-relative overflow-hidden pt-0 pt-md-5\">\r\n\r\n\r\n\r\n    <div class=\"container\">\r\n        <div class=\"row g-4 g-sm-5 align-items-center\">\r\n\r\n\r\n            <!-- Contact form START -->\r\n            <div class=\"\">\r\n                <div class=\"card card-body shadow p-4 p-sm-5 position-relative\">\r\n                    <h2>Van egy j\u00f3 \u00f6tleted?<\/h2>\r\n                    <p>Itt bek\u00fcldheted az \u00f6tletedet a HelloWP csapatnak<\/p>\r\n                    <!-- SVG decoration -->\r\n                    <figure class=\"position-absolute top-0 start-100 mt-n5 ms-n7\">\r\n                        <svg enable-background=\"new 0 0 167 107\">\r\n                            <path class=\"fill-danger\"\r\n                                d=\"m87.1 1c-0.4 0.5-0.8 1-1.3 1.5l-3 2.7c-2.6 2.3-5.1 4.7-7.8 6.8-13.4 10.5-26.8 21-40.1 31.5l-25.8 20.4c-0.4 0.3-0.8 0.6-1.1 0.9-0.7 0.6-1.5 1-2.4 0.2-0.8-0.7-0.6-1.7-0.1-2.4 0.6-1 1.4-2 2.2-2.8 0.5-0.4 1-0.9 1.5-1.3 2.8-2.6 5.7-5.2 8.6-7.5 21.6-16.6 43.3-33.1 65.8-48.5 1.2-0.9 2.5-1.7 3.8-2.5 0 0 0.1 0.1 0.4 0.2-0.2 0.3-0.5 0.6-0.7 0.8zm78.9 20.9c-0.4 0.2-0.7 0.4-1.1 0.6-0.3 0.2-0.7 0.5-1.1 0.7-14.6 8.6-29 17.5-43.1 27-21.6 14.4-43 29.2-63.4 45.2-3.8 3-7.5 6-11.2 9-0.6 0.5-1.1 0.9-1.7 1.3-0.8 0.6-1.6 0.9-2.4 0.2s-0.6-1.7-0.1-2.4c0.6-1 1.3-2 2.2-2.8l0.1-0.1c2.5-2.3 5-4.6 7.7-6.6 30.4-23 61.6-44.5 94.9-63 3.8-2.1 7.7-4.1 11.6-6 1.9-1 3.9-2 5.8-3 0.5-0.2 1-0.4 1.4-0.6 0.2 0.1 0.3 0.3 0.4 0.5zm-66.1-13.4c0.7-0.5 1.3-1.1 1.9-1.7-0.1-0.1-0.2-0.2-0.5-0.3-0.7 0.5-1.4 1-2.1 1.6-0.7 0.5-1.4 1.1-2.1 1.6-4 2.9-8.1 5.8-12.1 8.7-19.3 13.8-38.6 27.7-57.8 41.8-5.4 3.9-10.5 8.1-15.6 12.3-2.1 1.7-4.2 3.5-6.3 5.2-1.5 1.2-2.8 2.6-4.1 4-0.5 0.5-1 1.1-1.2 1.8-0.1 0.5 0.1 1.2 0.4 1.5s1.1 0.4 1.5 0.2c0.8-0.4 1.5-0.9 2.2-1.5l7.2-6c4.2-3.6 8.5-7.1 12.8-10.5 10.6-8.2 21.3-16.4 31.9-24.5l23.4-18c6.9-5.4 13.7-10.8 20.5-16.2zm0.5 13.5c-1.1 1-2.2 2-3.4 2.9-3.3 2.6-6.7 5.2-10 7.8-11 8.5-22 17-32.9 25.6-6.4 5.1-12.8 10.3-19.1 15.4-3.5 2.8-7 5.7-10.5 8.5-0.8 0.7-1.6 1.4-2.5 1.9-0.5 0.3-1.6 0.3-1.9 0-0.4-0.4-0.5-1.4-0.2-1.9 0.4-0.8 1-1.6 1.7-2.3 0.7-0.6 1.4-1.3 2.1-1.9 1.7-1.6 3.4-3.2 5.2-4.7 20-15.8 40.2-31.3 61.3-45.6 2.3-1.6 4.7-3.1 7.1-4.6 0.5-0.3 1-0.7 1.5-1 0.4-0.2 0.8-0.4 1.2-0.7 0.1 0.1 0.1 0.2 0.2 0.3s0.2 0.2 0.2 0.3zm7 13.4 0.6-0.6c-0.3-0.2-0.4-0.3-0.4-0.3-1.5 1.1-3 2.2-4.5 3.2-16.7 11.1-32.8 23-48.7 35.1-4.7 3.5-9.3 7.1-13.9 10.7-0.9 0.7-1.7 1.5-2.4 2.3-0.6 0.7-0.9 1.6-0.2 2.4 0.7 0.9 1.6 0.8 2.4 0.3 1.1-0.6 2.2-1.3 3.2-2.1 1.8-1.4 3.5-2.8 5.2-4.3 1.7-1.4 3.5-2.8 5.2-4.3 12.1-9.5 24.3-19 36.5-28.4l15-12c0.6-0.4 1.3-1.2 2-2z\">\r\n                            <\/path>\r\n                        <\/svg>\r\n                    <\/figure>\r\n\r\n                    <span id=\"submit-your-idea\"><\/span>\r\n                    <!-- Form START -->\r\n                    <form action=\"https:\/\/hellowp.io\/hu\/wp-json\/ws-form\/v1\/submit\" class=\"wsf-form wsf-form-canvas\" id=\"ws-form-1\" data-id=\"10\" method=\"POST\" data-instance-id=\"1\"><\/form>\r\n                    <!-- Form END -->\r\n                <\/div>\r\n            <\/div>\r\n            <!-- Contact form END -->\r\n        <\/div>\r\n    <\/div>\r\n<\/section>\n","protected":false},"excerpt":{"rendered":"<p> [&#8230;]<\/p>\n<p><a class=\"btn btn-secondary understrap-read-more-link\" href=\"https:\/\/hellowp.io\/hu\/termek-szolgaltatas-ajanlasa\/\">Read More&#8230;<span class=\"screen-reader-text\"> from Term\u00e9k, szolg\u00e1ltat\u00e1s aj\u00e1nl\u00e1sa<\/span><\/a><\/p>\n","protected":false},"author":8,"featured_media":0,"parent":0,"menu_order":0,"comment_status":"closed","ping_status":"closed","template":"page-templates\/fullwidthpage.php","meta":{"_seopress_robots_primary_cat":"","_seopress_titles_title":"","_seopress_titles_desc":"","_seopress_robots_index":"","footnotes":""},"class_list":["post-132269","page","type-page","status-publish","hentry"],"_links":{"self":[{"href":"https:\/\/hellowp.io\/hu\/wp-json\/wp\/v2\/pages\/132269","targetHints":{"allow":["GET"]}}],"collection":[{"href":"https:\/\/hellowp.io\/hu\/wp-json\/wp\/v2\/pages"}],"about":[{"href":"https:\/\/hellowp.io\/hu\/wp-json\/wp\/v2\/types\/page"}],"author":[{"embeddable":true,"href":"https:\/\/hellowp.io\/hu\/wp-json\/wp\/v2\/users\/8"}],"replies":[{"embeddable":true,"href":"https:\/\/hellowp.io\/hu\/wp-json\/wp\/v2\/comments?post=132269"}],"version-history":[{"count":1,"href":"https:\/\/hellowp.io\/hu\/wp-json\/wp\/v2\/pages\/132269\/revisions"}],"predecessor-version":[{"id":149250,"href":"https:\/\/hellowp.io\/hu\/wp-json\/wp\/v2\/pages\/132269\/revisions\/149250"}],"wp:attachment":[{"href":"https:\/\/hellowp.io\/hu\/wp-json\/wp\/v2\/media?parent=132269"}],"curies":[{"name":"wp","href":"https:\/\/api.w.org\/{rel}","templated":true}]}}