{"id":131455,"date":"2022-01-08T18:11:47","date_gmt":"2022-01-08T17:11:47","guid":{"rendered":"https:\/\/hellowp2.hellodevs.dev\/?page_id=131455"},"modified":"2023-03-14T09:38:45","modified_gmt":"2023-03-14T08:38:45","slug":"regisztracio","status":"publish","type":"page","link":"https:\/\/hellowp.io\/hu\/regisztracio\/","title":{"rendered":"Regisztr\u00e1ci\u00f3"},"content":{"rendered":"<section class=\"p-0 d-flex align-items-center position-relative overflow-hidden\">\r\n\t\r\n\t\t<div class=\"container-fluid\">\r\n\t\t\t<div class=\"row\">\r\n\t\t\t\t<!-- left -->\r\n\t\t\t\t<div class=\"col-12 col-lg-6 d-none d-lg-flex align-items-center justify-content-center bg-primary bg-opacity-10 vh-lg-100\">\r\n\t\t\t\t\t<div class=\"p-3 p-lg-5\">\r\n\t\t\t\t\t\t<!-- Title -->\r\n\t\t\t\t\t\t<div class=\"text-center\">\r\n\t\t\t\t\t\t\t<h2 class=\"fw-bold\">\u00dcdv\u00f6z\u00f6l a HelloWP! K\u00f6z\u00f6ss\u00e9g<\/h2>\r\n\t\t\t\t\t\t\t<p class=\"mb-0 h6 fw-light\">Ide egym\u00e1st\u00f3l tanulni j\u00e1runk!<\/p>\r\n\t\t\t\t\t\t<\/div>\r\n\t\t\t\t\t\t<!-- SVG Image -->\r\n\t\t\t\t\t\t<img decoding=\"async\" src=\"https:\/\/hellowp.io\/hu\/wp-content\/themes\/hellowp2\/assets\/images\/element\/signup.svg\" class=\"mt-5\" alt=\"\">\r\n\t\t\t\t\t\t<!-- Info -->\r\n\t\t\t\t\t\t<div class=\"d-sm-flex mt-5 align-items-center justify-content-center\">\r\n\t\t\t\t\t\t\t\r\n<ul class=\"avatar-group mb-2 mb-sm-0\">\r\n            <li class=\"avatar avatar-sm\">\r\n                <img decoding=\"async\" src=\"https:\/\/secure.gravatar.com\/avatar\/1c8e1e9cd36860d6957691bc665f3ea9?s=50&amp;d=mm&amp;r=g\" class=\"avatar-img rounded-circle\">\r\n            <\/li>\r\n            <li class=\"avatar avatar-sm\">\r\n                <img decoding=\"async\" src=\"https:\/\/secure.gravatar.com\/avatar\/5bf2316d6fcf2bd35f471225bfba15e4?s=50&amp;d=mm&amp;r=g\" class=\"avatar-img rounded-circle\">\r\n            <\/li>\r\n            <li class=\"avatar avatar-sm\">\r\n                <img decoding=\"async\" src=\"https:\/\/secure.gravatar.com\/avatar\/cef791a064b6d3c35f9729f650c569fe?s=50&amp;d=mm&amp;r=g\" class=\"avatar-img rounded-circle\">\r\n            <\/li>\r\n            <li class=\"avatar avatar-sm\">\r\n                <img decoding=\"async\" src=\"https:\/\/secure.gravatar.com\/avatar\/81fb80e27aabfbaf5d79d475139ddc60?s=50&amp;d=mm&amp;r=g\" class=\"avatar-img rounded-circle\">\r\n            <\/li>\r\n            <li class=\"avatar avatar-sm\">\r\n                <img decoding=\"async\" src=\"https:\/\/secure.gravatar.com\/avatar\/6360bec8efb5cbf078d9af0cba358d38?s=50&amp;d=mm&amp;r=g\" class=\"avatar-img rounded-circle\">\r\n            <\/li>\r\n            <li class=\"avatar avatar-sm\">\r\n                <img decoding=\"async\" src=\"https:\/\/secure.gravatar.com\/avatar\/094989c1dea108e3e8219ec42afecbd4?s=50&amp;d=mm&amp;r=g\" class=\"avatar-img rounded-circle\">\r\n            <\/li>\r\n            <li class=\"avatar avatar-sm\">\r\n                <img decoding=\"async\" src=\"https:\/\/secure.gravatar.com\/avatar\/bea8f45cc8eeb8d27fff705bb37f88f0?s=50&amp;d=mm&amp;r=g\" class=\"avatar-img rounded-circle\">\r\n            <\/li>\r\n         \r\n        <\/ul>\r\n\t\t\t\t\t\t\t<!-- Content -->\r\n\t\t\t\t\t\t\t<p class=\"mb-0 h6 fw-light ms-0 ms-sm-3\">\u0150k m\u00e1r csatlakoztak, most rajtad a sor.<\/p>\r\n\t\t\t\t\t\t<\/div>\r\n\t\t\t\t\t<\/div>\r\n\t\t\t\t<\/div>\r\n\r\n\t\t\t\t<!-- Right -->\r\n\t\t\t\t<div class=\"col-12 col-lg-6 m-auto\">\r\n\t\t\t\t\t<div class=\"row my-5\">\r\n\t\t\t\t\t\t<div class=\"col-sm-10 col-xl-8 m-auto\">\r\n\t\t\t\t\t\t\t<!-- Title -->\r\n\t\t\t\t\t\t\t\r\n\t\t\t\t\t\t\t<h2>Hozz l\u00e9tre \u00faj fi\u00f3kot!<\/h2>\r\n\t\t\t\t\t\t\t<p class=\"lead mb-4\">\u00d6r\u00fcl\u00f6k, hogy l\u00e1tlak! K\u00e9rlek, itt regisztr\u00e1lj.<\/p>\r\n\t\t\t\t\t\t\r\n\t\t\t\t\t\t\t<!-- Form START -->\r\n\t\t\t\t\t\t\t\r\n<form action=\"https:\/\/hellowp.io\/hu\/wp-json\/ws-form\/v1\/submit\" class=\"wsf-form wsf-form-canvas\" id=\"ws-form-1\" data-id=\"20\" method=\"POST\" data-instance-id=\"1\"><\/form>\r\n\t\t\t\t\t\t\t<!-- Form END -->\r\n\r\n\t\t\t\t\t\t\t\r\n\t\t\t\t\t\t\t<div class=\"mt-4 text-center\">\r\n\t\t\t\t\t\t\t\t<span>M\u00e1r van fi\u00f3kod?<a href=\"https:\/\/hellowp.io\/hu\/belepes\/\"> Bel\u00e9p\u00e9s<\/a><\/span>\r\n\t\t\t\t\t\t\t<\/div>\r\n\t\t\t\t\t\t<\/div>\r\n\t\t\t\t\t<\/div>\r\n\t\t\t\t<\/div>\r\n\t\t\t<\/div>\r\n\t\t<\/div>\r\n\t<\/section>\r\n\r\n\r\n<style>\r\nheader,footer,.footer-duo{display:none;}\r\n<\/style>\n","protected":false},"excerpt":{"rendered":"<p> [&#8230;]<\/p>\n<p><a class=\"btn btn-secondary understrap-read-more-link\" href=\"https:\/\/hellowp.io\/hu\/regisztracio\/\">Read More&#8230;<span class=\"screen-reader-text\"> from Regisztr\u00e1ci\u00f3<\/span><\/a><\/p>\n","protected":false},"author":8,"featured_media":0,"parent":0,"menu_order":0,"comment_status":"closed","ping_status":"closed","template":"page-templates\/empty.php","meta":{"_seopress_robots_primary_cat":"","_seopress_titles_title":"","_seopress_titles_desc":"","_seopress_robots_index":"","footnotes":""},"class_list":["post-131455","page","type-page","status-publish","hentry"],"_links":{"self":[{"href":"https:\/\/hellowp.io\/hu\/wp-json\/wp\/v2\/pages\/131455","targetHints":{"allow":["GET"]}}],"collection":[{"href":"https:\/\/hellowp.io\/hu\/wp-json\/wp\/v2\/pages"}],"about":[{"href":"https:\/\/hellowp.io\/hu\/wp-json\/wp\/v2\/types\/page"}],"author":[{"embeddable":true,"href":"https:\/\/hellowp.io\/hu\/wp-json\/wp\/v2\/users\/8"}],"replies":[{"embeddable":true,"href":"https:\/\/hellowp.io\/hu\/wp-json\/wp\/v2\/comments?post=131455"}],"version-history":[{"count":2,"href":"https:\/\/hellowp.io\/hu\/wp-json\/wp\/v2\/pages\/131455\/revisions"}],"predecessor-version":[{"id":222266,"href":"https:\/\/hellowp.io\/hu\/wp-json\/wp\/v2\/pages\/131455\/revisions\/222266"}],"wp:attachment":[{"href":"https:\/\/hellowp.io\/hu\/wp-json\/wp\/v2\/media?parent=131455"}],"curies":[{"name":"wp","href":"https:\/\/api.w.org\/{rel}","templated":true}]}}