{"id":108,"date":"2018-12-09T14:18:21","date_gmt":"2018-12-09T14:18:21","guid":{"rendered":"https:\/\/hellowp2.hellodevs.dev\/?page_id=108"},"modified":"2018-12-09T14:18:21","modified_gmt":"2018-12-09T14:18:21","slug":"titoktartas","status":"publish","type":"page","link":"https:\/\/hellowp.io\/hu\/titoktartas\/","title":{"rendered":"Titoktart\u00e1si meg\u00e1llapod\u00e1s"},"content":{"rendered":"\n<p><i class=\"fas fa-shield-keyhole fa-3\"><\/i>Amely l\u00e9trej\u00f6tt egyr\u00e9szr\u0151l az&nbsp; <strong>TooEarlyBird, LLC <\/strong>(sz\u00e9khely: 30 N Gould St Ste N Sheridan, WY 82801 USA)- a tov\u00e1bbiakban: <strong>\u201eTitoktart\u00e1sra k\u00f6telezett\u201d,&nbsp;<\/strong>m\u00e1sr\u00e9szr\u0151l a regisztr\u00e1lt felhaszn\u00e1l\u00f3 k\u00f6z\u00f6tt (a regisztr\u00e1ci\u00f3 sor\u00e1n megadott szem\u00e9lyes adatokkal) &#8211; a tov\u00e1bbiakban: <strong>\u201ePartner\u201d.<\/strong><\/p>\n\n\n\n<p><strong>Titoktart\u00e1sra k\u00f6telezett<\/strong> \u00e9s <strong>Partner<\/strong> a tov\u00e1bbiakban egy\u00fcttesen \u201eFelek\/k\u00f6zl\u0151 felek\u201d, vagy b\u00e1rmelyik\u00fck k\u00fcl\u00f6n \u201ef\u00e9l\/k\u00f6zl\u0151 f\u00e9l\u201d &#8211; k\u00f6z\u00f6tt alul\u00edrott helyen \u00e9s id\u0151ben az al\u00e1bbi felt\u00e9telekkel.<\/p>\n\n\n\n<h2 class=\"wp-block-heading\"><strong>1.) \u00c1ltal\u00e1nos rendelkez\u00e9sek<\/strong><\/h2>\n\n\n\n<p>1.1.) Felek kijelentik, hogy egym\u00e1ssal \u00fczleti t\u00e1rgyal\u00e1sokat, egyeztet\u00e9seket (a tov\u00e1bbiakban: T\u00e1rgyal\u00e1sok) folytatnak, egy esetleges j\u00f6v\u0151beli egy\u00fcttm\u0171k\u00f6d\u00e9s c\u00e9lj\u00e1b\u00f3l, amelynek keret\u00e9ben \u00fczleti titoknak min\u0151s\u00fcl\u0151 bizalmas inform\u00e1ci\u00f3kat hoznak egym\u00e1s tudom\u00e1s\u00e1ra.<\/p>\n\n\n\n<p>1.2.) Felek kijelentik, \u00e9s k\u00f6telezetts\u00e9get v\u00e1llalnak arra, hogy teljes egy\u00fcttm\u0171k\u00f6d\u00e9s\u00fck sor\u00e1n a m\u00e1sik f\u00e9llel, valamint annak tev\u00e9kenys\u00e9g\u00e9vel kapcsolatban tudom\u00e1sukra jutott \u00e9s rendelkez\u00e9s\u00fckre bocs\u00e1tott valamennyi t\u00e9nyt, k\u00f6r\u00fclm\u00e9nyt, adatot, inform\u00e1ci\u00f3t, szigor\u00faan bizalmasan, \u00fczleti titokk\u00e9nt kezelnek, senkinek semmilyen k\u00f6r\u00fclm\u00e9nyek k\u00f6z\u00f6tt azokr\u00f3l nem besz\u00e9lnek, tov\u00e1bb\u00e1 semmilyen m\u00e9diumon kereszt\u00fcl nem teszik k\u00f6zz\u00e9. <\/p>\n\n\n\n<p>1.3.) Felek tudom\u00e1s\u00e1ra szolg\u00e1l, hogy a hat\u00e1lyos jogi szab\u00e1lyoz\u00e1s \u00e9rtelm\u00e9ben \u00fczleti titok a gazdas\u00e1gi tev\u00e9kenys\u00e9ghez kapcsol\u00f3d\u00f3 minden nem k\u00f6zismert vagy nem k\u00f6nnyen hozz\u00e1f\u00e9rhet\u0151 olyan t\u00e9ny, t\u00e1j\u00e9koztat\u00e1s, egy\u00e9b adat \u00e9s az azokb\u00f3l k\u00e9sz\u00fclt \u00f6ssze\u00e1ll\u00edt\u00e1s, amelynek illet\u00e9ktelenek \u00e1ltal t\u00f6rt\u00e9n\u0151 megszerz\u00e9se, hasznos\u00edt\u00e1sa, m\u00e1sokkal val\u00f3 k\u00f6zl\u00e9se vagy nyilv\u00e1noss\u00e1gra hozatala a jogosult jogos p\u00e9nz\u00fcgyi, gazdas\u00e1gi vagy piaci \u00e9rdek\u00e9t s\u00e9rten\u00e9 vagy vesz\u00e9lyeztetn\u00e9, felt\u00e9ve, hogy a titok meg\u0151rz\u00e9s\u00e9vel kapcsolatban a vele jogszer\u0171en rendelkez\u0151 jogosultat felr\u00f3hat\u00f3s\u00e1g nem terheli. <\/p>\n\n\n\n<p>1.4.) Bizalmas inform\u00e1ci\u00f3 az, amely a k\u00f6zl\u0151 felet lesz\u00e1m\u00edtva nem ismert sz\u00e9les k\u00f6rben; valamint mindazon inform\u00e1ci\u00f3, terv, adat, t\u00e9ny, megold\u00e1s fejleszt\u00e9s, folyamat, elj\u00e1r\u00e1s, know-how, fejleszt\u00e9si terv vagy egy\u00e9b anyag, k\u00fcl\u00f6n\u00f6sen b\u00e1rmely \u00fczleti, kereskedelmi vagy technikai inform\u00e1ci\u00f3 vagy adat, amit az egyik F\u00e9l hoz a m\u00e1sik F\u00e9l tudom\u00e1s\u00e1ra, \u00e9s amelyet a k\u00f6zl\u0151 F\u00e9l Bizalmas Inform\u00e1ci\u00f3k\u00e9nt jel\u00f6lt meg. <\/p>\n\n\n\n<p>1.5.) Nem tekintend\u0151 Bizalmas Inform\u00e1ci\u00f3nak az olyan inform\u00e1ci\u00f3 \u00e9s anyag, amely <br><\/p>\n\n\n\n<p>Nem tekintend\u0151 Bizalmas Inform\u00e1ci\u00f3nak az olyan inform\u00e1ci\u00f3 \u00e9s anyag, amely <\/p>\n\n\n\n<ul class=\"wp-block-list\"><li>a k\u00f6zl\u0151 f\u00e9l \u00e9s az \u00e1ltala felhatalmazottakon k\u00edv\u00fcl sz\u00e9les k\u00f6rben ismertt\u00e9 v\u00e1lik (kiv\u00e9ve, ha ez a jelen Meg\u00e1llapod\u00e1s megszeg\u00e9s\u00e9vel t\u00f6rt\u00e9nik),<\/li><li> amelyet a k\u00f6zl\u0151 f\u00e9l inform\u00e1ci\u00f3j\u00e1t\u00f3l \u00e9s anyagait\u00f3l f\u00fcggetlen\u00fcl a m\u00e1sik f\u00e9l jogszer\u0171en saj\u00e1t maga fejleszt ki,<\/li><li> b\u00e1rmelyik f\u00e9l olyan harmadik szem\u00e9lyt\u0151l szerez jogszer\u0171en, aki maga is jogszer\u0171en szerezte azt,<\/li><li> melyet k\u00e9s\u0151bb a k\u00f6zl\u0151 f\u00e9l nyilv\u00e1noss\u00e1gra vagy a nagyk\u00f6z\u00f6ns\u00e9g tudom\u00e1s\u00e1ra hoz,<\/li><li> amely k\u00f6ztudom\u00e1s\u00fa.<\/li><\/ul>\n\n\n\n<h2 class=\"wp-block-heading\" id=\"mce_9\"><strong>2.) Titoktart\u00e1sra k\u00f6telezett k\u00f6telezetts\u00e9gv\u00e1llal\u00e1sa<\/strong><\/h2>\n\n\n\n<p>2.1.) Titoktart\u00e1sra k\u00f6telezett kijelenti, \u00e9s tudom\u00e1sul veszi, hogy Partner tev\u00e9kenys\u00e9g\u00e9nek sikere szigor\u00fa titoktart\u00e1st ig\u00e9nyel. Titoktart\u00e1sra k\u00f6telezett kijelenti, hogy tudom\u00e1sa van arr\u00f3l, hogy az \u00fczleti \u00e9s bizalmas inform\u00e1ci\u00f3k a jelen titoktart\u00e1si k\u00f6telezetts\u00e9g r\u00e9sz\u00e9t k\u00e9pezik, mivel azoknak titokban tart\u00e1s\u00e1hoz Partnernek gazdas\u00e1gi \u00e9s piaci \u00e9rdeke f\u0171z\u0151dik, \u00e9s nyilv\u00e1noss\u00e1gra ker\u00fcl\u00e9s\u00fck s\u00falyosan vesz\u00e9lyeztetn\u00e9 mindk\u00e9t f\u00e9l piaci sikereit. <\/p>\n\n\n\n<p>2.2.) Titoktart\u00e1sra k\u00f6telezett kijelenti, \u00e9s k\u00f6telezetts\u00e9get v\u00e1llal arra, hogy sem k\u00f6zvetve, sem k\u00f6zvetlen\u00fcl nem publik\u00e1lja, nem publik\u00e1ltatja, semmilyen m\u00f3don nem teszi k\u00f6zz\u00e9, nem bocs\u00e1tja a nyilv\u00e1noss\u00e1g vagy harmadik szem\u00e9ly rendelkez\u00e9s\u00e9re, tov\u00e1bb\u00e1 harmadik szem\u00e9ly r\u00e9sz\u00e9re hozz\u00e1f\u00e9rhet\u0151v\u00e9 nem teszi a r\u00e9sz\u00e9re \u00e1tadott egyetlen dokumentumot sem, azokr\u00f3l fot\u00f3kat, felv\u00e9teleket nem k\u00e9sz\u00edt.<\/p>\n\n\n\n<p>2.3.) Titoktart\u00e1sra k\u00f6telezett tudom\u00e1sul veszi, hogy a titoktart\u00e1si k\u00f6telezetts\u00e9g al\u00e1 es\u0151 inform\u00e1ci\u00f3knak Partner \u00e9rdekk\u00f6r\u00e9n k\u00edv\u00fcl elj\u00e1r\u00f3, b\u00e1rmely harmadik szem\u00e9llyel val\u00f3 \u2013 ak\u00e1r csak sz\u00f3beli, vagy interneten kereszt\u00fcl t\u00f6rt\u00e9n\u0151 \u2013 k\u00f6zl\u00e9se, illetve Partner \u00e9rdekk\u00f6r\u00e9n k\u00edv\u00fcl elj\u00e1r\u00f3 harmadik szem\u00e9ly r\u00e9sz\u00e9re b\u00e1rmely m\u00f3don t\u00f6rt\u00e9n\u0151 hozz\u00e1f\u00e9rhet\u0151v\u00e9 t\u00e9tele is a titoktart\u00e1si k\u00f6telezetts\u00e9g megszeg\u00e9s\u00e9nek min\u0151s\u00fcl.<\/p>\n\n\n\n<p>2.4.) E titoktart\u00e1si k\u00f6telezetts\u00e9g nem terjed ki Titoktart\u00e1sra k\u00f6telezett \u00e9s a vele munka-, v\u00e1llalkoz\u00f3i \u00e9s\/vagy munkav\u00e9gz\u00e9sre ir\u00e1nyul\u00f3 egy\u00e9b vagy tags\u00e1gi viszonyban \u00e1ll\u00f3 mag\u00e1nszem\u00e9lyek k\u00f6z\u00f6tti kommunik\u00e1ci\u00f3ra. Titoktart\u00e1sra k\u00f6telezett ugyanakkor k\u00f6telezi mag\u00e1t arra, hogy az el\u0151bb eml\u00edtett szem\u00e9lyekkel olyan szerz\u0151d\u00e9st k\u00f6t, amely k\u00f6telezi e szem\u00e9lyeket az \u00fczleti titok megtart\u00e1s\u00e1ra a munka- \u00e9s munkav\u00e9gz\u00e9sre ir\u00e1nyul\u00f3 egy\u00e9b vagy tags\u00e1gi viszony megsz\u0171n\u00e9s\u00e9t k\u00f6vet\u0151en is.<\/p>\n\n\n\n<p>2.5.) Felek meg\u00e1llapodnak, hogy a jelen meg\u00e1llapod\u00e1sban foglalt k\u00f6telezetts\u00e9gek id\u0151beli korl\u00e1toz\u00e1s n\u00e9lk\u00fcl \u00e9rv\u00e9nyesek \u00e9s k\u00f6teleznek.<\/p>\n\n\n\n<p>M\u00f3dos\u00edtva: 2022-03-01<\/p>\n","protected":false},"excerpt":{"rendered":"<p>Amely l\u00e9trej\u00f6tt egyr\u00e9szr\u0151l az&nbsp; TooEarlyBird, LLC (sz\u00e9khely: 30 N Gould St Ste N Sheridan, WY 82801 USA)- a tov\u00e1bbiakban: \u201eTitoktart\u00e1sra k\u00f6telezett\u201d,&nbsp;m\u00e1sr\u00e9szr\u0151l a regisztr\u00e1lt felhaszn\u00e1l\u00f3 k\u00f6z\u00f6tt (a regisztr\u00e1ci\u00f3 sor\u00e1n megadott szem\u00e9lyes adatokkal) &#8211; a tov\u00e1bbiakban: \u201ePartner\u201d. Titoktart\u00e1sra k\u00f6telezett \u00e9s Partner a tov\u00e1bbiakban egy\u00fcttesen \u201eFelek\/k\u00f6zl\u0151 felek\u201d, vagy b\u00e1rmelyik\u00fck k\u00fcl\u00f6n \u201ef\u00e9l\/k\u00f6zl\u0151 f\u00e9l\u201d &#8211; k\u00f6z\u00f6tt alul\u00edrott helyen \u00e9s id\u0151ben [&#8230;]<\/p>\n<p><a class=\"btn btn-secondary understrap-read-more-link\" href=\"https:\/\/hellowp.io\/hu\/titoktartas\/\">Read More&#8230;<span class=\"screen-reader-text\"> from Titoktart\u00e1si meg\u00e1llapod\u00e1s<\/span><\/a><\/p>\n","protected":false},"author":8,"featured_media":0,"parent":0,"menu_order":0,"comment_status":"closed","ping_status":"closed","template":"","meta":{"_seopress_robots_primary_cat":"","_seopress_titles_title":"","_seopress_titles_desc":"Titoktart\u00e1s, minden \u00e1ron! Ez az egyik alappill\u00e9re a HelloWP-nek!","_seopress_robots_index":"","footnotes":""},"class_list":["post-108","page","type-page","status-publish","hentry"],"_links":{"self":[{"href":"https:\/\/hellowp.io\/hu\/wp-json\/wp\/v2\/pages\/108","targetHints":{"allow":["GET"]}}],"collection":[{"href":"https:\/\/hellowp.io\/hu\/wp-json\/wp\/v2\/pages"}],"about":[{"href":"https:\/\/hellowp.io\/hu\/wp-json\/wp\/v2\/types\/page"}],"author":[{"embeddable":true,"href":"https:\/\/hellowp.io\/hu\/wp-json\/wp\/v2\/users\/8"}],"replies":[{"embeddable":true,"href":"https:\/\/hellowp.io\/hu\/wp-json\/wp\/v2\/comments?post=108"}],"version-history":[{"count":0,"href":"https:\/\/hellowp.io\/hu\/wp-json\/wp\/v2\/pages\/108\/revisions"}],"wp:attachment":[{"href":"https:\/\/hellowp.io\/hu\/wp-json\/wp\/v2\/media?parent=108"}],"curies":[{"name":"wp","href":"https:\/\/api.w.org\/{rel}","templated":true}]}}