{"id":1027,"date":"2019-01-29T07:12:01","date_gmt":"2019-01-29T07:12:01","guid":{"rendered":"https:\/\/hellowp2.hellodevs.dev\/?page_id=1027"},"modified":"2019-01-29T07:12:01","modified_gmt":"2019-01-29T07:12:01","slug":"hibajelentes","status":"publish","type":"page","link":"https:\/\/hellowp.io\/hu\/hibajelentes\/","title":{"rendered":"Hibajelent\u00e9s"},"content":{"rendered":"<div class=\"tab-content mb-4 mt-4\">\n<div id=\"tab-1\" class=\"tab-pane show active\">\n<div class=\"card shadow\">\n<div class=\"card-header border-bottom\">\n\t\t\t\t\t\t<h4 class=\"mb-0\">Hib\u00e1t tal\u00e1lt\u00e1l az oldalon? <\/h4> K\u00f6sz\u00f6nj\u00fck sz\u00e9pen, ha megosztod vel\u00fcnk!\n\t\t\t\t\t<\/div>\n<div class=\"card-body\">\n\n\n<form action=\"https:\/\/hellowp.io\/hu\/wp-json\/ws-form\/v1\/submit\" class=\"wsf-form wsf-form-canvas\" id=\"ws-form-1\" data-id=\"10\" method=\"POST\" data-instance-id=\"1\"><\/form>\n\n<\/div>\n<!-- Card body END -->\n<\/div>\n<\/div>\n<!-- Personal Information content END -->\n\n<\/div>\n","protected":false},"excerpt":{"rendered":"<p> [&#8230;]<\/p>\n<p><a class=\"btn btn-secondary understrap-read-more-link\" href=\"https:\/\/hellowp.io\/hu\/hibajelentes\/\">Read More&#8230;<span class=\"screen-reader-text\"> from Hibajelent\u00e9s<\/span><\/a><\/p>\n","protected":false},"author":8,"featured_media":0,"parent":0,"menu_order":0,"comment_status":"closed","ping_status":"closed","template":"page-templates\/full-page-title.php","meta":{"_seopress_robots_primary_cat":"","_seopress_titles_title":"","_seopress_titles_desc":"","_seopress_robots_index":"","footnotes":""},"class_list":["post-1027","page","type-page","status-publish","hentry"],"_links":{"self":[{"href":"https:\/\/hellowp.io\/hu\/wp-json\/wp\/v2\/pages\/1027","targetHints":{"allow":["GET"]}}],"collection":[{"href":"https:\/\/hellowp.io\/hu\/wp-json\/wp\/v2\/pages"}],"about":[{"href":"https:\/\/hellowp.io\/hu\/wp-json\/wp\/v2\/types\/page"}],"author":[{"embeddable":true,"href":"https:\/\/hellowp.io\/hu\/wp-json\/wp\/v2\/users\/8"}],"replies":[{"embeddable":true,"href":"https:\/\/hellowp.io\/hu\/wp-json\/wp\/v2\/comments?post=1027"}],"version-history":[{"count":0,"href":"https:\/\/hellowp.io\/hu\/wp-json\/wp\/v2\/pages\/1027\/revisions"}],"wp:attachment":[{"href":"https:\/\/hellowp.io\/hu\/wp-json\/wp\/v2\/media?parent=1027"}],"curies":[{"name":"wp","href":"https:\/\/api.w.org\/{rel}","templated":true}]}}